{"id":25269,"date":"2024-12-20T11:29:03","date_gmt":"2024-12-20T11:29:03","guid":{"rendered":"https:\/\/nazo.agensium.com\/?page_id=25269"},"modified":"2025-02-14T15:32:25","modified_gmt":"2025-02-14T15:32:25","slug":"nazomarin-izotonic-09-120-ml-2","status":"publish","type":"page","link":"https:\/\/nazomarin.md\/ru\/nazomarin-izotonic-09-120-ml-2\/","title":{"rendered":"Nazomarin\u00ae \u0418\u0437\u043e\u0442\u043e\u043d\u0438\u043a 0,9%, 120 \u043c\u043b"},"content":{"rendered":"<div data-elementor-type=\"wp-page\" data-elementor-id=\"25269\" class=\"elementor elementor-25269\">\n\t\t\t\t<div class=\"elementor-element elementor-element-7cbe05f6 e-con-full e-flex e-con e-parent\" data-id=\"7cbe05f6\" data-element_type=\"container\" data-settings=\"{&quot;background_background&quot;:&quot;classic&quot;}\">\n\t\t<div class=\"elementor-element elementor-element-8ed0ef1 e-con-full e-flex e-con e-child\" data-id=\"8ed0ef1\" data-element_type=\"container\">\n\t\t\t\t<div class=\"elementor-element elementor-element-6e642eef elementor-widget elementor-widget-image\" data-id=\"6e642eef\" data-element_type=\"widget\" data-widget_type=\"image.default\">\n\t\t\t\t<div class=\"elementor-widget-container\">\n\t\t\t\t\t\t\t\t\t\t\t\t\t\t\t<img fetchpriority=\"high\" decoding=\"async\" width=\"456\" height=\"711\" src=\"https:\/\/nazomarin.md\/wp-content\/uploads\/2024\/12\/Picture3.png\" class=\"attachment-large size-large wp-image-25210\" alt=\"\" srcset=\"https:\/\/nazomarin.md\/wp-content\/uploads\/2024\/12\/Picture3.png 456w, https:\/\/nazomarin.md\/wp-content\/uploads\/2024\/12\/Picture3-192x300.png 192w, https:\/\/nazomarin.md\/wp-content\/uploads\/2024\/12\/Picture3-430x670.png 430w, https:\/\/nazomarin.md\/wp-content\/uploads\/2024\/12\/Picture3-150x234.png 150w\" sizes=\"(max-width: 456px) 100vw, 456px\" \/>\t\t\t\t\t\t\t\t\t\t\t\t\t\t\t<\/div>\n\t\t\t\t<\/div>\n\t\t<div class=\"elementor-element elementor-element-440bcda5 e-con-full e-flex e-con e-child\" data-id=\"440bcda5\" data-element_type=\"container\">\n\t\t\t\t<div class=\"elementor-element elementor-element-5e8150ed elementor-absolute elementor-widget elementor-widget-image\" data-id=\"5e8150ed\" data-element_type=\"widget\" data-settings=\"{&quot;_position&quot;:&quot;absolute&quot;}\" data-widget_type=\"image.default\">\n\t\t\t\t<div class=\"elementor-widget-container\">\n\t\t\t\t\t\t\t\t\t\t\t\t\t\t\t<img decoding=\"async\" width=\"150\" height=\"150\" src=\"https:\/\/nazomarin.md\/wp-content\/uploads\/2025\/02\/Untitled-7.png\" class=\"attachment-thumbnail size-thumbnail wp-image-25870\" alt=\"\" srcset=\"https:\/\/nazomarin.md\/wp-content\/uploads\/2025\/02\/Untitled-7.png 150w, https:\/\/nazomarin.md\/wp-content\/uploads\/2025\/02\/Untitled-7-12x12.png 12w\" sizes=\"(max-width: 150px) 100vw, 150px\" \/>\t\t\t\t\t\t\t\t\t\t\t\t\t\t\t<\/div>\n\t\t\t\t<\/div>\n\t\t\t\t<div class=\"elementor-element elementor-element-39aeeb73 elementor-widget elementor-widget-image\" data-id=\"39aeeb73\" data-element_type=\"widget\" data-widget_type=\"image.default\">\n\t\t\t\t<div class=\"elementor-widget-container\">\n\t\t\t\t\t\t\t\t\t\t\t\t\t\t\t<img decoding=\"async\" width=\"150\" height=\"150\" src=\"https:\/\/nazomarin.md\/wp-content\/uploads\/2025\/02\/Untitled-1-1.png\" class=\"attachment-thumbnail size-thumbnail wp-image-25872\" alt=\"\" srcset=\"https:\/\/nazomarin.md\/wp-content\/uploads\/2025\/02\/Untitled-1-1.png 150w, https:\/\/nazomarin.md\/wp-content\/uploads\/2025\/02\/Untitled-1-1-12x12.png 12w\" sizes=\"(max-width: 150px) 100vw, 150px\" \/>\t\t\t\t\t\t\t\t\t\t\t\t\t\t\t<\/div>\n\t\t\t\t<\/div>\n\t\t\t\t<div class=\"elementor-element elementor-element-2de65258 elementor-widget elementor-widget-image\" data-id=\"2de65258\" data-element_type=\"widget\" data-widget_type=\"image.default\">\n\t\t\t\t<div class=\"elementor-widget-container\">\n\t\t\t\t\t\t\t\t\t\t\t\t\t\t\t<img loading=\"lazy\" decoding=\"async\" width=\"150\" height=\"150\" src=\"https:\/\/nazomarin.md\/wp-content\/uploads\/2025\/02\/Untitled-2-1.png\" class=\"attachment-thumbnail size-thumbnail wp-image-25868\" alt=\"\" srcset=\"https:\/\/nazomarin.md\/wp-content\/uploads\/2025\/02\/Untitled-2-1.png 150w, https:\/\/nazomarin.md\/wp-content\/uploads\/2025\/02\/Untitled-2-1-12x12.png 12w\" sizes=\"(max-width: 150px) 100vw, 150px\" \/>\t\t\t\t\t\t\t\t\t\t\t\t\t\t\t<\/div>\n\t\t\t\t<\/div>\n\t\t\t\t<div class=\"elementor-element elementor-element-4e00d547 elementor-widget elementor-widget-image\" data-id=\"4e00d547\" data-element_type=\"widget\" data-widget_type=\"image.default\">\n\t\t\t\t<div class=\"elementor-widget-container\">\n\t\t\t\t\t\t\t\t\t\t\t\t\t\t\t<img loading=\"lazy\" decoding=\"async\" width=\"150\" height=\"150\" src=\"https:\/\/nazomarin.md\/wp-content\/uploads\/2025\/02\/Untitled-4-2.png\" class=\"attachment-thumbnail size-thumbnail wp-image-25873\" alt=\"\" srcset=\"https:\/\/nazomarin.md\/wp-content\/uploads\/2025\/02\/Untitled-4-2.png 150w, https:\/\/nazomarin.md\/wp-content\/uploads\/2025\/02\/Untitled-4-2-12x12.png 12w\" sizes=\"(max-width: 150px) 100vw, 150px\" \/>\t\t\t\t\t\t\t\t\t\t\t\t\t\t\t<\/div>\n\t\t\t\t<\/div>\n\t\t\t\t<div class=\"elementor-element elementor-element-c3c84b5 elementor-widget elementor-widget-image\" data-id=\"c3c84b5\" data-element_type=\"widget\" data-widget_type=\"image.default\">\n\t\t\t\t<div class=\"elementor-widget-container\">\n\t\t\t\t\t\t\t\t\t\t\t\t\t\t\t<img loading=\"lazy\" decoding=\"async\" width=\"150\" height=\"150\" src=\"https:\/\/nazomarin.md\/wp-content\/uploads\/2025\/01\/1-1-150x150.png\" class=\"attachment-thumbnail size-thumbnail wp-image-25871\" alt=\"\" srcset=\"https:\/\/nazomarin.md\/wp-content\/uploads\/2025\/01\/1-1-150x150.png 150w, https:\/\/nazomarin.md\/wp-content\/uploads\/2025\/01\/1-1.png 200w\" sizes=\"(max-width: 150px) 100vw, 150px\" \/>\t\t\t\t\t\t\t\t\t\t\t\t\t\t\t<\/div>\n\t\t\t\t<\/div>\n\t\t\t\t<\/div>\n\t\t\t\t<\/div>\n\t\t<div class=\"elementor-element elementor-element-755b333c e-con-full e-flex e-con e-child\" data-id=\"755b333c\" data-element_type=\"container\" data-settings=\"{&quot;background_background&quot;:&quot;classic&quot;}\">\n\t\t\t\t<div class=\"elementor-element elementor-element-f77b09b elementor-widget elementor-widget-heading\" data-id=\"f77b09b\" data-element_type=\"widget\" data-widget_type=\"heading.default\">\n\t\t\t\t<div class=\"elementor-widget-container\">\n\t\t\t\t\t<h2 class=\"elementor-heading-title elementor-size-default\">\u041d\u0430\u0437\u043e\u043c\u0430\u0440\u0438\u043d\u00ae \u0418\u0437\u043e\u0442\u043e\u043d\u0438\u043a 0.9%, 120 \u043c\u043b<\/h2>\t\t\t\t<\/div>\n\t\t\t\t<\/div>\n\t\t\t\t<div class=\"elementor-element elementor-element-7d7f9ea6 elementor-widget elementor-widget-wd_text_block\" data-id=\"7d7f9ea6\" data-element_type=\"widget\" data-widget_type=\"wd_text_block.default\">\n\t\t\t\t<div class=\"elementor-widget-container\">\n\t\t\t\t\t\t\t\t<link rel=\"stylesheet\" id=\"wd-text-block-css\" href=\"https:\/\/nazomarin.md\/wp-content\/themes\/woodmart\/css\/parts\/el-text-block.min.css?ver=7.6.0\" type=\"text\/css\" media=\"all\" \/> \t\t\t\t\t<div class=\"wd-text-block reset-last-child text-left\">\n\t\t\t\n\t\t\t<p><b>\u041d\u0430\u0437\u043e\u043c\u0430\u0440\u0438\u043d\u00ae \u0418\u0437\u043e\u0442\u043e\u043d\u0438\u043a\u00a0<\/b>\u0431\u0435\u0440\u0435\u0436\u043d\u043e \u043e\u0447\u0438\u0449\u0430\u0435\u0442 \u043d\u043e\u0441\u0438\u043a \u0432\u0430\u0448\u0435\u0433\u043e \u043c\u0430\u043b\u044b\u0448\u0430 \u043a\u0430\u0436\u0434\u044b\u0439 \u0434\u0435\u043d\u044c \u0431\u043b\u0430\u0433\u043e\u0434\u0430\u0440\u044f\u00a0\u00a0<b><i>\u00ab\u0441\u043f\u0440\u0435\u044e\u00bb \u0441 \u043c\u0438\u043a\u0440\u043e\u0434\u0438\u0444\u0444\u0443\u0437\u0438\u0435\u0439<\/i><\/b><b><i>\u00a0\u043c\u044f\u0433\u043a\u0430\u044f.<\/i><\/b>\u00a0\u0423\u0434\u0430\u043b\u044f\u044f \u0438\u0437\u0431\u044b\u0442\u043e\u043a \u0441\u043b\u0438\u0437\u0438,\u00a0<b>\u041d\u0430\u0437\u043e\u043c\u0430\u0440\u0438\u043d\u00ae \u0418\u0437\u043e\u0442\u043e\u043d\u0438\u043a\u00a0<\/b>\u043f\u043e\u043c\u043e\u0433\u0430\u0435\u0442\u00a0<b>\u0432\u043e\u0441\u0441\u0442\u0430\u043d\u043e\u0432\u0438\u0442\u044c \u0434\u044b\u0445\u0430\u043d\u0438\u0435<\/b><b>\u00a0\u0444\u0438\u0437\u0438\u043e\u043b\u043e\u0433\u0438\u0447\u0435\u0441\u043a\u043e\u0435<\/b><b>,\u00a0<\/b><b>\u043a\u043e\u043c\u0444\u043e\u0440\u0442\u0443\u00a0<\/b><b>\u0438 \u0431\u043b\u0430\u0433\u043e\u043f\u043e\u043b<\/b><b>\u0443<\/b><b>\u0447<\/b><b>\u044e<\/b><b>\u00a0\u0432\u043e \u0432\u0440\u0435\u043c\u044f \u0441\u043d\u0430\u00a0<\/b><b>\u043d\u043e\u00a0<\/b><b>\u0438\u00a0<\/b><b>\u043a\u043e\u0440\u043c\u043b\u0435\u043d\u0438\u044f \u0433\u0440\u0443\u0434\u044c\u044e<\/b><\/p>\n\t\t\t\t\t<\/div>\n\t\t\t\t\t\t<\/div>\n\t\t\t\t<\/div>\n\t\t\t\t<div class=\"elementor-element elementor-element-693e1771 elementor-widget elementor-widget-wd_text_block\" data-id=\"693e1771\" data-element_type=\"widget\" data-widget_type=\"wd_text_block.default\">\n\t\t\t\t<div class=\"elementor-widget-container\">\n\t\t\t\t\t\t\t<div class=\"wd-text-block reset-last-child text-left\">\n\t\t\t\n\t\t\t<p><b>\u0427\u0442\u043e \u0434\u0435\u043b\u0430\u0435\u0442<\/b><b>?<\/b><b>:<\/b><\/p><ul><li style=\"list-style-type: none;\"><ul><li>\u041f\u043e\u0434\u0445\u043e\u0434\u0438\u0442 \u0434\u043b\u044f \u0435\u0436\u0435\u0434\u043d\u0435\u0432\u043d\u043e\u0439 \u0433\u0438\u0433\u0438\u0435\u043d\u044b \u043d\u043e\u0441\u0430<\/li><li>\u0423\u0434\u0430\u043b\u044f\u0435\u0442 \u0438\u0437\u0431\u044b\u0442\u043e\u043a \u0441\u043b\u0438\u0437\u0438, \u0430\u043b\u043b\u0435\u0440\u0433\u0435\u043d\u044b \u0438 \u0438\u043d\u0444\u0435\u043a\u0446\u0438\u043e\u043d\u043d\u044b\u0435 \u0430\u0433\u0435\u043d\u0442\u044b<\/li><li>\u0423\u0432\u043b\u0430\u0436\u043d\u044f\u0435\u0442 \u0441\u0443\u0445\u0443\u044e \u0441\u043b\u0438\u0437\u0438\u0441\u0442\u0443\u044e \u043d\u043e\u0441\u0430<\/li><li>\u041e\u043f\u0442\u0438\u043c\u0438\u0437\u0438\u0440\u0443\u0435\u0442 \u0434\u0435\u0439\u0441\u0442\u0432\u0438\u0435 \u0434\u0440\u0443\u0433\u0438\u0445 \u043b\u0435\u043a\u0430\u0440\u0441\u0442\u0432<\/li><li>\u0421\u043d\u0438\u0436\u0430\u0435\u0442 \u0440\u0438\u0441\u043a \u041b\u041e\u0420-\u043e\u0441\u043b\u043e\u0436\u043d\u0435\u043d\u0438\u0439<\/li><\/ul><\/li><\/ul>\n\t\t\t\t\t<\/div>\n\t\t\t\t\t\t<\/div>\n\t\t\t\t<\/div>\n\t\t\t\t<div class=\"elementor-element elementor-element-4052e3f8 elementor-widget elementor-widget-wd_text_block\" data-id=\"4052e3f8\" data-element_type=\"widget\" data-widget_type=\"wd_text_block.default\">\n\t\t\t\t<div class=\"elementor-widget-container\">\n\t\t\t\t\t\t\t<div class=\"wd-text-block reset-last-child text-left\">\n\t\t\t\n\t\t\t<b>\u0421\u043f\u043e\u0441\u043e\u0431 \u043f\u0440\u0438\u043c\u0435\u043d\u0435\u043d\u0438\u044f:<\/b>\n\n<br>1-2 \u0440\u0430\u0441\u043f\u044b\u043b\u0435\u043d\u0438\u044f 2-3 \u0440\u0430\u0437\u0430 \u0432 \u0434\u0435\u043d\u044c \u0434\u043b\u044f \u0435\u0436\u0435\u0434\u043d\u0435\u0432\u043d\u043e\u0433\u043e \u0438\u0441\u043f\u043e\u043b\u044c\u0437\u043e\u0432\u0430\u043d\u0438\u044f\n<div class=\"elementor-element elementor-element-56294121 elementor-widget elementor-widget-wd_text_block\" data-id=\"56294121\" data-element_type=\"widget\" data-widget_type=\"wd_text_block.default\">\n<div class=\"elementor-widget-container\">\n<div class=\"wd-text-block reset-last-child text-left\">\u041f\u043e\u0434\u0445\u043e\u0434\u0438\u0442 \u0434\u043b\u044f \u0432\u0437\u0440\u043e\u0441\u043b\u044b\u0445, \u0434\u0435\u0442\u0435\u0439 \u0438 \u043c\u043b\u0430\u0434\u0435\u043d\u0446\u0435\u0432 \u0441 \u0440\u043e\u0436\u0434\u0435\u043d\u0438\u044f (0 \u043c\u0435\u0441\u044f\u0446\u0435\u0432).<\/div>\n<\/div>\n<\/div>\n\t\t\t\t\t<\/div>\n\t\t\t\t\t\t<\/div>\n\t\t\t\t<\/div>\n\t\t\t\t<\/div>\n\t\t\t\t<\/div>\n\t\t<div class=\"wd-negative-gap elementor-element elementor-element-4e721470 e-flex e-con-boxed e-con e-parent\" data-id=\"4e721470\" data-element_type=\"container\">\n\t\t\t\t\t<div class=\"e-con-inner\">\n\t\t\t\t<div class=\"elementor-element elementor-element-26f7e381 elementor-widget elementor-widget-heading\" data-id=\"26f7e381\" data-element_type=\"widget\" data-widget_type=\"heading.default\">\n\t\t\t\t<div class=\"elementor-widget-container\">\n\t\t\t\t\t<h2 class=\"elementor-heading-title elementor-size-default\">\u041a\u0443\u043f\u0438\u0442\u044c \u043e\u043d\u043b\u0430\u0439\u043d<\/h2>\t\t\t\t<\/div>\n\t\t\t\t<\/div>\n\t\t\t\t\t<\/div>\n\t\t\t\t<\/div>\n\t\t<div class=\"wd-negative-gap elementor-element elementor-element-1bc6388e e-flex e-con-boxed e-con e-parent\" data-id=\"1bc6388e\" data-element_type=\"container\">\n\t\t\t\t\t<div class=\"e-con-inner\">\n\t\t<div class=\"elementor-element elementor-element-300a6ebc e-con-full e-flex e-con e-child\" data-id=\"300a6ebc\" data-element_type=\"container\">\n\t\t\t\t<div class=\"elementor-element elementor-element-64690125 elementor-widget elementor-widget-image\" data-id=\"64690125\" data-element_type=\"widget\" data-widget_type=\"image.default\">\n\t\t\t\t<div class=\"elementor-widget-container\">\n\t\t\t\t\t\t\t\t\t\t\t\t\t\t\t\t<a href=\"https:\/\/ff.md\/search?type=product&#038;options%5Bprefix%5D=last&#038;q=nazomarin\">\n\t\t\t\t\t\t\t<img loading=\"lazy\" decoding=\"async\" width=\"150\" height=\"150\" src=\"https:\/\/nazomarin.md\/wp-content\/uploads\/2025\/02\/Farmacia-Familiei_logo_new-150x150.png\" class=\"attachment-thumbnail size-thumbnail wp-image-26255\" alt=\"\" srcset=\"https:\/\/nazomarin.md\/wp-content\/uploads\/2025\/02\/Farmacia-Familiei_logo_new-150x150.png 150w, https:\/\/nazomarin.md\/wp-content\/uploads\/2025\/02\/Farmacia-Familiei_logo_new-300x300.png 300w, https:\/\/nazomarin.md\/wp-content\/uploads\/2025\/02\/Farmacia-Familiei_logo_new-12x12.png 12w, https:\/\/nazomarin.md\/wp-content\/uploads\/2025\/02\/Farmacia-Familiei_logo_new-430x430.png 430w, https:\/\/nazomarin.md\/wp-content\/uploads\/2025\/02\/Farmacia-Familiei_logo_new.png 500w\" sizes=\"(max-width: 150px) 100vw, 150px\" \/>\t\t\t\t\t\t\t\t<\/a>\n\t\t\t\t\t\t\t\t\t\t\t\t\t\t\t<\/div>\n\t\t\t\t<\/div>\n\t\t\t\t<\/div>\n\t\t<div class=\"elementor-element elementor-element-7fa27585 e-con-full e-flex e-con e-child\" data-id=\"7fa27585\" data-element_type=\"container\">\n\t\t\t\t<div class=\"elementor-element elementor-element-174a5e6a elementor-widget elementor-widget-image\" data-id=\"174a5e6a\" data-element_type=\"widget\" data-widget_type=\"image.default\">\n\t\t\t\t<div class=\"elementor-widget-container\">\n\t\t\t\t\t\t\t\t\t\t\t\t\t\t\t\t<a href=\"https:\/\/hippocrates.md\/ro\/cautare?search=Nazomarin\">\n\t\t\t\t\t\t\t<img loading=\"lazy\" decoding=\"async\" width=\"150\" height=\"150\" src=\"https:\/\/nazomarin.md\/wp-content\/uploads\/2025\/02\/2018_10_29_16_17_42_logo_fb-150x150.jpg\" class=\"attachment-thumbnail size-thumbnail wp-image-26081\" alt=\"\" srcset=\"https:\/\/nazomarin.md\/wp-content\/uploads\/2025\/02\/2018_10_29_16_17_42_logo_fb-150x150.jpg 150w, https:\/\/nazomarin.md\/wp-content\/uploads\/2025\/02\/2018_10_29_16_17_42_logo_fb-12x12.jpg 12w, https:\/\/nazomarin.md\/wp-content\/uploads\/2025\/02\/2018_10_29_16_17_42_logo_fb.jpg 300w\" sizes=\"(max-width: 150px) 100vw, 150px\" \/>\t\t\t\t\t\t\t\t<\/a>\n\t\t\t\t\t\t\t\t\t\t\t\t\t\t\t<\/div>\n\t\t\t\t<\/div>\n\t\t\t\t<\/div>\n\t\t<div class=\"elementor-element elementor-element-461f93fe e-con-full e-flex e-con e-child\" data-id=\"461f93fe\" data-element_type=\"container\">\n\t\t\t\t<div class=\"elementor-element elementor-element-2386be16 elementor-widget elementor-widget-image\" data-id=\"2386be16\" data-element_type=\"widget\" data-widget_type=\"image.default\">\n\t\t\t\t<div class=\"elementor-widget-container\">\n\t\t\t\t\t\t\t\t\t\t\t\t\t\t\t\t<a href=\"https:\/\/farmacie.md\/ro\/search?query=nazomarin\">\n\t\t\t\t\t\t\t<img loading=\"lazy\" decoding=\"async\" width=\"150\" height=\"150\" src=\"https:\/\/nazomarin.md\/wp-content\/uploads\/2025\/02\/Untitled-4-1-150x150.png\" class=\"attachment-thumbnail size-thumbnail wp-image-26099\" alt=\"\" srcset=\"https:\/\/nazomarin.md\/wp-content\/uploads\/2025\/02\/Untitled-4-1-150x150.png 150w, https:\/\/nazomarin.md\/wp-content\/uploads\/2025\/02\/Untitled-4-1-12x12.png 12w, https:\/\/nazomarin.md\/wp-content\/uploads\/2025\/02\/Untitled-4-1.png 300w\" sizes=\"(max-width: 150px) 100vw, 150px\" \/>\t\t\t\t\t\t\t\t<\/a>\n\t\t\t\t\t\t\t\t\t\t\t\t\t\t\t<\/div>\n\t\t\t\t<\/div>\n\t\t\t\t<\/div>\n\t\t<div class=\"elementor-element elementor-element-7bf77ba6 e-con-full e-flex e-con e-child\" data-id=\"7bf77ba6\" data-element_type=\"container\">\n\t\t\t\t<div class=\"elementor-element elementor-element-3c3adc07 elementor-widget elementor-widget-image\" data-id=\"3c3adc07\" data-element_type=\"widget\" data-widget_type=\"image.default\">\n\t\t\t\t<div class=\"elementor-widget-container\">\n\t\t\t\t\t\t\t\t\t\t\t\t\t\t\t\t<a href=\"https:\/\/www.apteka.md\/search?product=nazoamarin\">\n\t\t\t\t\t\t\t<img loading=\"lazy\" decoding=\"async\" width=\"150\" height=\"150\" src=\"https:\/\/nazomarin.md\/wp-content\/uploads\/2024\/12\/bznzJUBIuPwmZ5k0gxmp-150x150.png\" class=\"attachment-thumbnail size-thumbnail wp-image-25219\" alt=\"\" srcset=\"https:\/\/nazomarin.md\/wp-content\/uploads\/2024\/12\/bznzJUBIuPwmZ5k0gxmp-150x150.png 150w, https:\/\/nazomarin.md\/wp-content\/uploads\/2024\/12\/bznzJUBIuPwmZ5k0gxmp.png 230w\" sizes=\"(max-width: 150px) 100vw, 150px\" \/>\t\t\t\t\t\t\t\t<\/a>\n\t\t\t\t\t\t\t\t\t\t\t\t\t\t\t<\/div>\n\t\t\t\t<\/div>\n\t\t\t\t<\/div>\n\t\t\t\t\t<\/div>\n\t\t\t\t<\/div>\n\t\t<div class=\"wd-negative-gap elementor-element elementor-element-597e9800 e-flex e-con-boxed e-con e-parent\" data-id=\"597e9800\" data-element_type=\"container\">\n\t\t\t\t\t<div class=\"e-con-inner\">\n\t\t<div class=\"elementor-element elementor-element-5580dae7 e-con-full e-flex e-con e-child\" data-id=\"5580dae7\" data-element_type=\"container\">\n\t\t\t\t<div class=\"elementor-element elementor-element-4e495453 elementor-widget elementor-widget-heading\" data-id=\"4e495453\" data-element_type=\"widget\" data-widget_type=\"heading.default\">\n\t\t\t\t<div class=\"elementor-widget-container\">\n\t\t\t\t\t<h1 class=\"elementor-heading-title elementor-size-default\">\u0421\u043f\u043e\u0441\u043e\u0431 \u043f\u0440\u0438\u043c\u0435\u043d\u0435\u043d\u0438\u044f<\/h1>\t\t\t\t<\/div>\n\t\t\t\t<\/div>\n\t\t\t\t<\/div>\n\t\t<div class=\"elementor-element elementor-element-31dc824f e-con-full e-flex e-con e-child\" data-id=\"31dc824f\" data-element_type=\"container\">\n\t\t\t\t<div class=\"elementor-element elementor-element-50a09193 color-scheme-inherit text-left elementor-widget elementor-widget-text-editor\" data-id=\"50a09193\" data-element_type=\"widget\" data-widget_type=\"text-editor.default\">\n\t\t\t\t<div class=\"elementor-widget-container\">\n\t\t\t\t\t\t\t\t\t<ol><li>\u0421\u043d\u0438\u043c\u0438\u0442\u0435 \u0437\u0430\u0449\u0438\u0442\u043d\u044b\u0439 \u043a\u043e\u043b\u043f\u0430\u0447\u043e\u043a, \u0437\u0430\u0442\u0435\u043c \u043e\u0441\u0442\u043e\u0440\u043e\u0436\u043d\u043e \u0432\u0441\u0442\u0430\u0432\u044c\u0442\u0435 \u0430\u043f\u043f\u043b\u0438\u043a\u0430\u0442\u043e\u0440 \u0432 \u043d\u043e\u0437\u0434\u0440\u044e, \u0441\u043b\u0435\u0433\u043a\u0430 \u043d\u0430\u043a\u043b\u043e\u043d\u0438\u0432 \u0433\u043e\u043b\u043e\u0432\u0443.<\/li><li>\u041d\u0430\u0436\u043c\u0438\u0442\u0435 \u0438 \u0443\u0434\u0435\u0440\u0436\u0438\u0432\u0430\u0439\u0442\u0435 2-3 \u0441\u0435\u043a\u0443\u043d\u0434\u044b, \u0437\u0430\u0442\u0435\u043c \u043f\u043e\u0432\u0442\u043e\u0440\u0438\u0442\u0435 \u0441 \u0434\u0440\u0443\u0433\u043e\u0439 \u043d\u043e\u0437\u0434\u0440\u0435\u0439.<\/li><li>\u041e\u0441\u0442\u0430\u0432\u044c\u0442\u0435 \u0440\u0430\u0441\u0442\u0432\u043e\u0440 \u043d\u0430 \u043d\u0435\u0441\u043a\u043e\u043b\u044c\u043a\u043e \u0441\u0435\u043a\u0443\u043d\u0434, \u0437\u0430\u0442\u0435\u043c \u0432\u044b\u0441\u043c\u043e\u0440\u043a\u0430\u0439\u0442\u0435\u0441\u044c \u0438 \u0432\u044b\u0442\u0440\u0438\u0442\u0435 \u043d\u043e\u0441 \u0438\u043b\u0438 \u0432\u043e\u0441\u043f\u043e\u043b\u044c\u0437\u0443\u0439\u0442\u0435\u0441\u044c \u043d\u0430\u0437\u0430\u043b\u044c\u043d\u044b\u043c \u0430\u0441\u043f\u0438\u0440\u0430\u0442\u043e\u0440\u043e\u043c, \u0447\u0442\u043e\u0431\u044b \u0443\u0434\u0430\u043b\u0438\u0442\u044c \u0441\u043b\u0438\u0437\u044c.<\/li><\/ol>\t\t\t\t\t\t\t\t<\/div>\n\t\t\t\t<\/div>\n\t\t\t\t<\/div>\n\t\t<div class=\"elementor-element elementor-element-67c94563 e-con-full e-grid e-con e-child\" data-id=\"67c94563\" data-element_type=\"container\">\n\t\t\t\t<div class=\"elementor-element elementor-element-3c856b8c elementor-widget elementor-widget-image\" data-id=\"3c856b8c\" data-element_type=\"widget\" data-widget_type=\"image.default\">\n\t\t\t\t<div class=\"elementor-widget-container\">\n\t\t\t\t\t\t\t\t\t\t\t\t\t\t\t<img loading=\"lazy\" decoding=\"async\" width=\"286\" height=\"286\" src=\"https:\/\/nazomarin.md\/wp-content\/uploads\/2025\/02\/people-4-1.jpg\" class=\"attachment-large size-large wp-image-26038\" alt=\"\" srcset=\"https:\/\/nazomarin.md\/wp-content\/uploads\/2025\/02\/people-4-1.jpg 286w, https:\/\/nazomarin.md\/wp-content\/uploads\/2025\/02\/people-4-1-150x150.jpg 150w, https:\/\/nazomarin.md\/wp-content\/uploads\/2025\/02\/people-4-1-12x12.jpg 12w\" sizes=\"(max-width: 286px) 100vw, 286px\" \/>\t\t\t\t\t\t\t\t\t\t\t\t\t\t\t<\/div>\n\t\t\t\t<\/div>\n\t\t\t\t<div class=\"elementor-element elementor-element-684fa251 elementor-widget elementor-widget-image\" data-id=\"684fa251\" data-element_type=\"widget\" data-widget_type=\"image.default\">\n\t\t\t\t<div class=\"elementor-widget-container\">\n\t\t\t\t\t\t\t\t\t\t\t\t\t\t\t<img loading=\"lazy\" decoding=\"async\" width=\"286\" height=\"286\" src=\"https:\/\/nazomarin.md\/wp-content\/uploads\/2025\/02\/people-5.jpg\" class=\"attachment-large size-large wp-image-26037\" alt=\"\" srcset=\"https:\/\/nazomarin.md\/wp-content\/uploads\/2025\/02\/people-5.jpg 286w, https:\/\/nazomarin.md\/wp-content\/uploads\/2025\/02\/people-5-150x150.jpg 150w, https:\/\/nazomarin.md\/wp-content\/uploads\/2025\/02\/people-5-12x12.jpg 12w\" sizes=\"(max-width: 286px) 100vw, 286px\" \/>\t\t\t\t\t\t\t\t\t\t\t\t\t\t\t<\/div>\n\t\t\t\t<\/div>\n\t\t\t\t<div class=\"elementor-element elementor-element-6e50865b elementor-widget elementor-widget-image\" data-id=\"6e50865b\" data-element_type=\"widget\" data-widget_type=\"image.default\">\n\t\t\t\t<div class=\"elementor-widget-container\">\n\t\t\t\t\t\t\t\t\t\t\t\t\t\t\t<img loading=\"lazy\" decoding=\"async\" width=\"286\" height=\"286\" src=\"https:\/\/nazomarin.md\/wp-content\/uploads\/2025\/02\/people-6.jpg\" class=\"attachment-large size-large wp-image-26036\" alt=\"\" srcset=\"https:\/\/nazomarin.md\/wp-content\/uploads\/2025\/02\/people-6.jpg 286w, https:\/\/nazomarin.md\/wp-content\/uploads\/2025\/02\/people-6-150x150.jpg 150w, https:\/\/nazomarin.md\/wp-content\/uploads\/2025\/02\/people-6-12x12.jpg 12w\" sizes=\"(max-width: 286px) 100vw, 286px\" \/>\t\t\t\t\t\t\t\t\t\t\t\t\t\t\t<\/div>\n\t\t\t\t<\/div>\n\t\t\t\t<\/div>\n\t\t\t\t\t<\/div>\n\t\t\t\t<\/div>\n\t\t<div class=\"elementor-element elementor-element-7ece874 e-con-full e-flex e-con e-child\" data-id=\"7ece874\" data-element_type=\"container\" data-settings=\"{&quot;background_background&quot;:&quot;classic&quot;,&quot;position&quot;:&quot;absolute&quot;}\">\n\t\t\t\t<div class=\"elementor-element elementor-element-1b8a06 color-scheme-inherit text-left elementor-widget elementor-widget-text-editor\" data-id=\"1b8a06\" data-element_type=\"widget\" data-widget_type=\"text-editor.default\">\n\t\t\t\t<div class=\"elementor-widget-container\">\n\t\t\t\t\t\t\t\t\t<p>+0 \u043c\u0435\u0441\u044f\u0446\u0435\u0432<\/p>\t\t\t\t\t\t\t\t<\/div>\n\t\t\t\t<\/div>\n\t\t\t\t<\/div>\n\t\t\t\t<\/div>","protected":false},"excerpt":{"rendered":"<p>Nazomarin\u00ae Izotonic 0.9%, 120 ml Nazomarin\u00ae\u00a0 Izotonic\u00a0cur\u0103\u021b\u0103 delicat n\u0103sucul bebelu\u0219ului dumneavoastr\u0103 \u00een fiecare zi, datorit\u0103\u00a0\u00a0\u201espray-ului\u201d cu microdifuziune\u00a0fin\u0103.\u00a0Elimin\u00e2nd excesul de mucus,\u00a0Nazomarin\u00ae\u00a0<\/p>","protected":false},"author":1,"featured_media":0,"parent":0,"menu_order":0,"comment_status":"closed","ping_status":"closed","template":"","meta":{"footnotes":""},"class_list":["post-25269","page","type-page","status-publish","hentry"],"_links":{"self":[{"href":"https:\/\/nazomarin.md\/ru\/wp-json\/wp\/v2\/pages\/25269"}],"collection":[{"href":"https:\/\/nazomarin.md\/ru\/wp-json\/wp\/v2\/pages"}],"about":[{"href":"https:\/\/nazomarin.md\/ru\/wp-json\/wp\/v2\/types\/page"}],"author":[{"embeddable":true,"href":"https:\/\/nazomarin.md\/ru\/wp-json\/wp\/v2\/users\/1"}],"replies":[{"embeddable":true,"href":"https:\/\/nazomarin.md\/ru\/wp-json\/wp\/v2\/comments?post=25269"}],"version-history":[{"count":64,"href":"https:\/\/nazomarin.md\/ru\/wp-json\/wp\/v2\/pages\/25269\/revisions"}],"predecessor-version":[{"id":26545,"href":"https:\/\/nazomarin.md\/ru\/wp-json\/wp\/v2\/pages\/25269\/revisions\/26545"}],"wp:attachment":[{"href":"https:\/\/nazomarin.md\/ru\/wp-json\/wp\/v2\/media?parent=25269"}],"curies":[{"name":"wp","href":"https:\/\/api.w.org\/{rel}","templated":true}]}}