{"id":25007,"date":"2024-12-18T14:20:29","date_gmt":"2024-12-18T14:20:29","guid":{"rendered":"https:\/\/nazo.agensium.com\/?page_id=25007"},"modified":"2025-02-14T15:28:11","modified_gmt":"2025-02-14T15:28:11","slug":"nazomarin-izotonic-09-120-ml","status":"publish","type":"page","link":"https:\/\/nazomarin.md\/ru\/nazomarin-izotonic-09-120-ml\/","title":{"rendered":"Nazomarin\u00ae \u0418\u0437\u043e\u0442\u043e\u043d\u0438\u043a 0,9%, 120 \u043c\u043b"},"content":{"rendered":"<div data-elementor-type=\"wp-page\" data-elementor-id=\"25007\" class=\"elementor elementor-25007\">\n\t\t\t\t<div class=\"elementor-element elementor-element-cfe1e34 e-con-full e-flex e-con e-parent\" data-id=\"cfe1e34\" data-element_type=\"container\" data-settings=\"{&quot;background_background&quot;:&quot;classic&quot;}\">\n\t\t<div class=\"elementor-element elementor-element-e2e8424 e-con-full e-flex e-con e-child\" data-id=\"e2e8424\" data-element_type=\"container\">\n\t\t\t\t<div class=\"elementor-element elementor-element-1592a27 elementor-widget elementor-widget-image\" data-id=\"1592a27\" data-element_type=\"widget\" data-widget_type=\"image.default\">\n\t\t\t\t<div class=\"elementor-widget-container\">\n\t\t\t\t\t\t\t\t\t\t\t\t\t\t\t<img fetchpriority=\"high\" decoding=\"async\" width=\"456\" height=\"711\" src=\"https:\/\/nazomarin.md\/wp-content\/uploads\/2024\/12\/Picture3.png\" class=\"attachment-large size-large wp-image-25210\" alt=\"\" srcset=\"https:\/\/nazomarin.md\/wp-content\/uploads\/2024\/12\/Picture3.png 456w, https:\/\/nazomarin.md\/wp-content\/uploads\/2024\/12\/Picture3-192x300.png 192w, https:\/\/nazomarin.md\/wp-content\/uploads\/2024\/12\/Picture3-430x670.png 430w, https:\/\/nazomarin.md\/wp-content\/uploads\/2024\/12\/Picture3-150x234.png 150w\" sizes=\"(max-width: 456px) 100vw, 456px\" \/>\t\t\t\t\t\t\t\t\t\t\t\t\t\t\t<\/div>\n\t\t\t\t<\/div>\n\t\t<div class=\"elementor-element elementor-element-8ef156f e-con-full e-flex e-con e-child\" data-id=\"8ef156f\" data-element_type=\"container\">\n\t\t\t\t<div class=\"elementor-element elementor-element-2b168f6 elementor-absolute elementor-widget elementor-widget-image\" data-id=\"2b168f6\" data-element_type=\"widget\" data-settings=\"{&quot;_position&quot;:&quot;absolute&quot;}\" data-widget_type=\"image.default\">\n\t\t\t\t<div class=\"elementor-widget-container\">\n\t\t\t\t\t\t\t\t\t\t\t\t\t\t\t<img decoding=\"async\" width=\"150\" height=\"150\" src=\"https:\/\/nazomarin.md\/wp-content\/uploads\/2025\/02\/Untitled-7.png\" class=\"attachment-thumbnail size-thumbnail wp-image-25870\" alt=\"\" srcset=\"https:\/\/nazomarin.md\/wp-content\/uploads\/2025\/02\/Untitled-7.png 150w, https:\/\/nazomarin.md\/wp-content\/uploads\/2025\/02\/Untitled-7-12x12.png 12w\" sizes=\"(max-width: 150px) 100vw, 150px\" \/>\t\t\t\t\t\t\t\t\t\t\t\t\t\t\t<\/div>\n\t\t\t\t<\/div>\n\t\t\t\t<div class=\"elementor-element elementor-element-3eb57b3 elementor-widget elementor-widget-image\" data-id=\"3eb57b3\" data-element_type=\"widget\" data-widget_type=\"image.default\">\n\t\t\t\t<div class=\"elementor-widget-container\">\n\t\t\t\t\t\t\t\t\t\t\t\t\t\t\t<img decoding=\"async\" width=\"150\" height=\"150\" src=\"https:\/\/nazomarin.md\/wp-content\/uploads\/2025\/02\/Untitled-1-1.png\" class=\"attachment-thumbnail size-thumbnail wp-image-25872\" alt=\"\" srcset=\"https:\/\/nazomarin.md\/wp-content\/uploads\/2025\/02\/Untitled-1-1.png 150w, https:\/\/nazomarin.md\/wp-content\/uploads\/2025\/02\/Untitled-1-1-12x12.png 12w\" sizes=\"(max-width: 150px) 100vw, 150px\" \/>\t\t\t\t\t\t\t\t\t\t\t\t\t\t\t<\/div>\n\t\t\t\t<\/div>\n\t\t\t\t<div class=\"elementor-element elementor-element-f70c35c elementor-widget elementor-widget-image\" data-id=\"f70c35c\" data-element_type=\"widget\" data-widget_type=\"image.default\">\n\t\t\t\t<div class=\"elementor-widget-container\">\n\t\t\t\t\t\t\t\t\t\t\t\t\t\t\t<img loading=\"lazy\" decoding=\"async\" width=\"150\" height=\"150\" src=\"https:\/\/nazomarin.md\/wp-content\/uploads\/2025\/02\/Untitled-2-1.png\" class=\"attachment-thumbnail size-thumbnail wp-image-25868\" alt=\"\" srcset=\"https:\/\/nazomarin.md\/wp-content\/uploads\/2025\/02\/Untitled-2-1.png 150w, https:\/\/nazomarin.md\/wp-content\/uploads\/2025\/02\/Untitled-2-1-12x12.png 12w\" sizes=\"(max-width: 150px) 100vw, 150px\" \/>\t\t\t\t\t\t\t\t\t\t\t\t\t\t\t<\/div>\n\t\t\t\t<\/div>\n\t\t\t\t<div class=\"elementor-element elementor-element-41b9931 elementor-widget elementor-widget-image\" data-id=\"41b9931\" data-element_type=\"widget\" data-widget_type=\"image.default\">\n\t\t\t\t<div class=\"elementor-widget-container\">\n\t\t\t\t\t\t\t\t\t\t\t\t\t\t\t<img loading=\"lazy\" decoding=\"async\" width=\"150\" height=\"150\" src=\"https:\/\/nazomarin.md\/wp-content\/uploads\/2025\/02\/Untitled-4-2.png\" class=\"attachment-thumbnail size-thumbnail wp-image-25873\" alt=\"\" srcset=\"https:\/\/nazomarin.md\/wp-content\/uploads\/2025\/02\/Untitled-4-2.png 150w, https:\/\/nazomarin.md\/wp-content\/uploads\/2025\/02\/Untitled-4-2-12x12.png 12w\" sizes=\"(max-width: 150px) 100vw, 150px\" \/>\t\t\t\t\t\t\t\t\t\t\t\t\t\t\t<\/div>\n\t\t\t\t<\/div>\n\t\t\t\t<div class=\"elementor-element elementor-element-efe6a7c elementor-widget elementor-widget-image\" data-id=\"efe6a7c\" data-element_type=\"widget\" data-widget_type=\"image.default\">\n\t\t\t\t<div class=\"elementor-widget-container\">\n\t\t\t\t\t\t\t\t\t\t\t\t\t\t\t<img loading=\"lazy\" decoding=\"async\" width=\"150\" height=\"150\" src=\"https:\/\/nazomarin.md\/wp-content\/uploads\/2025\/01\/1-1-150x150.png\" class=\"attachment-thumbnail size-thumbnail wp-image-25871\" alt=\"\" srcset=\"https:\/\/nazomarin.md\/wp-content\/uploads\/2025\/01\/1-1-150x150.png 150w, https:\/\/nazomarin.md\/wp-content\/uploads\/2025\/01\/1-1.png 200w\" sizes=\"(max-width: 150px) 100vw, 150px\" \/>\t\t\t\t\t\t\t\t\t\t\t\t\t\t\t<\/div>\n\t\t\t\t<\/div>\n\t\t\t\t<\/div>\n\t\t\t\t<\/div>\n\t\t<div class=\"elementor-element elementor-element-81d0c8a e-con-full e-flex e-con e-child\" data-id=\"81d0c8a\" data-element_type=\"container\" data-settings=\"{&quot;background_background&quot;:&quot;classic&quot;}\">\n\t\t\t\t<div class=\"elementor-element elementor-element-5123f74 elementor-widget elementor-widget-heading\" data-id=\"5123f74\" data-element_type=\"widget\" data-widget_type=\"heading.default\">\n\t\t\t\t<div class=\"elementor-widget-container\">\n\t\t\t\t\t<h1 class=\"elementor-heading-title elementor-size-default\">\u041d\u0430\u0437\u043e\u043c\u0430\u0440\u0438\u043d\u00ae \u0418\u0437\u043e\u0442\u043e\u043d\u0438\u043a 0.9%, 120 \u043c\u043b<\/h1>\t\t\t\t<\/div>\n\t\t\t\t<\/div>\n\t\t\t\t<div class=\"elementor-element elementor-element-4cb96bf color-scheme-inherit text-left elementor-widget elementor-widget-text-editor\" data-id=\"4cb96bf\" data-element_type=\"widget\" data-widget_type=\"text-editor.default\">\n\t\t\t\t<div class=\"elementor-widget-container\">\n\t\t\t\t\t\t\t\t\t<p class=\"translation-block\"><b>\u041d\u0430\u0437\u043e\u043c\u0430\u0440\u0438\u043d\u00ae \u0418\u0437\u043e\u0442\u043e\u043d\u0438\u043a<\/b> \u0434\u0435\u043b\u0438\u043a\u0430\u0442\u043d\u043e \u043e\u0447\u0438\u0449\u0430\u0435\u0442 \u043d\u043e\u0441\u0438\u043a \u043c\u0430\u043b\u044b\u0448\u0430 \u0431\u043b\u0430\u0433\u043e\u0434\u0430\u0440\u044f <b>\u0441\u043f\u0440\u0435\u044e<\/b> \u0441 <b>\u043c\u0435\u043b\u043a\u043e\u0434\u0438\u0441\u043f\u0435\u0440\u0441\u043d\u043e\u0439 \u043c\u0438\u043a\u0440\u043e\u0434\u0438\u0444\u0444\u0443\u0437\u0438\u0435\u0439<\/b>. \u0423\u0434\u0430\u043b\u044f\u044f \u0438\u0437\u0431\u044b\u0442\u043e\u043a \u0441\u043b\u0438\u0437\u0438, <b>\u043f\u043e\u043c\u043e\u0433\u0430\u0435\u0442 \u0432\u043e\u0441\u0441\u0442\u0430\u043d\u043e\u0432\u0438\u0442\u044c \u0444\u0438\u0437\u0438\u043e\u043b\u043e\u0433\u0438\u0447\u0435\u0441\u043a\u043e\u0435 \u0434\u044b\u0445\u0430\u043d\u0438\u0435<\/b> \u0438 <b>\u043a\u043e\u043c\u0444\u043e\u0440\u0442 \u0432\u043e \u0432\u0440\u0435\u043c\u044f \u0441\u043d\u0430 \u0438 \u043a\u043e\u0440\u043c\u043b\u0435\u043d\u0438\u044f<\/b>.<\/p>\t\t\t\t\t\t\t\t<\/div>\n\t\t\t\t<\/div>\n\t\t\t\t<div class=\"elementor-element elementor-element-bd3abf6 color-scheme-inherit text-left elementor-widget elementor-widget-text-editor\" data-id=\"bd3abf6\" data-element_type=\"widget\" data-widget_type=\"text-editor.default\">\n\t\t\t\t<div class=\"elementor-widget-container\">\n\t\t\t\t\t\t\t\t\t<b>\u0427\u0442\u043e \u0434\u0435\u043b\u0430\u0435\u0442<\/b><b>?<\/b><b>:<\/b>\n<ul>\n \t<li style=\"list-style-type: none;\">\n<ul>\n \t<li>\u042d\u0444\u0444\u0435\u043a\u0442\u0438\u0432\u043d\u043e \u0438 \u0431\u0435\u0437\u043e\u043f\u0430\u0441\u043d\u043e \u043e\u0447\u0438\u0449\u0430\u0435\u0442 \u043d\u043e\u0441 \u0440\u0435\u0431\u0435\u043d\u043a\u0430<\/li>\n \t<li>\u0423\u0434\u0430\u043b\u0435\u043d\u0438\u0435 \u0438\u0437\u043b\u0438\u0448\u043a\u043e\u0432 \u0441\u043b\u0438\u0437\u0438, \u0430\u043b\u043b\u0435\u0440\u0433\u0435\u043d\u043e\u0432 \u0438 \u0438\u043d\u0444\u0435\u043a\u0446\u0438\u043e\u043d\u043d\u044b\u0445 \u0430\u0433\u0435\u043d\u0442\u043e\u0432<\/li>\n \t<li>\u0423\u0432\u043b\u0430\u0436\u043d\u044f\u0435\u0442 \u0441\u0443\u0445\u0443\u044e \u0441\u043b\u0438\u0437\u0438\u0441\u0442\u0443\u044e \u043d\u043e\u0441\u0430<\/li>\n \t<li>\u041f\u043e\u0434\u0434\u0435\u0440\u0436\u0438\u0432\u0430\u0435\u0442 \u0434\u0435\u0439\u0441\u0442\u0432\u0438\u0435 \u0434\u0440\u0443\u0433\u0438\u0445 \u043b\u0435\u043a\u0430\u0440\u0441\u0442\u0432<\/li>\n \t<li>\u041f\u0440\u0435\u0434\u043e\u0442\u0432\u0440\u0430\u0449\u0430\u0435\u0442 \u041b\u041e\u0420-\u043e\u0441\u043b\u043e\u0436\u043d\u0435\u043d\u0438\u044f<\/li>\n<\/ul>\n<\/li>\n<\/ul>\t\t\t\t\t\t\t\t<\/div>\n\t\t\t\t<\/div>\n\t\t\t\t<div class=\"elementor-element elementor-element-275d08c color-scheme-inherit text-left elementor-widget elementor-widget-text-editor\" data-id=\"275d08c\" data-element_type=\"widget\" data-widget_type=\"text-editor.default\">\n\t\t\t\t<div class=\"elementor-widget-container\">\n\t\t\t\t\t\t\t\t\t<b>\u0421\u043f\u043e\u0441\u043e\u0431 \u043f\u0440\u0438\u043c\u0435\u043d\u0435\u043d\u0438\u044f:<\/b>\n<br>1-2 \u0440\u0430\u0441\u043f\u044b\u043b\u0435\u043d\u0438\u044f 2-3 \u0440\u0430\u0437\u0430 \u0432 \u0434\u0435\u043d\u044c,\n<br>\u041f\u043e\u0434\u0445\u043e\u0434\u0438\u0442 \u0434\u043b\u044f \u0432\u0441\u0435\u0439 \u0441\u0435\u043c\u044c\u0438, \u0432\u043a\u043b\u044e\u0447\u0430\u044f \u043c\u0430\u043b\u044b\u0448\u0435\u0439 \u043e\u0442 0 \u043c\u0435\u0441\u044f\u0446\u0435\u0432.\t\t\t\t\t\t\t\t<\/div>\n\t\t\t\t<\/div>\n\t\t<div class=\"elementor-element elementor-element-6ce2e96 e-con-full e-flex e-con e-child\" data-id=\"6ce2e96\" data-element_type=\"container\" data-settings=\"{&quot;background_background&quot;:&quot;classic&quot;,&quot;position&quot;:&quot;absolute&quot;}\">\n\t\t\t\t<div class=\"elementor-element elementor-element-d9c82ca color-scheme-inherit text-left elementor-widget elementor-widget-text-editor\" data-id=\"d9c82ca\" data-element_type=\"widget\" data-widget_type=\"text-editor.default\">\n\t\t\t\t<div class=\"elementor-widget-container\">\n\t\t\t\t\t\t\t\t\t<p>+0 \u043c\u0435\u0441\u044f\u0446\u0435\u0432<\/p>\t\t\t\t\t\t\t\t<\/div>\n\t\t\t\t<\/div>\n\t\t\t\t<\/div>\n\t\t\t\t<\/div>\n\t\t\t\t<\/div>\n\t\t<div class=\"wd-negative-gap elementor-element elementor-element-66b6659 e-flex e-con-boxed e-con e-parent\" data-id=\"66b6659\" data-element_type=\"container\">\n\t\t\t\t\t<div class=\"e-con-inner\">\n\t\t\t\t<div class=\"elementor-element elementor-element-2bcf036 elementor-widget elementor-widget-heading\" data-id=\"2bcf036\" data-element_type=\"widget\" data-widget_type=\"heading.default\">\n\t\t\t\t<div class=\"elementor-widget-container\">\n\t\t\t\t\t<h2 class=\"elementor-heading-title elementor-size-default\">\u041a\u0443\u043f\u0438\u0442\u044c \u043e\u043d\u043b\u0430\u0439\u043d<\/h2>\t\t\t\t<\/div>\n\t\t\t\t<\/div>\n\t\t\t\t\t<\/div>\n\t\t\t\t<\/div>\n\t\t<div class=\"wd-negative-gap elementor-element elementor-element-beec110 e-flex e-con-boxed e-con e-parent\" data-id=\"beec110\" data-element_type=\"container\">\n\t\t\t\t\t<div class=\"e-con-inner\">\n\t\t<div class=\"elementor-element elementor-element-9f53bcc e-con-full e-flex e-con e-child\" data-id=\"9f53bcc\" data-element_type=\"container\">\n\t\t\t\t<div class=\"elementor-element elementor-element-f2d5f1f elementor-widget elementor-widget-image\" data-id=\"f2d5f1f\" data-element_type=\"widget\" data-widget_type=\"image.default\">\n\t\t\t\t<div class=\"elementor-widget-container\">\n\t\t\t\t\t\t\t\t\t\t\t\t\t\t\t\t<a href=\"https:\/\/ff.md\/search?type=product&#038;options%5Bprefix%5D=last&#038;q=nazomarin\">\n\t\t\t\t\t\t\t<img loading=\"lazy\" decoding=\"async\" width=\"150\" height=\"150\" src=\"https:\/\/nazomarin.md\/wp-content\/uploads\/2025\/02\/Farmacia-Familiei_logo_new-150x150.png\" class=\"attachment-thumbnail size-thumbnail wp-image-26255\" alt=\"\" srcset=\"https:\/\/nazomarin.md\/wp-content\/uploads\/2025\/02\/Farmacia-Familiei_logo_new-150x150.png 150w, https:\/\/nazomarin.md\/wp-content\/uploads\/2025\/02\/Farmacia-Familiei_logo_new-300x300.png 300w, https:\/\/nazomarin.md\/wp-content\/uploads\/2025\/02\/Farmacia-Familiei_logo_new-12x12.png 12w, https:\/\/nazomarin.md\/wp-content\/uploads\/2025\/02\/Farmacia-Familiei_logo_new-430x430.png 430w, https:\/\/nazomarin.md\/wp-content\/uploads\/2025\/02\/Farmacia-Familiei_logo_new.png 500w\" sizes=\"(max-width: 150px) 100vw, 150px\" \/>\t\t\t\t\t\t\t\t<\/a>\n\t\t\t\t\t\t\t\t\t\t\t\t\t\t\t<\/div>\n\t\t\t\t<\/div>\n\t\t\t\t<\/div>\n\t\t<div class=\"elementor-element elementor-element-ca77cfd e-con-full e-flex e-con e-child\" data-id=\"ca77cfd\" data-element_type=\"container\">\n\t\t\t\t<div class=\"elementor-element elementor-element-e1d2afe elementor-widget elementor-widget-image\" data-id=\"e1d2afe\" data-element_type=\"widget\" data-widget_type=\"image.default\">\n\t\t\t\t<div class=\"elementor-widget-container\">\n\t\t\t\t\t\t\t\t\t\t\t\t\t\t\t\t<a href=\"https:\/\/hippocrates.md\/ro\/cautare?search=Nazomarin\">\n\t\t\t\t\t\t\t<img loading=\"lazy\" decoding=\"async\" width=\"150\" height=\"150\" src=\"https:\/\/nazomarin.md\/wp-content\/uploads\/2025\/02\/2018_10_29_16_17_42_logo_fb-150x150.jpg\" class=\"attachment-thumbnail size-thumbnail wp-image-26081\" alt=\"\" srcset=\"https:\/\/nazomarin.md\/wp-content\/uploads\/2025\/02\/2018_10_29_16_17_42_logo_fb-150x150.jpg 150w, https:\/\/nazomarin.md\/wp-content\/uploads\/2025\/02\/2018_10_29_16_17_42_logo_fb-12x12.jpg 12w, https:\/\/nazomarin.md\/wp-content\/uploads\/2025\/02\/2018_10_29_16_17_42_logo_fb.jpg 300w\" sizes=\"(max-width: 150px) 100vw, 150px\" \/>\t\t\t\t\t\t\t\t<\/a>\n\t\t\t\t\t\t\t\t\t\t\t\t\t\t\t<\/div>\n\t\t\t\t<\/div>\n\t\t\t\t<\/div>\n\t\t<div class=\"elementor-element elementor-element-2e72eef e-con-full e-flex e-con e-child\" data-id=\"2e72eef\" data-element_type=\"container\">\n\t\t\t\t<div class=\"elementor-element elementor-element-ffd15a5 elementor-widget elementor-widget-image\" data-id=\"ffd15a5\" data-element_type=\"widget\" data-widget_type=\"image.default\">\n\t\t\t\t<div class=\"elementor-widget-container\">\n\t\t\t\t\t\t\t\t\t\t\t\t\t\t\t\t<a href=\"https:\/\/farmacie.md\/ro\/search?query=nazomarin\">\n\t\t\t\t\t\t\t<img loading=\"lazy\" decoding=\"async\" width=\"150\" height=\"150\" src=\"https:\/\/nazomarin.md\/wp-content\/uploads\/2025\/02\/Untitled-4-1-150x150.png\" class=\"attachment-thumbnail size-thumbnail wp-image-26099\" alt=\"\" srcset=\"https:\/\/nazomarin.md\/wp-content\/uploads\/2025\/02\/Untitled-4-1-150x150.png 150w, https:\/\/nazomarin.md\/wp-content\/uploads\/2025\/02\/Untitled-4-1-12x12.png 12w, https:\/\/nazomarin.md\/wp-content\/uploads\/2025\/02\/Untitled-4-1.png 300w\" sizes=\"(max-width: 150px) 100vw, 150px\" \/>\t\t\t\t\t\t\t\t<\/a>\n\t\t\t\t\t\t\t\t\t\t\t\t\t\t\t<\/div>\n\t\t\t\t<\/div>\n\t\t\t\t<\/div>\n\t\t<div class=\"elementor-element elementor-element-4938815 e-con-full e-flex e-con e-child\" data-id=\"4938815\" data-element_type=\"container\">\n\t\t\t\t<div class=\"elementor-element elementor-element-e45a56b elementor-widget elementor-widget-image\" data-id=\"e45a56b\" data-element_type=\"widget\" data-widget_type=\"image.default\">\n\t\t\t\t<div class=\"elementor-widget-container\">\n\t\t\t\t\t\t\t\t\t\t\t\t\t\t\t\t<a href=\"https:\/\/www.apteka.md\/search?product=nazoamarin\">\n\t\t\t\t\t\t\t<img loading=\"lazy\" decoding=\"async\" width=\"150\" height=\"150\" src=\"https:\/\/nazomarin.md\/wp-content\/uploads\/2024\/12\/bznzJUBIuPwmZ5k0gxmp-150x150.png\" class=\"attachment-thumbnail size-thumbnail wp-image-25219\" alt=\"\" srcset=\"https:\/\/nazomarin.md\/wp-content\/uploads\/2024\/12\/bznzJUBIuPwmZ5k0gxmp-150x150.png 150w, https:\/\/nazomarin.md\/wp-content\/uploads\/2024\/12\/bznzJUBIuPwmZ5k0gxmp.png 230w\" sizes=\"(max-width: 150px) 100vw, 150px\" \/>\t\t\t\t\t\t\t\t<\/a>\n\t\t\t\t\t\t\t\t\t\t\t\t\t\t\t<\/div>\n\t\t\t\t<\/div>\n\t\t\t\t<\/div>\n\t\t\t\t\t<\/div>\n\t\t\t\t<\/div>\n\t\t<div class=\"wd-negative-gap elementor-element elementor-element-b1b0bcf e-flex e-con-boxed e-con e-parent\" data-id=\"b1b0bcf\" data-element_type=\"container\">\n\t\t\t\t\t<div class=\"e-con-inner\">\n\t\t<div class=\"elementor-element elementor-element-1e0cbc11 e-con-full e-flex e-con e-child\" data-id=\"1e0cbc11\" data-element_type=\"container\">\n\t\t\t\t<div class=\"elementor-element elementor-element-7d068226 elementor-widget elementor-widget-heading\" data-id=\"7d068226\" data-element_type=\"widget\" data-widget_type=\"heading.default\">\n\t\t\t\t<div class=\"elementor-widget-container\">\n\t\t\t\t\t<h1 class=\"elementor-heading-title elementor-size-default\">\u0421\u043f\u043e\u0441\u043e\u0431 \u043f\u0440\u0438\u043c\u0435\u043d\u0435\u043d\u0438\u044f<\/h1>\t\t\t\t<\/div>\n\t\t\t\t<\/div>\n\t\t\t\t<\/div>\n\t\t<div class=\"elementor-element elementor-element-342586aa e-con-full e-flex e-con e-child\" data-id=\"342586aa\" data-element_type=\"container\">\n\t\t\t\t<div class=\"elementor-element elementor-element-364fe4c7 text-center color-scheme-inherit elementor-widget elementor-widget-text-editor\" data-id=\"364fe4c7\" data-element_type=\"widget\" data-widget_type=\"text-editor.default\">\n\t\t\t\t<div class=\"elementor-widget-container\">\n\t\t\t\t\t\t\t\t\t<ol><li>\u0421\u043d\u0438\u043c\u0438\u0442\u0435 \u0437\u0430\u0449\u0438\u0442\u043d\u044b\u0439 \u043a\u043e\u043b\u043f\u0430\u0447\u043e\u043a, \u0437\u0430\u0442\u0435\u043c \u043e\u0441\u0442\u043e\u0440\u043e\u0436\u043d\u043e \u0432\u0441\u0442\u0430\u0432\u044c\u0442\u0435 \u0430\u043f\u043f\u043b\u0438\u043a\u0430\u0442\u043e\u0440 \u0432 \u043d\u043e\u0437\u0434\u0440\u044e, \u0441\u043b\u0435\u0433\u043a\u0430 \u043d\u0430\u043a\u043b\u043e\u043d\u0438\u0432 \u0433\u043e\u043b\u043e\u0432\u0443.<\/li><li>\u041d\u0430\u0436\u043c\u0438\u0442\u0435 \u0438 \u0443\u0434\u0435\u0440\u0436\u0438\u0432\u0430\u0439\u0442\u0435 2-3 \u0441\u0435\u043a\u0443\u043d\u0434\u044b, \u0437\u0430\u0442\u0435\u043c \u043f\u043e\u0432\u0442\u043e\u0440\u0438\u0442\u0435 \u0441 \u0434\u0440\u0443\u0433\u043e\u0439 \u043d\u043e\u0437\u0434\u0440\u0435\u0439.<\/li><li>\u041e\u0441\u0442\u0430\u0432\u044c\u0442\u0435 \u0440\u0430\u0441\u0442\u0432\u043e\u0440 \u043d\u0430 \u043d\u0435\u0441\u043a\u043e\u043b\u044c\u043a\u043e \u0441\u0435\u043a\u0443\u043d\u0434, \u0437\u0430\u0442\u0435\u043c \u0432\u044b\u0441\u043c\u043e\u0440\u043a\u0430\u0439\u0442\u0435\u0441\u044c \u0438 \u0432\u044b\u0442\u0440\u0438\u0442\u0435 \u043d\u043e\u0441 \u0438\u043b\u0438 \u0432\u043e\u0441\u043f\u043e\u043b\u044c\u0437\u0443\u0439\u0442\u0435\u0441\u044c \u043d\u0430\u0437\u0430\u043b\u044c\u043d\u044b\u043c \u0430\u0441\u043f\u0438\u0440\u0430\u0442\u043e\u0440\u043e\u043c, \u0447\u0442\u043e\u0431\u044b \u0443\u0434\u0430\u043b\u0438\u0442\u044c \u0441\u043b\u0438\u0437\u044c.<\/li><\/ol>\t\t\t\t\t\t\t\t<\/div>\n\t\t\t\t<\/div>\n\t\t\t\t<\/div>\n\t\t<div class=\"elementor-element elementor-element-6a35ae1e e-con-full e-grid e-con e-child\" data-id=\"6a35ae1e\" data-element_type=\"container\">\n\t\t\t\t<div class=\"elementor-element elementor-element-013653d elementor-widget elementor-widget-image\" data-id=\"013653d\" data-element_type=\"widget\" data-widget_type=\"image.default\">\n\t\t\t\t<div class=\"elementor-widget-container\">\n\t\t\t\t\t\t\t\t\t\t\t\t\t\t\t<img loading=\"lazy\" decoding=\"async\" width=\"286\" height=\"286\" src=\"https:\/\/nazomarin.md\/wp-content\/uploads\/2025\/02\/people-1.jpg\" class=\"attachment-large size-large wp-image-26041\" alt=\"\" srcset=\"https:\/\/nazomarin.md\/wp-content\/uploads\/2025\/02\/people-1.jpg 286w, https:\/\/nazomarin.md\/wp-content\/uploads\/2025\/02\/people-1-150x150.jpg 150w, https:\/\/nazomarin.md\/wp-content\/uploads\/2025\/02\/people-1-12x12.jpg 12w\" sizes=\"(max-width: 286px) 100vw, 286px\" \/>\t\t\t\t\t\t\t\t\t\t\t\t\t\t\t<\/div>\n\t\t\t\t<\/div>\n\t\t\t\t<div class=\"elementor-element elementor-element-cd1c19e elementor-widget elementor-widget-image\" data-id=\"cd1c19e\" data-element_type=\"widget\" data-widget_type=\"image.default\">\n\t\t\t\t<div class=\"elementor-widget-container\">\n\t\t\t\t\t\t\t\t\t\t\t\t\t\t\t<img loading=\"lazy\" decoding=\"async\" width=\"286\" height=\"286\" src=\"https:\/\/nazomarin.md\/wp-content\/uploads\/2025\/02\/people-2.jpg\" class=\"attachment-large size-large wp-image-26040\" alt=\"\" srcset=\"https:\/\/nazomarin.md\/wp-content\/uploads\/2025\/02\/people-2.jpg 286w, https:\/\/nazomarin.md\/wp-content\/uploads\/2025\/02\/people-2-150x150.jpg 150w, https:\/\/nazomarin.md\/wp-content\/uploads\/2025\/02\/people-2-12x12.jpg 12w\" sizes=\"(max-width: 286px) 100vw, 286px\" \/>\t\t\t\t\t\t\t\t\t\t\t\t\t\t\t<\/div>\n\t\t\t\t<\/div>\n\t\t\t\t<div class=\"elementor-element elementor-element-cb7dea4 elementor-widget elementor-widget-image\" data-id=\"cb7dea4\" data-element_type=\"widget\" data-widget_type=\"image.default\">\n\t\t\t\t<div class=\"elementor-widget-container\">\n\t\t\t\t\t\t\t\t\t\t\t\t\t\t\t<img loading=\"lazy\" decoding=\"async\" width=\"286\" height=\"286\" src=\"https:\/\/nazomarin.md\/wp-content\/uploads\/2025\/02\/people-3.jpg\" class=\"attachment-large size-large wp-image-26039\" alt=\"\" srcset=\"https:\/\/nazomarin.md\/wp-content\/uploads\/2025\/02\/people-3.jpg 286w, https:\/\/nazomarin.md\/wp-content\/uploads\/2025\/02\/people-3-150x150.jpg 150w, https:\/\/nazomarin.md\/wp-content\/uploads\/2025\/02\/people-3-12x12.jpg 12w\" sizes=\"(max-width: 286px) 100vw, 286px\" \/>\t\t\t\t\t\t\t\t\t\t\t\t\t\t\t<\/div>\n\t\t\t\t<\/div>\n\t\t\t\t<\/div>\n\t\t\t\t\t<\/div>\n\t\t\t\t<\/div>\n\t\t\t\t<\/div>","protected":false},"excerpt":{"rendered":"<p>Nazomarin\u00ae Izotonic 0.9%, 120 ml Nazomarin\u00ae Izotonic cur\u0103\u021b\u0103 delicat n\u0103sucul bebelu\u0219ului, datorit\u0103 spray-ului cu microdifuziune fin\u0103. \u00cendep\u0103rt\u00e2nd excesul de mucus,<\/p>","protected":false},"author":1,"featured_media":0,"parent":0,"menu_order":0,"comment_status":"closed","ping_status":"closed","template":"","meta":{"footnotes":""},"class_list":["post-25007","page","type-page","status-publish","hentry"],"_links":{"self":[{"href":"https:\/\/nazomarin.md\/ru\/wp-json\/wp\/v2\/pages\/25007"}],"collection":[{"href":"https:\/\/nazomarin.md\/ru\/wp-json\/wp\/v2\/pages"}],"about":[{"href":"https:\/\/nazomarin.md\/ru\/wp-json\/wp\/v2\/types\/page"}],"author":[{"embeddable":true,"href":"https:\/\/nazomarin.md\/ru\/wp-json\/wp\/v2\/users\/1"}],"replies":[{"embeddable":true,"href":"https:\/\/nazomarin.md\/ru\/wp-json\/wp\/v2\/comments?post=25007"}],"version-history":[{"count":148,"href":"https:\/\/nazomarin.md\/ru\/wp-json\/wp\/v2\/pages\/25007\/revisions"}],"predecessor-version":[{"id":26536,"href":"https:\/\/nazomarin.md\/ru\/wp-json\/wp\/v2\/pages\/25007\/revisions\/26536"}],"wp:attachment":[{"href":"https:\/\/nazomarin.md\/ru\/wp-json\/wp\/v2\/media?parent=25007"}],"curies":[{"name":"wp","href":"https:\/\/api.w.org\/{rel}","templated":true}]}}