{"id":24625,"date":"2024-10-29T13:37:44","date_gmt":"2024-10-29T13:37:44","guid":{"rendered":"https:\/\/nazo.agensium.com\/?page_id=24625"},"modified":"2025-02-07T16:25:27","modified_gmt":"2025-02-07T16:25:27","slug":"nazomarin-pentru-adulti","status":"publish","type":"page","link":"https:\/\/nazomarin.md\/ru\/nazomarin-pentru-adulti\/","title":{"rendered":"Nazomarin pentru Adul\u021bi"},"content":{"rendered":"<div data-elementor-type=\"wp-page\" data-elementor-id=\"24625\" class=\"elementor elementor-24625\">\n\t\t\t\t<div class=\"wd-negative-gap elementor-element elementor-element-077da5e e-flex e-con-boxed e-con e-parent\" data-id=\"077da5e\" data-element_type=\"container\">\n\t\t\t\t\t<div class=\"e-con-inner\">\n\t\t\t\t<div class=\"elementor-element elementor-element-1c923e76 elementor-widget elementor-widget-heading\" data-id=\"1c923e76\" data-element_type=\"widget\" data-widget_type=\"heading.default\">\n\t\t\t\t<div class=\"elementor-widget-container\">\n\t\t\t\t\t<h1 class=\"elementor-heading-title elementor-size-default\">\u0414\u043b\u044f \u0432\u0437\u0440\u043e\u0441\u043b\u044b\u0445<\/h1>\t\t\t\t<\/div>\n\t\t\t\t<\/div>\n\t\t\t\t\t<\/div>\n\t\t\t\t<\/div>\n\t\t<div class=\"wd-negative-gap elementor-element elementor-element-12a036f e-flex e-con-boxed e-con e-parent\" data-id=\"12a036f\" data-element_type=\"container\">\n\t\t\t\t\t<div class=\"e-con-inner\">\n\t\t<div class=\"elementor-element elementor-element-295334e e-con-full e-flex e-con e-child\" data-id=\"295334e\" data-element_type=\"container\">\n\t\t<div class=\"elementor-element elementor-element-cedc3de e-con-full e-flex e-con e-child\" data-id=\"cedc3de\" data-element_type=\"container\" data-settings=\"{&quot;background_background&quot;:&quot;classic&quot;}\">\n\t\t\t\t<\/div>\n\t\t<div class=\"elementor-element elementor-element-23cc4f8 e-con-full e-flex e-con e-child\" data-id=\"23cc4f8\" data-element_type=\"container\">\n\t\t\t\t<div class=\"elementor-element elementor-element-c3559ec color-scheme-inherit text-left elementor-widget elementor-widget-text-editor\" data-id=\"c3559ec\" data-element_type=\"widget\" data-widget_type=\"text-editor.default\">\n\t\t\t\t<div class=\"elementor-widget-container\">\n\t\t\t\t\t\t\t\t\t<p>\u041d\u0430\u0437\u043e\u043c\u0430\u0440\u0438\u043d\u00ae \u043f\u0440\u0435\u0434\u043b\u0430\u0433\u0430\u0435\u0442 \u0448\u0438\u0440\u043e\u043a\u0438\u0439 \u0430\u0441\u0441\u043e\u0440\u0442\u0438\u043c\u0435\u043d\u0442 \u0440\u0430\u0441\u0442\u0432\u043e\u0440\u043e\u0432 \u043d\u0430 \u043e\u0441\u043d\u043e\u0432\u0435 \u043c\u043e\u0440\u0441\u043a\u043e\u0439 \u0432\u043e\u0434\u044b, \u0438\u0434\u0435\u0430\u043b\u044c\u043d\u043e \u043f\u043e\u0434\u0445\u043e\u0434\u044f\u0449\u0438\u0445 \u0434\u043b\u044f \u0435\u0436\u0435\u0434\u043d\u0435\u0432\u043d\u043e\u0439 \u0433\u0438\u0433\u0438\u0435\u043d\u044b \u043d\u043e\u0441\u0430 \u0438 \u043b\u0435\u0447\u0435\u043d\u0438\u044f \u0437\u0430\u043b\u043e\u0436\u0435\u043d\u043d\u043e\u0441\u0442\u0438 \u043d\u043e\u0441\u0430. \u0418\u0437\u0443\u0447\u0438\u0442\u0435 \u043d\u0430\u0448\u0438 \u043f\u0440\u043e\u0434\u0443\u043a\u0442\u044b \u0438 \u0432\u044b\u0431\u0435\u0440\u0438\u0442\u0435 \u0442\u043e\u0442, \u043a\u043e\u0442\u043e\u0440\u044b\u0439 \u0438\u0434\u0435\u0430\u043b\u044c\u043d\u043e \u0441\u043e\u043e\u0442\u0432\u0435\u0442\u0441\u0442\u0432\u0443\u0435\u0442 \u0432\u0430\u0448\u0438\u043c \u043f\u043e\u0442\u0440\u0435\u0431\u043d\u043e\u0441\u0442\u044f\u043c, \u043e\u0431\u0435\u0441\u043f\u0435\u0447\u0438\u0432\u0430\u044f \u043a\u043e\u043c\u0444\u043e\u0440\u0442 \u0438 \u043b\u0435\u0433\u043a\u043e\u0435 \u0434\u044b\u0445\u0430\u043d\u0438\u0435.<\/p>\t\t\t\t\t\t\t\t<\/div>\n\t\t\t\t<\/div>\n\t\t\t\t<\/div>\n\t\t\t\t<\/div>\n\t\t\t\t\t<\/div>\n\t\t\t\t<\/div>\n\t\t<div class=\"wd-negative-gap elementor-element elementor-element-4ca91c6 e-grid e-con-boxed e-con e-parent\" data-id=\"4ca91c6\" data-element_type=\"container\">\n\t\t\t\t\t<div class=\"e-con-inner\">\n\t\t<div class=\"elementor-element elementor-element-34dab1d e-con-full e-flex e-con e-child\" data-id=\"34dab1d\" data-element_type=\"container\" data-settings=\"{&quot;background_background&quot;:&quot;classic&quot;}\">\n\t\t\t\t<div class=\"elementor-element elementor-element-6f1b508 elementor-widget elementor-widget-image\" data-id=\"6f1b508\" data-element_type=\"widget\" data-widget_type=\"image.default\">\n\t\t\t\t<div class=\"elementor-widget-container\">\n\t\t\t\t\t\t\t\t\t\t\t\t\t\t\t<img decoding=\"async\" src=\"https:\/\/nazomarin.md\/wp-content\/uploads\/elementor\/thumbs\/Picture6-qys7yvjo6qsvhnzlcrsupbo9vyfdzmfgtxe1l85v0q.png\" title=\"Picture6\" alt=\"Picture6\" loading=\"lazy\" \/>\t\t\t\t\t\t\t\t\t\t\t\t\t\t\t<\/div>\n\t\t\t\t<\/div>\n\t\t<div class=\"elementor-element elementor-element-4fa1f5e3 e-con-full e-flex e-con e-child\" data-id=\"4fa1f5e3\" data-element_type=\"container\">\n\t\t\t\t<div class=\"elementor-element elementor-element-3f9f1f61 color-scheme-inherit text-left elementor-widget elementor-widget-text-editor\" data-id=\"3f9f1f61\" data-element_type=\"widget\" data-widget_type=\"text-editor.default\">\n\t\t\t\t<div class=\"elementor-widget-container\">\n\t\t\t\t\t\t\t\t\t<p><b>\u0411\u0435\u0440\u0435\u0436\u043d\u044b\u0439 \u0443\u0445\u043e\u0434 \u0434\u043b\u044f \u043b\u0435\u0433\u043a\u043e\u0433\u043e \u0434\u044b\u0445\u0430\u043d\u0438\u044f<\/b><br \/>\u042d\u0444\u0444\u0435\u043a\u0442\u0438\u0432\u043d\u043e \u0443\u0432\u043b\u0430\u0436\u043d\u044f\u0435\u0442 \u0438 \u043e\u0447\u0438\u0449\u0430\u0435\u0442 \u0441\u043b\u0438\u0437\u0438\u0441\u0442\u0443\u044e \u043e\u0431\u043e\u043b\u043e\u0447\u043a\u0443 \u043d\u043e\u0441\u0430, \u043f\u043e\u0434\u0434\u0435\u0440\u0436\u0438\u0432\u0430\u044f \u0437\u0434\u043e\u0440\u043e\u0432\u043e\u0435 \u0434\u044b\u0445\u0430\u043d\u0438\u0435 \u0434\u0435\u043d\u044c \u0437\u0430 \u0434\u043d\u0435\u043c<\/p>\t\t\t\t\t\t\t\t<\/div>\n\t\t\t\t<\/div>\n\t\t\t\t<div class=\"elementor-element elementor-element-14529cb1 elementor-align-center elementor-widget elementor-widget-button\" data-id=\"14529cb1\" data-element_type=\"widget\" data-widget_type=\"button.default\">\n\t\t\t\t<div class=\"elementor-widget-container\">\n\t\t\t\t\t\t\t\t\t<div class=\"elementor-button-wrapper\">\n\t\t\t\t\t<a class=\"elementor-button elementor-button-link elementor-size-sm\" href=\"\/ru\/nazomarin-izotonic-09-120-ml-2\/\">\n\t\t\t\t\t\t<span class=\"elementor-button-content-wrapper\">\n\t\t\t\t\t\t\t\t\t<span class=\"elementor-button-text\">\u041e\u0442\u043a\u0440\u043e\u0439\u0442\u0435 \u043f\u0440\u043e\u0434\u0443\u043a\u0442 <\/span>\n\t\t\t\t\t<\/span>\n\t\t\t\t\t<\/a>\n\t\t\t\t<\/div>\n\t\t\t\t\t\t\t\t<\/div>\n\t\t\t\t<\/div>\n\t\t\t\t<\/div>\n\t\t\t\t<\/div>\n\t\t<div class=\"elementor-element elementor-element-cb05a11 e-con-full e-flex e-con e-child\" data-id=\"cb05a11\" data-element_type=\"container\" data-settings=\"{&quot;background_background&quot;:&quot;classic&quot;}\">\n\t\t\t\t<div class=\"elementor-element elementor-element-666f2ab elementor-widget elementor-widget-image\" data-id=\"666f2ab\" data-element_type=\"widget\" data-widget_type=\"image.default\">\n\t\t\t\t<div class=\"elementor-widget-container\">\n\t\t\t\t\t\t\t\t\t\t\t\t\t\t\t<img decoding=\"async\" src=\"https:\/\/nazomarin.md\/wp-content\/uploads\/elementor\/thumbs\/Picture7-qys7ywhidku5t9y87a7h9tfqhcar7bj7621j2i4gui.png\" title=\"Picture7\" alt=\"Picture7\" loading=\"lazy\" \/>\t\t\t\t\t\t\t\t\t\t\t\t\t\t\t<\/div>\n\t\t\t\t<\/div>\n\t\t<div class=\"elementor-element elementor-element-6ce13859 e-con-full e-flex e-con e-child\" data-id=\"6ce13859\" data-element_type=\"container\">\n\t\t\t\t<div class=\"elementor-element elementor-element-7ad43646 color-scheme-inherit text-left elementor-widget elementor-widget-text-editor\" data-id=\"7ad43646\" data-element_type=\"widget\" data-widget_type=\"text-editor.default\">\n\t\t\t\t<div class=\"elementor-widget-container\">\n\t\t\t\t\t\t\t\t\t<p><b>\u041c\u043e\u0449\u043d\u043e\u0435 \u0438 \u044d\u0444\u0444\u0435\u043a\u0442\u0438\u0432\u043d\u043e\u0435 \u043f\u0440\u043e\u043c\u044b\u0432\u0430\u043d\u0438\u0435 \u043d\u043e\u0441\u0430<\/b><br \/>\u041d\u0435\u043f\u0440\u0435\u0440\u044b\u0432\u043d\u0430\u044f \u0441\u0442\u0440\u0443\u044f \u0441\u043f\u0440\u0435\u044f \u0433\u043b\u0443\u0431\u043e\u043a\u043e \u043e\u0447\u0438\u0449\u0430\u0435\u0442 \u0438 \u0431\u044b\u0441\u0442\u0440\u043e \u0440\u0430\u0437\u0433\u0440\u0443\u0436\u0430\u0435\u0442 \u043d\u043e\u0441\u043e\u0432\u0443\u044e \u043f\u043e\u043b\u043e\u0441\u0442\u044c, \u0443\u0434\u0430\u043b\u044f\u044f \u0438\u0437\u043b\u0438\u0448\u043a\u0438 \u0441\u043b\u0438\u0437\u0438<\/p>\t\t\t\t\t\t\t\t<\/div>\n\t\t\t\t<\/div>\n\t\t\t\t<div class=\"elementor-element elementor-element-784f262a elementor-align-center elementor-widget elementor-widget-button\" data-id=\"784f262a\" data-element_type=\"widget\" data-widget_type=\"button.default\">\n\t\t\t\t<div class=\"elementor-widget-container\">\n\t\t\t\t\t\t\t\t\t<div class=\"elementor-button-wrapper\">\n\t\t\t\t\t<a class=\"elementor-button elementor-button-link elementor-size-sm\" href=\"\/ru\/nazomarin-hipertonic-22-120-ml\/\">\n\t\t\t\t\t\t<span class=\"elementor-button-content-wrapper\">\n\t\t\t\t\t\t\t\t\t<span class=\"elementor-button-text\">\u041e\u0442\u043a\u0440\u043e\u0439\u0442\u0435 \u043f\u0440\u043e\u0434\u0443\u043a\u0442 <\/span>\n\t\t\t\t\t<\/span>\n\t\t\t\t\t<\/a>\n\t\t\t\t<\/div>\n\t\t\t\t\t\t\t\t<\/div>\n\t\t\t\t<\/div>\n\t\t\t\t<\/div>\n\t\t\t\t<\/div>\n\t\t<div class=\"elementor-element elementor-element-f930384 e-con-full e-flex e-con e-child\" data-id=\"f930384\" data-element_type=\"container\" data-settings=\"{&quot;background_background&quot;:&quot;classic&quot;}\">\n\t\t\t\t<div class=\"elementor-element elementor-element-4f31e02 elementor-widget elementor-widget-image\" data-id=\"4f31e02\" data-element_type=\"widget\" data-widget_type=\"image.default\">\n\t\t\t\t<div class=\"elementor-widget-container\">\n\t\t\t\t\t\t\t\t\t\t\t\t\t\t\t<img decoding=\"async\" src=\"https:\/\/nazomarin.md\/wp-content\/uploads\/elementor\/thumbs\/Untitled-2-r10i402bmyqgrimzwclu1edgpv8wdtd61hh5nlf1vu.png\" title=\"Untitled-2\" alt=\"Untitled-2\" loading=\"lazy\" \/>\t\t\t\t\t\t\t\t\t\t\t\t\t\t\t<\/div>\n\t\t\t\t<\/div>\n\t\t<div class=\"elementor-element elementor-element-4829c6e4 e-con-full e-flex e-con e-child\" data-id=\"4829c6e4\" data-element_type=\"container\">\n\t\t\t\t<div class=\"elementor-element elementor-element-4e3bb463 color-scheme-inherit text-left elementor-widget elementor-widget-text-editor\" data-id=\"4e3bb463\" data-element_type=\"widget\" data-widget_type=\"text-editor.default\">\n\t\t\t\t<div class=\"elementor-widget-container\">\n\t\t\t\t\t\t\t\t\t<p class=\"translation-block\"><b>\u041e\u0441\u0432\u043e\u0431\u043e\u0436\u0434\u0430\u0435\u0442 \u0437\u0430\u043b\u043e\u0436\u0435\u043d\u043d\u044b\u0439 \u043d\u043e\u0441 \u0438 \u0443\u043c\u0435\u043d\u044c\u0448\u0430\u0435\u0442 \u0432\u043e\u0441\u043f\u0430\u043b\u0435\u043d\u0438\u0435<\/b>, \u043e\u0431\u0435\u0441\u043f\u0435\u0447\u0438\u0432\u0430\u044f \u043e\u0449\u0443\u0449\u0435\u043d\u0438\u0435 \u0441\u0432\u0435\u0436\u0435\u0441\u0442\u0438 \u0438 \u043a\u043e\u043c\u0444\u043e\u0440\u0442\u0430.<\/p>\t\t\t\t\t\t\t\t<\/div>\n\t\t\t\t<\/div>\n\t\t\t\t<div class=\"elementor-element elementor-element-4f5efafa elementor-align-center elementor-widget elementor-widget-button\" data-id=\"4f5efafa\" data-element_type=\"widget\" data-widget_type=\"button.default\">\n\t\t\t\t<div class=\"elementor-widget-container\">\n\t\t\t\t\t\t\t\t\t<div class=\"elementor-button-wrapper\">\n\t\t\t\t\t<a class=\"elementor-button elementor-button-link elementor-size-sm\" href=\"\/ru\/nazomarin-hipertonic-aloe-vera-si-eucalipt-2-2-120-ml\/\">\n\t\t\t\t\t\t<span class=\"elementor-button-content-wrapper\">\n\t\t\t\t\t\t\t\t\t<span class=\"elementor-button-text\">\u041e\u0442\u043a\u0440\u043e\u0439\u0442\u0435 \u043f\u0440\u043e\u0434\u0443\u043a\u0442 <\/span>\n\t\t\t\t\t<\/span>\n\t\t\t\t\t<\/a>\n\t\t\t\t<\/div>\n\t\t\t\t\t\t\t\t<\/div>\n\t\t\t\t<\/div>\n\t\t\t\t<\/div>\n\t\t\t\t<\/div>\n\t\t\t\t\t<\/div>\n\t\t\t\t<\/div>\n\t\t\t\t<\/div>","protected":false},"excerpt":{"rendered":"<p>Pentru adul\u021bi Nazomarin\u00ae ofer\u0103 o gam\u0103 variat\u0103 de solu\u021bii pe baz\u0103 de ap\u0103 de mare, ideale pentru igiena nazal\u0103 zilnic\u0103<\/p>","protected":false},"author":1,"featured_media":0,"parent":0,"menu_order":0,"comment_status":"closed","ping_status":"closed","template":"","meta":{"footnotes":""},"class_list":["post-24625","page","type-page","status-publish","hentry"],"_links":{"self":[{"href":"https:\/\/nazomarin.md\/ru\/wp-json\/wp\/v2\/pages\/24625"}],"collection":[{"href":"https:\/\/nazomarin.md\/ru\/wp-json\/wp\/v2\/pages"}],"about":[{"href":"https:\/\/nazomarin.md\/ru\/wp-json\/wp\/v2\/types\/page"}],"author":[{"embeddable":true,"href":"https:\/\/nazomarin.md\/ru\/wp-json\/wp\/v2\/users\/1"}],"replies":[{"embeddable":true,"href":"https:\/\/nazomarin.md\/ru\/wp-json\/wp\/v2\/comments?post=24625"}],"version-history":[{"count":82,"href":"https:\/\/nazomarin.md\/ru\/wp-json\/wp\/v2\/pages\/24625\/revisions"}],"predecessor-version":[{"id":26318,"href":"https:\/\/nazomarin.md\/ru\/wp-json\/wp\/v2\/pages\/24625\/revisions\/26318"}],"wp:attachment":[{"href":"https:\/\/nazomarin.md\/ru\/wp-json\/wp\/v2\/media?parent=24625"}],"curies":[{"name":"wp","href":"https:\/\/api.w.org\/{rel}","templated":true}]}}