{"id":24607,"date":"2024-10-29T13:31:33","date_gmt":"2024-10-29T13:31:33","guid":{"rendered":"https:\/\/nazo.agensium.com\/?page_id=24607"},"modified":"2025-02-07T17:41:27","modified_gmt":"2025-02-07T17:41:27","slug":"nazomarin-pentru-bebelusi","status":"publish","type":"page","link":"https:\/\/nazomarin.md\/ru\/nazomarin-pentru-bebelusi\/","title":{"rendered":"Nazomarin pentru bebelu\u0219i"},"content":{"rendered":"<div data-elementor-type=\"wp-page\" data-elementor-id=\"24607\" class=\"elementor elementor-24607\">\n\t\t\t\t<div class=\"wd-negative-gap elementor-element elementor-element-e685544 e-flex e-con-boxed e-con e-parent\" data-id=\"e685544\" data-element_type=\"container\">\n\t\t\t\t\t<div class=\"e-con-inner\">\n\t\t\t\t<div class=\"elementor-element elementor-element-a906810 elementor-widget elementor-widget-heading\" data-id=\"a906810\" data-element_type=\"widget\" data-widget_type=\"heading.default\">\n\t\t\t\t<div class=\"elementor-widget-container\">\n\t\t\t\t\t<h1 class=\"elementor-heading-title elementor-size-default\">\u0414\u043b\u044f \u043d\u043e\u0432\u043e\u0440\u043e\u0436\u0434\u0435\u043d\u043d\u044b\u0445, \u043c\u043b\u0430\u0434\u0435\u043d\u0446\u0435\u0432 \u0438 \u0434\u0435\u0442\u0435\u0439\n<\/h1>\t\t\t\t<\/div>\n\t\t\t\t<\/div>\n\t\t\t\t\t<\/div>\n\t\t\t\t<\/div>\n\t\t<div class=\"wd-negative-gap elementor-element elementor-element-17d12e6 e-flex e-con-boxed e-con e-parent\" data-id=\"17d12e6\" data-element_type=\"container\">\n\t\t\t\t\t<div class=\"e-con-inner\">\n\t\t<div class=\"elementor-element elementor-element-b0a071d e-con-full e-flex e-con e-child\" data-id=\"b0a071d\" data-element_type=\"container\">\n\t\t<div class=\"elementor-element elementor-element-de37f0f e-con-full e-flex e-con e-child\" data-id=\"de37f0f\" data-element_type=\"container\" data-settings=\"{&quot;background_background&quot;:&quot;classic&quot;}\">\n\t\t\t\t<\/div>\n\t\t<div class=\"elementor-element elementor-element-3f6280a e-con-full e-flex e-con e-child\" data-id=\"3f6280a\" data-element_type=\"container\">\n\t\t\t\t<div class=\"elementor-element elementor-element-13829e5 color-scheme-inherit text-left elementor-widget elementor-widget-text-editor\" data-id=\"13829e5\" data-element_type=\"widget\" data-widget_type=\"text-editor.default\">\n\t\t\t\t<div class=\"elementor-widget-container\">\n\t\t\t\t\t\t\t\t\t<b>\u041d\u0430\u0437\u043e\u043c\u0430\u0440\u0438\u043d\u00ae - \u0431\u0435\u0440\u0435\u0436\u043d\u044b\u0439 \u0443\u0445\u043e\u0434 \u0437\u0430 \u043c\u0430\u043b\u0435\u043d\u044c\u043a\u0438\u043c\u0438 \u043d\u043e\u0441\u0438\u043a\u0430\u043c\u0438<\/b> \u0441\u043e\u0437\u0434\u0430\u043d\u043d\u044b\u0439 \u043d\u0430 \u043e\u0441\u043d\u043e\u0432\u0435 100% \u043d\u0430\u0442\u0443\u0440\u0430\u043b\u044c\u043d\u043e\u0439 \u043c\u043e\u0440\u0441\u043a\u043e\u0439 \u0432\u043e\u0434\u044b, \u0431\u043e\u0433\u0430\u0442\u043e\u0439 \u043c\u0438\u043d\u0435\u0440\u0430\u043b\u044c\u043d\u044b\u043c\u0438 \u0441\u043e\u043b\u044f\u043c\u0438 \u0438 \u043c\u0438\u043a\u0440\u043e\u044d\u043b\u0435\u043c\u0435\u043d\u0442\u0430\u043c\u0438, \u043f\u043e\u043c\u043e\u0433\u0430\u0435\u0442 \u044d\u0444\u0444\u0435\u043a\u0442\u0438\u0432\u043d\u043e \u043e\u0447\u0438\u0441\u0442\u0438\u0442\u044c \u0437\u0430\u043b\u043e\u0436\u0435\u043d\u043d\u044b\u0439 \u043d\u043e\u0441 \u0438\u043b\u0438 \u043d\u0430\u0441\u043c\u043e\u0440\u043a.<br>\u0418\u0434\u0435\u0430\u043b\u044c\u043d\u043e \u043f\u043e\u0434\u0445\u043e\u0434\u0438\u0442 \u0434\u043b\u044f \u0432\u0441\u0435\u0439 \u0441\u0435\u043c\u044c\u0438!\t\t\t\t\t\t\t\t<\/div>\n\t\t\t\t<\/div>\n\t\t\t\t<\/div>\n\t\t\t\t<\/div>\n\t\t<div class=\"elementor-element elementor-element-aad39f0 e-con-full e-flex e-con e-child\" data-id=\"aad39f0\" data-element_type=\"container\">\n\t\t<div class=\"elementor-element elementor-element-d4b8aad e-con-full e-flex e-con e-child\" data-id=\"d4b8aad\" data-element_type=\"container\" data-settings=\"{&quot;background_background&quot;:&quot;classic&quot;}\">\n\t\t\t\t<div class=\"elementor-element elementor-element-49723a6 elementor-widget elementor-widget-image\" data-id=\"49723a6\" data-element_type=\"widget\" data-widget_type=\"image.default\">\n\t\t\t\t<div class=\"elementor-widget-container\">\n\t\t\t\t\t\t\t\t\t\t\t\t\t\t\t<img fetchpriority=\"high\" decoding=\"async\" width=\"330\" height=\"513\" src=\"https:\/\/nazomarin.md\/wp-content\/uploads\/2024\/12\/Picture1-2.png\" class=\"attachment-full size-full wp-image-25204\" alt=\"\" srcset=\"https:\/\/nazomarin.md\/wp-content\/uploads\/2024\/12\/Picture1-2.png 330w, https:\/\/nazomarin.md\/wp-content\/uploads\/2024\/12\/Picture1-2-193x300.png 193w, https:\/\/nazomarin.md\/wp-content\/uploads\/2024\/12\/Picture1-2-150x233.png 150w\" sizes=\"(max-width: 330px) 100vw, 330px\" \/>\t\t\t\t\t\t\t\t\t\t\t\t\t\t\t<\/div>\n\t\t\t\t<\/div>\n\t\t\t\t<div class=\"elementor-element elementor-element-9de28e0 color-scheme-inherit text-left elementor-widget elementor-widget-text-editor\" data-id=\"9de28e0\" data-element_type=\"widget\" data-widget_type=\"text-editor.default\">\n\t\t\t\t<div class=\"elementor-widget-container\">\n\t\t\t\t\t\t\t\t\t<b>\u0411\u0435\u0440\u0435\u0436\u043d\u044b\u0439 \u0443\u0445\u043e\u0434 \u0434\u043b\u044f \u043b\u0435\u0433\u043a\u043e\u0433\u043e \u0434\u044b\u0445\u0430\u043d\u0438\u044f<\/b><br>\n\u042d\u0444\u0444\u0435\u043a\u0442\u0438\u0432\u043d\u043e \u0443\u0432\u043b\u0430\u0436\u043d\u044f\u0435\u0442 \u0438 \u043e\u0447\u0438\u0449\u0430\u0435\u0442 \u0441\u043b\u0438\u0437\u0438\u0441\u0442\u0443\u044e \u043e\u0431\u043e\u043b\u043e\u0447\u043a\u0443 \u043d\u043e\u0441\u0430, \u043f\u043e\u0434\u0434\u0435\u0440\u0436\u0438\u0432\u0430\u044f \u0437\u0434\u043e\u0440\u043e\u0432\u043e\u0435 \u0434\u044b\u0445\u0430\u043d\u0438\u0435 \u0434\u0435\u043d\u044c \u0437\u0430 \u0434\u043d\u0435\u043c\t\t\t\t\t\t\t\t<\/div>\n\t\t\t\t<\/div>\n\t\t\t\t<div class=\"elementor-element elementor-element-645e6f6 elementor-align-center elementor-widget elementor-widget-button\" data-id=\"645e6f6\" data-element_type=\"widget\" data-widget_type=\"button.default\">\n\t\t\t\t<div class=\"elementor-widget-container\">\n\t\t\t\t\t\t\t\t\t<div class=\"elementor-button-wrapper\">\n\t\t\t\t\t<a class=\"elementor-button elementor-button-link elementor-size-sm\" href=\"\/ru\/nazomarin-izotonic-09-120-ml\/\">\n\t\t\t\t\t\t<span class=\"elementor-button-content-wrapper\">\n\t\t\t\t\t\t\t\t\t<span class=\"elementor-button-text\">\u041e\u0442\u043a\u0440\u043e\u0439\u0442\u0435 \u043f\u0440\u043e\u0434\u0443\u043a\u0442 <\/span>\n\t\t\t\t\t<\/span>\n\t\t\t\t\t<\/a>\n\t\t\t\t<\/div>\n\t\t\t\t\t\t\t\t<\/div>\n\t\t\t\t<\/div>\n\t\t\t\t<\/div>\n\t\t<div class=\"elementor-element elementor-element-9f4b18c e-con-full e-flex e-con e-child\" data-id=\"9f4b18c\" data-element_type=\"container\" data-settings=\"{&quot;background_background&quot;:&quot;classic&quot;}\">\n\t\t\t\t<div class=\"elementor-element elementor-element-56251d5 elementor-widget elementor-widget-image\" data-id=\"56251d5\" data-element_type=\"widget\" data-widget_type=\"image.default\">\n\t\t\t\t<div class=\"elementor-widget-container\">\n\t\t\t\t\t\t\t\t\t\t\t\t\t\t\t<img decoding=\"async\" width=\"329\" height=\"513\" src=\"https:\/\/nazomarin.md\/wp-content\/uploads\/2024\/12\/Picture2.png\" class=\"attachment-full size-full wp-image-25206\" alt=\"\" srcset=\"https:\/\/nazomarin.md\/wp-content\/uploads\/2024\/12\/Picture2.png 329w, https:\/\/nazomarin.md\/wp-content\/uploads\/2024\/12\/Picture2-192x300.png 192w, https:\/\/nazomarin.md\/wp-content\/uploads\/2024\/12\/Picture2-150x234.png 150w\" sizes=\"(max-width: 329px) 100vw, 329px\" \/>\t\t\t\t\t\t\t\t\t\t\t\t\t\t\t<\/div>\n\t\t\t\t<\/div>\n\t\t\t\t<div class=\"elementor-element elementor-element-38931de color-scheme-inherit text-left elementor-widget elementor-widget-text-editor\" data-id=\"38931de\" data-element_type=\"widget\" data-widget_type=\"text-editor.default\">\n\t\t\t\t<div class=\"elementor-widget-container\">\n\t\t\t\t\t\t\t\t\t<b>\u0420\u0430\u0437\u0436\u0438\u0436\u0430\u0435\u0442 \u0438 \u043e\u0441\u0432\u043e\u0431\u043e\u0436\u0434\u0430\u0435\u0442 \u0434\u044b\u0445\u0430\u043d\u0438\u0435<\/b>\n<br>\u0421\u043d\u0438\u043c\u0430\u0435\u0442 \u0432\u043e\u0441\u043f\u0430\u043b\u0435\u043d\u0438\u0435, \u0443\u0434\u0430\u043b\u044f\u0435\u0442 \u0438\u0437\u043b\u0438\u0448\u043a\u0438 \u0441\u043b\u0438\u0437\u0438 \u0438 \u0432\u043e\u0441\u0441\u0442\u0430\u043d\u0430\u0432\u043b\u0438\u0432\u0430\u0435\u0442 \u043d\u043e\u0441\u043e\u0432\u043e\u0439 \u043a\u043e\u043c\u0444\u043e\u0440\u0442 \u0435\u0441\u0442\u0435\u0441\u0442\u0432\u0435\u043d\u043d\u044b\u043c \u043f\u0443\u0442\u0435\u043c\t\t\t\t\t\t\t\t<\/div>\n\t\t\t\t<\/div>\n\t\t\t\t<div class=\"elementor-element elementor-element-14a344f elementor-align-center elementor-widget elementor-widget-button\" data-id=\"14a344f\" data-element_type=\"widget\" data-widget_type=\"button.default\">\n\t\t\t\t<div class=\"elementor-widget-container\">\n\t\t\t\t\t\t\t\t\t<div class=\"elementor-button-wrapper\">\n\t\t\t\t\t<a class=\"elementor-button elementor-button-link elementor-size-sm\" href=\"\/ru\/nazomarin-baby-hipertonic-22-120-ml\/\">\n\t\t\t\t\t\t<span class=\"elementor-button-content-wrapper\">\n\t\t\t\t\t\t\t\t\t<span class=\"elementor-button-text\">\u041e\u0442\u043a\u0440\u043e\u0439\u0442\u0435 \u043f\u0440\u043e\u0434\u0443\u043a\u0442 <\/span>\n\t\t\t\t\t<\/span>\n\t\t\t\t\t<\/a>\n\t\t\t\t<\/div>\n\t\t\t\t\t\t\t\t<\/div>\n\t\t\t\t<\/div>\n\t\t\t\t<\/div>\n\t\t\t\t<\/div>\n\t\t\t\t\t<\/div>\n\t\t\t\t<\/div>\n\t\t\t\t<\/div>","protected":false},"excerpt":{"rendered":"<p>Pentru nou-n\u0103scu\u021bi, sugari \u0219i copii Nazomarin\u00ae \u2013 \u00eengrijire delicat\u0103 pentru micile n\u0103sucuri formulat cu ap\u0103 de mare 100% natural\u0103, bogat\u0103<\/p>","protected":false},"author":1,"featured_media":0,"parent":0,"menu_order":0,"comment_status":"closed","ping_status":"closed","template":"","meta":{"footnotes":""},"class_list":["post-24607","page","type-page","status-publish","hentry"],"_links":{"self":[{"href":"https:\/\/nazomarin.md\/ru\/wp-json\/wp\/v2\/pages\/24607"}],"collection":[{"href":"https:\/\/nazomarin.md\/ru\/wp-json\/wp\/v2\/pages"}],"about":[{"href":"https:\/\/nazomarin.md\/ru\/wp-json\/wp\/v2\/types\/page"}],"author":[{"embeddable":true,"href":"https:\/\/nazomarin.md\/ru\/wp-json\/wp\/v2\/users\/1"}],"replies":[{"embeddable":true,"href":"https:\/\/nazomarin.md\/ru\/wp-json\/wp\/v2\/comments?post=24607"}],"version-history":[{"count":97,"href":"https:\/\/nazomarin.md\/ru\/wp-json\/wp\/v2\/pages\/24607\/revisions"}],"predecessor-version":[{"id":26380,"href":"https:\/\/nazomarin.md\/ru\/wp-json\/wp\/v2\/pages\/24607\/revisions\/26380"}],"wp:attachment":[{"href":"https:\/\/nazomarin.md\/ru\/wp-json\/wp\/v2\/media?parent=24607"}],"curies":[{"name":"wp","href":"https:\/\/api.w.org\/{rel}","templated":true}]}}