{"id":26151,"date":"2025-02-04T16:43:54","date_gmt":"2025-02-04T16:43:54","guid":{"rendered":"https:\/\/nazo.agensium.com\/?page_id=26151"},"modified":"2025-02-14T15:35:06","modified_gmt":"2025-02-14T15:35:06","slug":"nazomarin-hipertonic-aloe-vera-si-eucalipt-2-2-120-ml","status":"publish","type":"page","link":"https:\/\/nazomarin.md\/ro\/nazomarin-hipertonic-aloe-vera-si-eucalipt-2-2-120-ml\/","title":{"rendered":"Nazomarin\u00ae Hipertonic Aloe Vera \u0219i Eucalipt, 2.2%, 120 ml"},"content":{"rendered":"\t\t<div data-elementor-type=\"wp-page\" data-elementor-id=\"26151\" class=\"elementor elementor-26151\">\n\t\t\t\t<div class=\"elementor-element elementor-element-23d678a8 e-con-full e-flex e-con e-parent\" data-id=\"23d678a8\" data-element_type=\"container\" data-settings=\"{&quot;background_background&quot;:&quot;classic&quot;}\">\n\t\t<div class=\"elementor-element elementor-element-3da0202f e-con-full e-flex e-con e-child\" data-id=\"3da0202f\" data-element_type=\"container\">\n\t\t\t\t<div class=\"elementor-element elementor-element-13553efe elementor-widget elementor-widget-image\" data-id=\"13553efe\" data-element_type=\"widget\" data-widget_type=\"image.default\">\n\t\t\t\t<div class=\"elementor-widget-container\">\n\t\t\t\t\t\t\t\t\t\t\t\t\t\t\t<img fetchpriority=\"high\" decoding=\"async\" width=\"514\" height=\"800\" src=\"https:\/\/nazomarin.md\/wp-content\/uploads\/2025\/02\/Untitled-1asdsad.png\" class=\"attachment-large size-large wp-image-26154\" alt=\"\" srcset=\"https:\/\/nazomarin.md\/wp-content\/uploads\/2025\/02\/Untitled-1asdsad.png 514w, https:\/\/nazomarin.md\/wp-content\/uploads\/2025\/02\/Untitled-1asdsad-193x300.png 193w, https:\/\/nazomarin.md\/wp-content\/uploads\/2025\/02\/Untitled-1asdsad-8x12.png 8w, https:\/\/nazomarin.md\/wp-content\/uploads\/2025\/02\/Untitled-1asdsad-430x669.png 430w, https:\/\/nazomarin.md\/wp-content\/uploads\/2025\/02\/Untitled-1asdsad-150x233.png 150w, https:\/\/nazomarin.md\/wp-content\/uploads\/2025\/02\/elementor\/thumbs\/Untitled-1asdsad-r10pbheeahy1s9q6pig7cx4c94an9thmdsskzgok7e.png 329w\" sizes=\"(max-width: 514px) 100vw, 514px\" \/>\t\t\t\t\t\t\t\t\t\t\t\t\t\t\t<\/div>\n\t\t\t\t<\/div>\n\t\t<div class=\"elementor-element elementor-element-72c75047 e-con-full e-flex e-con e-child\" data-id=\"72c75047\" data-element_type=\"container\">\n\t\t\t\t<div class=\"elementor-element elementor-element-29069bbf elementor-absolute elementor-widget elementor-widget-image\" data-id=\"29069bbf\" data-element_type=\"widget\" data-settings=\"{&quot;_position&quot;:&quot;absolute&quot;}\" data-widget_type=\"image.default\">\n\t\t\t\t<div class=\"elementor-widget-container\">\n\t\t\t\t\t\t\t\t\t\t\t\t\t\t\t<img decoding=\"async\" width=\"150\" height=\"150\" src=\"https:\/\/nazomarin.md\/wp-content\/uploads\/2025\/01\/6-150x150.png\" class=\"attachment-thumbnail size-thumbnail wp-image-25870\" alt=\"\" srcset=\"https:\/\/nazomarin.md\/wp-content\/uploads\/2025\/01\/6-150x150.png 150w, https:\/\/nazomarin.md\/wp-content\/uploads\/2025\/01\/6.png 200w\" sizes=\"(max-width: 150px) 100vw, 150px\" \/>\t\t\t\t\t\t\t\t\t\t\t\t\t\t\t<\/div>\n\t\t\t\t<\/div>\n\t\t\t\t<div class=\"elementor-element elementor-element-55d2163c elementor-widget elementor-widget-image\" data-id=\"55d2163c\" data-element_type=\"widget\" data-widget_type=\"image.default\">\n\t\t\t\t<div class=\"elementor-widget-container\">\n\t\t\t\t\t\t\t\t\t\t\t\t\t\t\t<img decoding=\"async\" width=\"150\" height=\"150\" src=\"https:\/\/nazomarin.md\/wp-content\/uploads\/2025\/01\/2-1-150x150.png\" class=\"attachment-thumbnail size-thumbnail wp-image-25872\" alt=\"\" srcset=\"https:\/\/nazomarin.md\/wp-content\/uploads\/2025\/01\/2-1-150x150.png 150w, https:\/\/nazomarin.md\/wp-content\/uploads\/2025\/01\/2-1.png 200w\" sizes=\"(max-width: 150px) 100vw, 150px\" \/>\t\t\t\t\t\t\t\t\t\t\t\t\t\t\t<\/div>\n\t\t\t\t<\/div>\n\t\t\t\t<div class=\"elementor-element elementor-element-7ba0e027 elementor-widget elementor-widget-image\" data-id=\"7ba0e027\" data-element_type=\"widget\" data-widget_type=\"image.default\">\n\t\t\t\t<div class=\"elementor-widget-container\">\n\t\t\t\t\t\t\t\t\t\t\t\t\t\t\t<img loading=\"lazy\" decoding=\"async\" width=\"150\" height=\"150\" src=\"https:\/\/nazomarin.md\/wp-content\/uploads\/2025\/01\/4-1-150x150.png\" class=\"attachment-thumbnail size-thumbnail wp-image-25868\" alt=\"\" srcset=\"https:\/\/nazomarin.md\/wp-content\/uploads\/2025\/01\/4-1-150x150.png 150w, https:\/\/nazomarin.md\/wp-content\/uploads\/2025\/01\/4-1.png 200w\" sizes=\"(max-width: 150px) 100vw, 150px\" \/>\t\t\t\t\t\t\t\t\t\t\t\t\t\t\t<\/div>\n\t\t\t\t<\/div>\n\t\t\t\t<div class=\"elementor-element elementor-element-73aff655 elementor-widget elementor-widget-image\" data-id=\"73aff655\" data-element_type=\"widget\" data-widget_type=\"image.default\">\n\t\t\t\t<div class=\"elementor-widget-container\">\n\t\t\t\t\t\t\t\t\t\t\t\t\t\t\t<img loading=\"lazy\" decoding=\"async\" width=\"150\" height=\"150\" src=\"https:\/\/nazomarin.md\/wp-content\/uploads\/2025\/01\/3-1-150x150.png\" class=\"attachment-thumbnail size-thumbnail wp-image-25873\" alt=\"\" srcset=\"https:\/\/nazomarin.md\/wp-content\/uploads\/2025\/01\/3-1-150x150.png 150w, https:\/\/nazomarin.md\/wp-content\/uploads\/2025\/01\/3-1.png 200w\" sizes=\"(max-width: 150px) 100vw, 150px\" \/>\t\t\t\t\t\t\t\t\t\t\t\t\t\t\t<\/div>\n\t\t\t\t<\/div>\n\t\t\t\t<div class=\"elementor-element elementor-element-2cac2bc3 elementor-widget elementor-widget-image\" data-id=\"2cac2bc3\" data-element_type=\"widget\" data-widget_type=\"image.default\">\n\t\t\t\t<div class=\"elementor-widget-container\">\n\t\t\t\t\t\t\t\t\t\t\t\t\t\t\t<img loading=\"lazy\" decoding=\"async\" width=\"150\" height=\"150\" src=\"https:\/\/nazomarin.md\/wp-content\/uploads\/2025\/01\/1-1-150x150.png\" class=\"attachment-thumbnail size-thumbnail wp-image-25871\" alt=\"\" srcset=\"https:\/\/nazomarin.md\/wp-content\/uploads\/2025\/01\/1-1-150x150.png 150w, https:\/\/nazomarin.md\/wp-content\/uploads\/2025\/01\/1-1.png 200w\" sizes=\"(max-width: 150px) 100vw, 150px\" \/>\t\t\t\t\t\t\t\t\t\t\t\t\t\t\t<\/div>\n\t\t\t\t<\/div>\n\t\t\t\t<\/div>\n\t\t\t\t<\/div>\n\t\t<div class=\"elementor-element elementor-element-4f6dfb9b e-con-full e-flex e-con e-child\" data-id=\"4f6dfb9b\" data-element_type=\"container\" data-settings=\"{&quot;background_background&quot;:&quot;classic&quot;}\">\n\t\t\t\t<div class=\"elementor-element elementor-element-5182ee5a elementor-widget elementor-widget-heading\" data-id=\"5182ee5a\" data-element_type=\"widget\" data-widget_type=\"heading.default\">\n\t\t\t\t<div class=\"elementor-widget-container\">\n\t\t\t\t\t<h2 class=\"elementor-heading-title elementor-size-default\">Nazomarin\u00ae Hipertonic Aloe Vera \u0219i Eucalipt, 2.2%, 120 ml\n<\/h2>\t\t\t\t<\/div>\n\t\t\t\t<\/div>\n\t\t\t\t<div class=\"elementor-element elementor-element-5b602bdf elementor-widget elementor-widget-wd_text_block\" data-id=\"5b602bdf\" data-element_type=\"widget\" data-widget_type=\"wd_text_block.default\">\n\t\t\t\t<div class=\"elementor-widget-container\">\n\t\t\t\t\t\t\t\t<link rel=\"stylesheet\" id=\"wd-text-block-css\" href=\"https:\/\/nazomarin.md\/wp-content\/themes\/woodmart\/css\/parts\/el-text-block.min.css?ver=7.6.0\" type=\"text\/css\" media=\"all\" \/> \t\t\t\t\t<div class=\"wd-text-block reset-last-child text-left\">\n\t\t\t\n\t\t\t<p><b>Nazomarin\u00ae Hipertonic Aloe Vera \u0219i Eucalipt<\/b> este un decongestionant natural eficient, care elibereaz\u0103 rapid nasul \u00eenfundat \u0219i reduce inflama\u021bia. Con\u021bine <b>ap\u0103 de mare hipertonic\u0103 2.2%<\/b>, <b>aloe vera<\/b> \u0219i <b>ulei esen\u021bial de eucalipt<\/b>, care calmeaz\u0103 irita\u021biile, hidrateaz\u0103 \u0219i desfund\u0103 nasul, oferind o senza\u021bie de prospe\u021bime. Ideal pentru <b>rinit\u0103, sinuzit\u0103, r\u0103ceal\u0103<\/b> \u0219i alte afec\u021biuni ORL, acest produs ajut\u0103 la restabilirea respira\u021biei naturale \u0219i confortabile<\/p>\n\t\t\t\t\t<\/div>\n\t\t\t\t\t\t<\/div>\n\t\t\t\t<\/div>\n\t\t\t\t<div class=\"elementor-element elementor-element-ff0546e elementor-widget elementor-widget-wd_text_block\" data-id=\"ff0546e\" data-element_type=\"widget\" data-widget_type=\"wd_text_block.default\">\n\t\t\t\t<div class=\"elementor-widget-container\">\n\t\t\t\t\t\t\t<div class=\"wd-text-block reset-last-child text-left\">\n\t\t\t\n\t\t\t<p><b>Ce face?<\/b><\/p><ul><li>Elimin\u0103 mucusul \u0219i agen\u021bii infec\u021bio\u0219i<\/li><li>Decongestioneaz\u0103 rapid mucoasa nazal\u0103<\/li><li>Restabile\u0219te respira\u021bia natural\u0103<\/li><li>\u00cembun\u0103t\u0103\u021be\u0219te eficien\u021ba altor tratamente<\/li><li>Previne complica\u021biile ORL<\/li><\/ul>\n\t\t\t\t\t<\/div>\n\t\t\t\t\t\t<\/div>\n\t\t\t\t<\/div>\n\t\t\t\t<div class=\"elementor-element elementor-element-5c4811b5 elementor-widget elementor-widget-wd_text_block\" data-id=\"5c4811b5\" data-element_type=\"widget\" data-widget_type=\"wd_text_block.default\">\n\t\t\t\t<div class=\"elementor-widget-container\">\n\t\t\t\t\t\t\t<div class=\"wd-text-block reset-last-child text-left\">\n\t\t\t\n\t\t\t<b>Mod de utilizare:<\/b><br>1-2 pulveriz\u0103ri de 2-3 ori pe zi, p\u00e2n\u0103 la eliminarea congestiei nazale. <br>Potrivit pentru copii de la 6 ani \u0219i adul\u021bi.\n\t\t\t\t\t<\/div>\n\t\t\t\t\t\t<\/div>\n\t\t\t\t<\/div>\n\t\t\t\t<\/div>\n\t\t\t\t<\/div>\n\t\t<div class=\"wd-negative-gap elementor-element elementor-element-6dc17fb e-flex e-con-boxed e-con e-parent\" data-id=\"6dc17fb\" data-element_type=\"container\">\n\t\t\t\t\t<div class=\"e-con-inner\">\n\t\t\t\t<div class=\"elementor-element elementor-element-2cdca548 elementor-widget elementor-widget-heading\" data-id=\"2cdca548\" data-element_type=\"widget\" data-widget_type=\"heading.default\">\n\t\t\t\t<div class=\"elementor-widget-container\">\n\t\t\t\t\t<h2 class=\"elementor-heading-title elementor-size-default\">Procur\u0103 online<\/h2>\t\t\t\t<\/div>\n\t\t\t\t<\/div>\n\t\t\t\t\t<\/div>\n\t\t\t\t<\/div>\n\t\t<div class=\"wd-negative-gap elementor-element elementor-element-64f33bc0 elementor-hidden-desktop elementor-hidden-tablet elementor-hidden-mobile e-flex e-con-boxed e-con e-parent\" data-id=\"64f33bc0\" data-element_type=\"container\">\n\t\t\t\t\t<div class=\"e-con-inner\">\n\t\t<div class=\"elementor-element elementor-element-7ad0d57f e-con-full e-flex e-con e-child\" data-id=\"7ad0d57f\" data-element_type=\"container\">\n\t\t\t\t<div class=\"elementor-element elementor-element-2de57f51 elementor-widget elementor-widget-image\" data-id=\"2de57f51\" data-element_type=\"widget\" data-widget_type=\"image.default\">\n\t\t\t\t<div class=\"elementor-widget-container\">\n\t\t\t\t\t\t\t\t\t\t\t\t\t\t\t\t<a href=\"https:\/\/ff.md\/search?type=product&#038;options%5Bprefix%5D=last&#038;q=nazomarin\">\n\t\t\t\t\t\t\t<img loading=\"lazy\" decoding=\"async\" width=\"150\" height=\"150\" src=\"https:\/\/nazomarin.md\/wp-content\/uploads\/2025\/01\/f5-150x150.jpg\" class=\"attachment-thumbnail size-thumbnail wp-image-25926\" alt=\"\" srcset=\"https:\/\/nazomarin.md\/wp-content\/uploads\/2025\/01\/f5-150x150.jpg 150w, https:\/\/nazomarin.md\/wp-content\/uploads\/2025\/01\/f5.jpg 300w\" sizes=\"(max-width: 150px) 100vw, 150px\" \/>\t\t\t\t\t\t\t\t<\/a>\n\t\t\t\t\t\t\t\t\t\t\t\t\t\t\t<\/div>\n\t\t\t\t<\/div>\n\t\t\t\t<\/div>\n\t\t<div class=\"elementor-element elementor-element-214902f5 e-con-full e-flex e-con e-child\" data-id=\"214902f5\" data-element_type=\"container\">\n\t\t\t\t<div class=\"elementor-element elementor-element-4be7094c elementor-widget elementor-widget-image\" data-id=\"4be7094c\" data-element_type=\"widget\" data-widget_type=\"image.default\">\n\t\t\t\t<div class=\"elementor-widget-container\">\n\t\t\t\t\t\t\t\t\t\t\t\t\t\t\t\t<a href=\"https:\/\/hippocrates.md\/ro\/cautare?search=Nazomarin\">\n\t\t\t\t\t\t\t<img loading=\"lazy\" decoding=\"async\" width=\"150\" height=\"150\" src=\"https:\/\/nazomarin.md\/wp-content\/uploads\/2025\/02\/2018_10_29_16_17_42_logo_fb-150x150.jpg\" class=\"attachment-thumbnail size-thumbnail wp-image-26081\" alt=\"\" srcset=\"https:\/\/nazomarin.md\/wp-content\/uploads\/2025\/02\/2018_10_29_16_17_42_logo_fb-150x150.jpg 150w, https:\/\/nazomarin.md\/wp-content\/uploads\/2025\/02\/2018_10_29_16_17_42_logo_fb-12x12.jpg 12w, https:\/\/nazomarin.md\/wp-content\/uploads\/2025\/02\/2018_10_29_16_17_42_logo_fb.jpg 300w\" sizes=\"(max-width: 150px) 100vw, 150px\" \/>\t\t\t\t\t\t\t\t<\/a>\n\t\t\t\t\t\t\t\t\t\t\t\t\t\t\t<\/div>\n\t\t\t\t<\/div>\n\t\t\t\t<\/div>\n\t\t<div class=\"elementor-element elementor-element-1d03ff35 e-con-full e-flex e-con e-child\" data-id=\"1d03ff35\" data-element_type=\"container\">\n\t\t\t\t<div class=\"elementor-element elementor-element-71d60185 elementor-widget elementor-widget-image\" data-id=\"71d60185\" data-element_type=\"widget\" data-widget_type=\"image.default\">\n\t\t\t\t<div class=\"elementor-widget-container\">\n\t\t\t\t\t\t\t\t\t\t\t\t\t\t\t\t<a href=\"https:\/\/farmacie.md\/ro\/search?query=nazomarin\">\n\t\t\t\t\t\t\t<img loading=\"lazy\" decoding=\"async\" width=\"150\" height=\"150\" src=\"https:\/\/nazomarin.md\/wp-content\/uploads\/2025\/02\/Untitled-4-1-150x150.png\" class=\"attachment-thumbnail size-thumbnail wp-image-26099\" alt=\"\" srcset=\"https:\/\/nazomarin.md\/wp-content\/uploads\/2025\/02\/Untitled-4-1-150x150.png 150w, https:\/\/nazomarin.md\/wp-content\/uploads\/2025\/02\/Untitled-4-1-12x12.png 12w, https:\/\/nazomarin.md\/wp-content\/uploads\/2025\/02\/Untitled-4-1.png 300w\" sizes=\"(max-width: 150px) 100vw, 150px\" \/>\t\t\t\t\t\t\t\t<\/a>\n\t\t\t\t\t\t\t\t\t\t\t\t\t\t\t<\/div>\n\t\t\t\t<\/div>\n\t\t\t\t<\/div>\n\t\t<div class=\"elementor-element elementor-element-ecb14e4 e-con-full e-flex e-con e-child\" data-id=\"ecb14e4\" data-element_type=\"container\">\n\t\t\t\t<div class=\"elementor-element elementor-element-24a3504b elementor-widget elementor-widget-image\" data-id=\"24a3504b\" data-element_type=\"widget\" data-widget_type=\"image.default\">\n\t\t\t\t<div class=\"elementor-widget-container\">\n\t\t\t\t\t\t\t\t\t\t\t\t\t\t\t\t<a href=\"https:\/\/www.apteka.md\/search?product=nazoamarin\">\n\t\t\t\t\t\t\t<img loading=\"lazy\" decoding=\"async\" width=\"150\" height=\"150\" src=\"https:\/\/nazomarin.md\/wp-content\/uploads\/2024\/12\/bznzJUBIuPwmZ5k0gxmp-150x150.png\" class=\"attachment-thumbnail size-thumbnail wp-image-25219\" alt=\"\" srcset=\"https:\/\/nazomarin.md\/wp-content\/uploads\/2024\/12\/bznzJUBIuPwmZ5k0gxmp-150x150.png 150w, https:\/\/nazomarin.md\/wp-content\/uploads\/2024\/12\/bznzJUBIuPwmZ5k0gxmp.png 230w\" sizes=\"(max-width: 150px) 100vw, 150px\" \/>\t\t\t\t\t\t\t\t<\/a>\n\t\t\t\t\t\t\t\t\t\t\t\t\t\t\t<\/div>\n\t\t\t\t<\/div>\n\t\t\t\t<\/div>\n\t\t\t\t\t<\/div>\n\t\t\t\t<\/div>\n\t\t<div class=\"wd-negative-gap elementor-element elementor-element-dcc9112 e-flex e-con-boxed e-con e-parent\" data-id=\"dcc9112\" data-element_type=\"container\">\n\t\t\t\t\t<div class=\"e-con-inner\">\n\t\t\t\t<div class=\"elementor-element elementor-element-726d9d5 elementor-widget elementor-widget-heading\" data-id=\"726d9d5\" data-element_type=\"widget\" data-widget_type=\"heading.default\">\n\t\t\t\t<div class=\"elementor-widget-container\">\n\t\t\t\t\t<h4 class=\"elementor-heading-title elementor-size-default\">Apare \u00een cur\u00e2nd \u00een farmacii...<\/h4>\t\t\t\t<\/div>\n\t\t\t\t<\/div>\n\t\t\t\t\t<\/div>\n\t\t\t\t<\/div>\n\t\t<div class=\"wd-negative-gap elementor-element elementor-element-16e70821 e-flex e-con-boxed e-con e-parent\" data-id=\"16e70821\" data-element_type=\"container\">\n\t\t\t\t\t<div class=\"e-con-inner\">\n\t\t<div class=\"elementor-element elementor-element-3c1a3c0f e-con-full e-flex e-con e-child\" data-id=\"3c1a3c0f\" data-element_type=\"container\">\n\t\t\t\t<div class=\"elementor-element elementor-element-481503e6 elementor-widget elementor-widget-heading\" data-id=\"481503e6\" data-element_type=\"widget\" data-widget_type=\"heading.default\">\n\t\t\t\t<div class=\"elementor-widget-container\">\n\t\t\t\t\t<h1 class=\"elementor-heading-title elementor-size-default\">Mod de utilizare<\/h1>\t\t\t\t<\/div>\n\t\t\t\t<\/div>\n\t\t\t\t<\/div>\n\t\t<div class=\"elementor-element elementor-element-3fd79963 e-con-full e-flex e-con e-child\" data-id=\"3fd79963\" data-element_type=\"container\">\n\t\t\t\t<div class=\"elementor-element elementor-element-7662118c color-scheme-inherit text-left elementor-widget elementor-widget-text-editor\" data-id=\"7662118c\" data-element_type=\"widget\" data-widget_type=\"text-editor.default\">\n\t\t\t\t<div class=\"elementor-widget-container\">\n\t\t\t\t\t\t\t\t\t<ol><li>Scoate\u021bi capacul de protec\u021bie, apoi introduce\u021bi cu grij\u0103 aplicatorul \u00een nar\u0103, \u00eenclin\u00e2nd u\u0219or capul.<\/li><li>Ap\u0103sa\u021bi \u0219i men\u021bine\u021bi timp de 2-3 secunde iar apoi repeta\u021bi aplicarea \u00een cealalt\u0103 nar\u0103.<\/li><li>L\u0103sa\u021bi solu\u021bia s\u0103 ac\u021bioneze c\u00e2teva secunde, apoi sufla\u021bi \u0219i \u0219terge\u021bi nasul sau folosi\u021bi un aspirator nazal pentru a elimina mucusul<\/li><\/ol>\t\t\t\t\t\t\t\t<\/div>\n\t\t\t\t<\/div>\n\t\t\t\t<\/div>\n\t\t<div class=\"elementor-element elementor-element-3dbad2b3 e-con-full e-grid e-con e-child\" data-id=\"3dbad2b3\" data-element_type=\"container\">\n\t\t\t\t<div class=\"elementor-element elementor-element-4815456e elementor-widget elementor-widget-image\" data-id=\"4815456e\" data-element_type=\"widget\" data-widget_type=\"image.default\">\n\t\t\t\t<div class=\"elementor-widget-container\">\n\t\t\t\t\t\t\t\t\t\t\t\t\t\t\t<img loading=\"lazy\" decoding=\"async\" width=\"286\" height=\"286\" src=\"https:\/\/nazomarin.md\/wp-content\/uploads\/2025\/02\/people-4-1.jpg\" class=\"attachment-large size-large wp-image-26038\" alt=\"\" srcset=\"https:\/\/nazomarin.md\/wp-content\/uploads\/2025\/02\/people-4-1.jpg 286w, https:\/\/nazomarin.md\/wp-content\/uploads\/2025\/02\/people-4-1-150x150.jpg 150w, https:\/\/nazomarin.md\/wp-content\/uploads\/2025\/02\/people-4-1-12x12.jpg 12w\" sizes=\"(max-width: 286px) 100vw, 286px\" \/>\t\t\t\t\t\t\t\t\t\t\t\t\t\t\t<\/div>\n\t\t\t\t<\/div>\n\t\t\t\t<div class=\"elementor-element elementor-element-1cefc35 elementor-widget elementor-widget-image\" data-id=\"1cefc35\" data-element_type=\"widget\" data-widget_type=\"image.default\">\n\t\t\t\t<div class=\"elementor-widget-container\">\n\t\t\t\t\t\t\t\t\t\t\t\t\t\t\t<img loading=\"lazy\" decoding=\"async\" width=\"286\" height=\"286\" src=\"https:\/\/nazomarin.md\/wp-content\/uploads\/2025\/02\/people-5.jpg\" class=\"attachment-large size-large wp-image-26037\" alt=\"\" srcset=\"https:\/\/nazomarin.md\/wp-content\/uploads\/2025\/02\/people-5.jpg 286w, https:\/\/nazomarin.md\/wp-content\/uploads\/2025\/02\/people-5-150x150.jpg 150w, https:\/\/nazomarin.md\/wp-content\/uploads\/2025\/02\/people-5-12x12.jpg 12w\" sizes=\"(max-width: 286px) 100vw, 286px\" \/>\t\t\t\t\t\t\t\t\t\t\t\t\t\t\t<\/div>\n\t\t\t\t<\/div>\n\t\t\t\t<div class=\"elementor-element elementor-element-38e3ab9b elementor-widget elementor-widget-image\" data-id=\"38e3ab9b\" data-element_type=\"widget\" data-widget_type=\"image.default\">\n\t\t\t\t<div class=\"elementor-widget-container\">\n\t\t\t\t\t\t\t\t\t\t\t\t\t\t\t<img loading=\"lazy\" decoding=\"async\" width=\"286\" height=\"286\" src=\"https:\/\/nazomarin.md\/wp-content\/uploads\/2025\/02\/people-6.jpg\" class=\"attachment-large size-large wp-image-26036\" alt=\"\" srcset=\"https:\/\/nazomarin.md\/wp-content\/uploads\/2025\/02\/people-6.jpg 286w, https:\/\/nazomarin.md\/wp-content\/uploads\/2025\/02\/people-6-150x150.jpg 150w, https:\/\/nazomarin.md\/wp-content\/uploads\/2025\/02\/people-6-12x12.jpg 12w\" sizes=\"(max-width: 286px) 100vw, 286px\" \/>\t\t\t\t\t\t\t\t\t\t\t\t\t\t\t<\/div>\n\t\t\t\t<\/div>\n\t\t\t\t<\/div>\n\t\t\t\t\t<\/div>\n\t\t\t\t<\/div>\n\t\t<div class=\"elementor-element elementor-element-db20dcc e-con-full e-flex e-con e-child\" data-id=\"db20dcc\" data-element_type=\"container\" data-settings=\"{&quot;background_background&quot;:&quot;classic&quot;,&quot;position&quot;:&quot;absolute&quot;}\">\n\t\t\t\t<div class=\"elementor-element elementor-element-581b4c88 color-scheme-inherit text-left elementor-widget elementor-widget-text-editor\" data-id=\"581b4c88\" data-element_type=\"widget\" data-widget_type=\"text-editor.default\">\n\t\t\t\t<div class=\"elementor-widget-container\">\n\t\t\t\t\t\t\t\t\t<p>+6 ani<\/p>\t\t\t\t\t\t\t\t<\/div>\n\t\t\t\t<\/div>\n\t\t\t\t<\/div>\n\t\t\t\t<\/div>\n\t\t","protected":false},"excerpt":{"rendered":"<p>Nazomarin\u00ae Hipertonic Aloe Vera \u0219i Eucalipt, 2.2%, 120 ml Nazomarin\u00ae Hipertonic Aloe Vera \u0219i Eucalipt este un decongestionant natural eficient,<\/p>\n","protected":false},"author":1,"featured_media":0,"parent":0,"menu_order":0,"comment_status":"closed","ping_status":"closed","template":"","meta":{"footnotes":""},"class_list":["post-26151","page","type-page","status-publish","hentry"],"_links":{"self":[{"href":"https:\/\/nazomarin.md\/ro\/wp-json\/wp\/v2\/pages\/26151"}],"collection":[{"href":"https:\/\/nazomarin.md\/ro\/wp-json\/wp\/v2\/pages"}],"about":[{"href":"https:\/\/nazomarin.md\/ro\/wp-json\/wp\/v2\/types\/page"}],"author":[{"embeddable":true,"href":"https:\/\/nazomarin.md\/ro\/wp-json\/wp\/v2\/users\/1"}],"replies":[{"embeddable":true,"href":"https:\/\/nazomarin.md\/ro\/wp-json\/wp\/v2\/comments?post=26151"}],"version-history":[{"count":31,"href":"https:\/\/nazomarin.md\/ro\/wp-json\/wp\/v2\/pages\/26151\/revisions"}],"predecessor-version":[{"id":26551,"href":"https:\/\/nazomarin.md\/ro\/wp-json\/wp\/v2\/pages\/26151\/revisions\/26551"}],"wp:attachment":[{"href":"https:\/\/nazomarin.md\/ro\/wp-json\/wp\/v2\/media?parent=26151"}],"curies":[{"name":"wp","href":"https:\/\/api.w.org\/{rel}","templated":true}]}}