{"id":25059,"date":"2024-12-18T15:06:53","date_gmt":"2024-12-18T15:06:53","guid":{"rendered":"https:\/\/nazo.agensium.com\/?page_id=25059"},"modified":"2025-02-14T15:31:26","modified_gmt":"2025-02-14T15:31:26","slug":"nazomarin-baby-hipertonic-22-120-ml","status":"publish","type":"page","link":"https:\/\/nazomarin.md\/ro\/nazomarin-baby-hipertonic-22-120-ml\/","title":{"rendered":"Nazomarin\u00ae Baby Hipertonic, 2,2% 120 ml"},"content":{"rendered":"\t\t<div data-elementor-type=\"wp-page\" data-elementor-id=\"25059\" class=\"elementor elementor-25059\">\n\t\t\t\t<div class=\"elementor-element elementor-element-1b838e57 e-con-full e-flex e-con e-parent\" data-id=\"1b838e57\" data-element_type=\"container\" data-settings=\"{&quot;background_background&quot;:&quot;classic&quot;}\">\n\t\t<div class=\"elementor-element elementor-element-32495f37 e-con-full e-flex e-con e-child\" data-id=\"32495f37\" data-element_type=\"container\">\n\t\t\t\t<div class=\"elementor-element elementor-element-4f2d4831 elementor-widget elementor-widget-image\" data-id=\"4f2d4831\" data-element_type=\"widget\" data-widget_type=\"image.default\">\n\t\t\t\t<div class=\"elementor-widget-container\">\n\t\t\t\t\t\t\t\t\t\t\t\t\t\t\t<img fetchpriority=\"high\" decoding=\"async\" width=\"456\" height=\"711\" src=\"https:\/\/nazomarin.md\/wp-content\/uploads\/2024\/12\/Picture4.png\" class=\"attachment-large size-large wp-image-25234\" alt=\"\" srcset=\"https:\/\/nazomarin.md\/wp-content\/uploads\/2024\/12\/Picture4.png 456w, https:\/\/nazomarin.md\/wp-content\/uploads\/2024\/12\/Picture4-192x300.png 192w, https:\/\/nazomarin.md\/wp-content\/uploads\/2024\/12\/Picture4-430x670.png 430w, https:\/\/nazomarin.md\/wp-content\/uploads\/2024\/12\/Picture4-150x234.png 150w\" sizes=\"(max-width: 456px) 100vw, 456px\" \/>\t\t\t\t\t\t\t\t\t\t\t\t\t\t\t<\/div>\n\t\t\t\t<\/div>\n\t\t<div class=\"elementor-element elementor-element-471818e5 e-con-full e-flex e-con e-child\" data-id=\"471818e5\" data-element_type=\"container\">\n\t\t\t\t<div class=\"elementor-element elementor-element-11815cd2 elementor-absolute elementor-widget elementor-widget-image\" data-id=\"11815cd2\" data-element_type=\"widget\" data-settings=\"{&quot;_position&quot;:&quot;absolute&quot;}\" data-widget_type=\"image.default\">\n\t\t\t\t<div class=\"elementor-widget-container\">\n\t\t\t\t\t\t\t\t\t\t\t\t\t\t\t<img decoding=\"async\" width=\"150\" height=\"150\" src=\"https:\/\/nazomarin.md\/wp-content\/uploads\/2025\/01\/6-150x150.png\" class=\"attachment-thumbnail size-thumbnail wp-image-25870\" alt=\"\" srcset=\"https:\/\/nazomarin.md\/wp-content\/uploads\/2025\/01\/6-150x150.png 150w, https:\/\/nazomarin.md\/wp-content\/uploads\/2025\/01\/6.png 200w\" sizes=\"(max-width: 150px) 100vw, 150px\" \/>\t\t\t\t\t\t\t\t\t\t\t\t\t\t\t<\/div>\n\t\t\t\t<\/div>\n\t\t\t\t<div class=\"elementor-element elementor-element-29fa8f7c elementor-widget elementor-widget-image\" data-id=\"29fa8f7c\" data-element_type=\"widget\" data-widget_type=\"image.default\">\n\t\t\t\t<div class=\"elementor-widget-container\">\n\t\t\t\t\t\t\t\t\t\t\t\t\t\t\t<img decoding=\"async\" width=\"150\" height=\"150\" src=\"https:\/\/nazomarin.md\/wp-content\/uploads\/2025\/01\/2-1-150x150.png\" class=\"attachment-thumbnail size-thumbnail wp-image-25872\" alt=\"\" srcset=\"https:\/\/nazomarin.md\/wp-content\/uploads\/2025\/01\/2-1-150x150.png 150w, https:\/\/nazomarin.md\/wp-content\/uploads\/2025\/01\/2-1.png 200w\" sizes=\"(max-width: 150px) 100vw, 150px\" \/>\t\t\t\t\t\t\t\t\t\t\t\t\t\t\t<\/div>\n\t\t\t\t<\/div>\n\t\t\t\t<div class=\"elementor-element elementor-element-461cb0f elementor-widget elementor-widget-image\" data-id=\"461cb0f\" data-element_type=\"widget\" data-widget_type=\"image.default\">\n\t\t\t\t<div class=\"elementor-widget-container\">\n\t\t\t\t\t\t\t\t\t\t\t\t\t\t\t<img loading=\"lazy\" decoding=\"async\" width=\"150\" height=\"150\" src=\"https:\/\/nazomarin.md\/wp-content\/uploads\/2025\/01\/4-1-150x150.png\" class=\"attachment-thumbnail size-thumbnail wp-image-25868\" alt=\"\" srcset=\"https:\/\/nazomarin.md\/wp-content\/uploads\/2025\/01\/4-1-150x150.png 150w, https:\/\/nazomarin.md\/wp-content\/uploads\/2025\/01\/4-1.png 200w\" sizes=\"(max-width: 150px) 100vw, 150px\" \/>\t\t\t\t\t\t\t\t\t\t\t\t\t\t\t<\/div>\n\t\t\t\t<\/div>\n\t\t\t\t<div class=\"elementor-element elementor-element-62579208 elementor-widget elementor-widget-image\" data-id=\"62579208\" data-element_type=\"widget\" data-widget_type=\"image.default\">\n\t\t\t\t<div class=\"elementor-widget-container\">\n\t\t\t\t\t\t\t\t\t\t\t\t\t\t\t<img loading=\"lazy\" decoding=\"async\" width=\"150\" height=\"150\" src=\"https:\/\/nazomarin.md\/wp-content\/uploads\/2025\/01\/3-1-150x150.png\" class=\"attachment-thumbnail size-thumbnail wp-image-25873\" alt=\"\" srcset=\"https:\/\/nazomarin.md\/wp-content\/uploads\/2025\/01\/3-1-150x150.png 150w, https:\/\/nazomarin.md\/wp-content\/uploads\/2025\/01\/3-1.png 200w\" sizes=\"(max-width: 150px) 100vw, 150px\" \/>\t\t\t\t\t\t\t\t\t\t\t\t\t\t\t<\/div>\n\t\t\t\t<\/div>\n\t\t\t\t<div class=\"elementor-element elementor-element-5453cb29 elementor-widget elementor-widget-image\" data-id=\"5453cb29\" data-element_type=\"widget\" data-widget_type=\"image.default\">\n\t\t\t\t<div class=\"elementor-widget-container\">\n\t\t\t\t\t\t\t\t\t\t\t\t\t\t\t<img loading=\"lazy\" decoding=\"async\" width=\"150\" height=\"150\" src=\"https:\/\/nazomarin.md\/wp-content\/uploads\/2025\/01\/1-1-150x150.png\" class=\"attachment-thumbnail size-thumbnail wp-image-25871\" alt=\"\" srcset=\"https:\/\/nazomarin.md\/wp-content\/uploads\/2025\/01\/1-1-150x150.png 150w, https:\/\/nazomarin.md\/wp-content\/uploads\/2025\/01\/1-1.png 200w\" sizes=\"(max-width: 150px) 100vw, 150px\" \/>\t\t\t\t\t\t\t\t\t\t\t\t\t\t\t<\/div>\n\t\t\t\t<\/div>\n\t\t\t\t<\/div>\n\t\t\t\t<\/div>\n\t\t<div class=\"elementor-element elementor-element-358b88af e-con-full e-flex e-con e-child\" data-id=\"358b88af\" data-element_type=\"container\" data-settings=\"{&quot;background_background&quot;:&quot;classic&quot;}\">\n\t\t\t\t<div class=\"elementor-element elementor-element-77550d0b elementor-widget elementor-widget-heading\" data-id=\"77550d0b\" data-element_type=\"widget\" data-widget_type=\"heading.default\">\n\t\t\t\t<div class=\"elementor-widget-container\">\n\t\t\t\t\t<h2 class=\"elementor-heading-title elementor-size-default\">Nazomarin\u00ae Baby Hipertonic, 2.2% 120 ml<\/h2>\t\t\t\t<\/div>\n\t\t\t\t<\/div>\n\t\t\t\t<div class=\"elementor-element elementor-element-7addc2e6 elementor-widget elementor-widget-wd_text_block\" data-id=\"7addc2e6\" data-element_type=\"widget\" data-widget_type=\"wd_text_block.default\">\n\t\t\t\t<div class=\"elementor-widget-container\">\n\t\t\t\t\t\t\t\t<link rel=\"stylesheet\" id=\"wd-text-block-css\" href=\"https:\/\/nazomarin.md\/wp-content\/themes\/woodmart\/css\/parts\/el-text-block.min.css?ver=7.6.0\" type=\"text\/css\" media=\"all\" \/> \t\t\t\t\t<div class=\"wd-text-block reset-last-child text-left\">\n\t\t\t\n\t\t\t<p><b>Nazomarin\u00ae Baby Hipertonic<\/b> con\u021bine solu\u021bie hipertonic\u0103 de ap\u0103 de mare 2,2%, recomandat pentru ameliorarea congestiei nazale. Datorit\u0103 microdifuziei fine, este potrivit pentru sugari de la 3 luni, copii \u0219i adul\u021bi. Ajut\u0103 la reducerea congestiei, restabilind respira\u021bia fiziologic\u0103 \u0219i oferind confort \u00een timpul somnului \u0219i al\u0103pt\u0103rii.<\/p>\n\t\t\t\t\t<\/div>\n\t\t\t\t\t\t<\/div>\n\t\t\t\t<\/div>\n\t\t\t\t<div class=\"elementor-element elementor-element-3019fa71 elementor-widget elementor-widget-wd_text_block\" data-id=\"3019fa71\" data-element_type=\"widget\" data-widget_type=\"wd_text_block.default\">\n\t\t\t\t<div class=\"elementor-widget-container\">\n\t\t\t\t\t\t\t<div class=\"wd-text-block reset-last-child text-left\">\n\t\t\t\n\t\t\t<p><b>Ce face<\/b><b>?<\/b><b>:<\/b><\/p><ul><li>Elimina mucusul \u0219i agen\u021bii infec\u021bio\u0219i<\/li><li>Decongestioneaz\u0103 mucoasa nazal\u0103<\/li><li>Restabile\u0219te respira\u021bia normal\u0103<\/li><li>Optimizeaz\u0103 efectul altor medicamente<\/li><li>Previne complica\u021biile ORL<\/li><\/ul>\n\t\t\t\t\t<\/div>\n\t\t\t\t\t\t<\/div>\n\t\t\t\t<\/div>\n\t\t\t\t<div class=\"elementor-element elementor-element-14240093 elementor-widget elementor-widget-wd_text_block\" data-id=\"14240093\" data-element_type=\"widget\" data-widget_type=\"wd_text_block.default\">\n\t\t\t\t<div class=\"elementor-widget-container\">\n\t\t\t\t\t\t\t<div class=\"wd-text-block reset-last-child text-left\">\n\t\t\t\n\t\t\t<b>Mod de utilizare:<\/b><br> 1-2 pulveriz\u0103ri de 2-3 ori pe zi, p\u00e2n\u0103 la eliminarea congestiei nazale. <br>Potrivit pentru \u00eentreaga familie, inclusiv pentru sugari de la 3 luni.\n\t\t\t\t\t<\/div>\n\t\t\t\t\t\t<\/div>\n\t\t\t\t<\/div>\n\t\t\t\t<\/div>\n\t\t\t\t<\/div>\n\t\t<div class=\"wd-negative-gap elementor-element elementor-element-62cbacc1 e-flex e-con-boxed e-con e-parent\" data-id=\"62cbacc1\" data-element_type=\"container\">\n\t\t\t\t\t<div class=\"e-con-inner\">\n\t\t\t\t<div class=\"elementor-element elementor-element-2f9ad273 elementor-widget elementor-widget-heading\" data-id=\"2f9ad273\" data-element_type=\"widget\" data-widget_type=\"heading.default\">\n\t\t\t\t<div class=\"elementor-widget-container\">\n\t\t\t\t\t<h2 class=\"elementor-heading-title elementor-size-default\">Procur\u0103 online<\/h2>\t\t\t\t<\/div>\n\t\t\t\t<\/div>\n\t\t\t\t\t<\/div>\n\t\t\t\t<\/div>\n\t\t<div class=\"wd-negative-gap elementor-element elementor-element-b549779 e-flex e-con-boxed e-con e-parent\" data-id=\"b549779\" data-element_type=\"container\">\n\t\t\t\t\t<div class=\"e-con-inner\">\n\t\t<div class=\"elementor-element elementor-element-5f41812c e-con-full e-flex e-con e-child\" data-id=\"5f41812c\" data-element_type=\"container\">\n\t\t\t\t<div class=\"elementor-element elementor-element-2286d3a7 elementor-widget elementor-widget-image\" data-id=\"2286d3a7\" data-element_type=\"widget\" data-widget_type=\"image.default\">\n\t\t\t\t<div class=\"elementor-widget-container\">\n\t\t\t\t\t\t\t\t\t\t\t\t\t\t\t\t<a href=\"https:\/\/ff.md\/search?type=product&#038;options%5Bprefix%5D=last&#038;q=nazomarin\">\n\t\t\t\t\t\t\t<img loading=\"lazy\" decoding=\"async\" width=\"150\" height=\"150\" src=\"https:\/\/nazomarin.md\/wp-content\/uploads\/2025\/02\/Farmacia-Familiei_logo_new-150x150.png\" class=\"attachment-thumbnail size-thumbnail wp-image-26255\" alt=\"\" srcset=\"https:\/\/nazomarin.md\/wp-content\/uploads\/2025\/02\/Farmacia-Familiei_logo_new-150x150.png 150w, https:\/\/nazomarin.md\/wp-content\/uploads\/2025\/02\/Farmacia-Familiei_logo_new-300x300.png 300w, https:\/\/nazomarin.md\/wp-content\/uploads\/2025\/02\/Farmacia-Familiei_logo_new-12x12.png 12w, https:\/\/nazomarin.md\/wp-content\/uploads\/2025\/02\/Farmacia-Familiei_logo_new-430x430.png 430w, https:\/\/nazomarin.md\/wp-content\/uploads\/2025\/02\/Farmacia-Familiei_logo_new.png 500w\" sizes=\"(max-width: 150px) 100vw, 150px\" \/>\t\t\t\t\t\t\t\t<\/a>\n\t\t\t\t\t\t\t\t\t\t\t\t\t\t\t<\/div>\n\t\t\t\t<\/div>\n\t\t\t\t<\/div>\n\t\t<div class=\"elementor-element elementor-element-7c572af8 e-con-full e-flex e-con e-child\" data-id=\"7c572af8\" data-element_type=\"container\">\n\t\t\t\t<div class=\"elementor-element elementor-element-74bb110a elementor-widget elementor-widget-image\" data-id=\"74bb110a\" data-element_type=\"widget\" data-widget_type=\"image.default\">\n\t\t\t\t<div class=\"elementor-widget-container\">\n\t\t\t\t\t\t\t\t\t\t\t\t\t\t\t\t<a href=\"https:\/\/hippocrates.md\/ro\/cautare?search=Nazomarin\">\n\t\t\t\t\t\t\t<img loading=\"lazy\" decoding=\"async\" width=\"150\" height=\"150\" src=\"https:\/\/nazomarin.md\/wp-content\/uploads\/2025\/02\/2018_10_29_16_17_42_logo_fb-150x150.jpg\" class=\"attachment-thumbnail size-thumbnail wp-image-26081\" alt=\"\" srcset=\"https:\/\/nazomarin.md\/wp-content\/uploads\/2025\/02\/2018_10_29_16_17_42_logo_fb-150x150.jpg 150w, https:\/\/nazomarin.md\/wp-content\/uploads\/2025\/02\/2018_10_29_16_17_42_logo_fb-12x12.jpg 12w, https:\/\/nazomarin.md\/wp-content\/uploads\/2025\/02\/2018_10_29_16_17_42_logo_fb.jpg 300w\" sizes=\"(max-width: 150px) 100vw, 150px\" \/>\t\t\t\t\t\t\t\t<\/a>\n\t\t\t\t\t\t\t\t\t\t\t\t\t\t\t<\/div>\n\t\t\t\t<\/div>\n\t\t\t\t<\/div>\n\t\t<div class=\"elementor-element elementor-element-673afbe4 e-con-full e-flex e-con e-child\" data-id=\"673afbe4\" data-element_type=\"container\">\n\t\t\t\t<div class=\"elementor-element elementor-element-323680af elementor-widget elementor-widget-image\" data-id=\"323680af\" data-element_type=\"widget\" data-widget_type=\"image.default\">\n\t\t\t\t<div class=\"elementor-widget-container\">\n\t\t\t\t\t\t\t\t\t\t\t\t\t\t\t\t<a href=\"https:\/\/farmacie.md\/ro\/search?query=nazomarin\">\n\t\t\t\t\t\t\t<img loading=\"lazy\" decoding=\"async\" width=\"150\" height=\"150\" src=\"https:\/\/nazomarin.md\/wp-content\/uploads\/2025\/02\/Untitled-4-1-150x150.png\" class=\"attachment-thumbnail size-thumbnail wp-image-26099\" alt=\"\" srcset=\"https:\/\/nazomarin.md\/wp-content\/uploads\/2025\/02\/Untitled-4-1-150x150.png 150w, https:\/\/nazomarin.md\/wp-content\/uploads\/2025\/02\/Untitled-4-1-12x12.png 12w, https:\/\/nazomarin.md\/wp-content\/uploads\/2025\/02\/Untitled-4-1.png 300w\" sizes=\"(max-width: 150px) 100vw, 150px\" \/>\t\t\t\t\t\t\t\t<\/a>\n\t\t\t\t\t\t\t\t\t\t\t\t\t\t\t<\/div>\n\t\t\t\t<\/div>\n\t\t\t\t<\/div>\n\t\t<div class=\"elementor-element elementor-element-48ced80d e-con-full e-flex e-con e-child\" data-id=\"48ced80d\" data-element_type=\"container\">\n\t\t\t\t<div class=\"elementor-element elementor-element-63361582 elementor-widget elementor-widget-image\" data-id=\"63361582\" data-element_type=\"widget\" data-widget_type=\"image.default\">\n\t\t\t\t<div class=\"elementor-widget-container\">\n\t\t\t\t\t\t\t\t\t\t\t\t\t\t\t\t<a href=\"https:\/\/www.apteka.md\/search?product=nazoamarin\">\n\t\t\t\t\t\t\t<img loading=\"lazy\" decoding=\"async\" width=\"150\" height=\"150\" src=\"https:\/\/nazomarin.md\/wp-content\/uploads\/2024\/12\/bznzJUBIuPwmZ5k0gxmp-150x150.png\" class=\"attachment-thumbnail size-thumbnail wp-image-25219\" alt=\"\" srcset=\"https:\/\/nazomarin.md\/wp-content\/uploads\/2024\/12\/bznzJUBIuPwmZ5k0gxmp-150x150.png 150w, https:\/\/nazomarin.md\/wp-content\/uploads\/2024\/12\/bznzJUBIuPwmZ5k0gxmp.png 230w\" sizes=\"(max-width: 150px) 100vw, 150px\" \/>\t\t\t\t\t\t\t\t<\/a>\n\t\t\t\t\t\t\t\t\t\t\t\t\t\t\t<\/div>\n\t\t\t\t<\/div>\n\t\t\t\t<\/div>\n\t\t\t\t\t<\/div>\n\t\t\t\t<\/div>\n\t\t<div class=\"wd-negative-gap elementor-element elementor-element-74939f74 e-flex e-con-boxed e-con e-parent\" data-id=\"74939f74\" data-element_type=\"container\">\n\t\t\t\t\t<div class=\"e-con-inner\">\n\t\t<div class=\"elementor-element elementor-element-6e2b2a66 e-con-full e-flex e-con e-child\" data-id=\"6e2b2a66\" data-element_type=\"container\">\n\t\t\t\t<div class=\"elementor-element elementor-element-af2d2c9 elementor-widget elementor-widget-heading\" data-id=\"af2d2c9\" data-element_type=\"widget\" data-widget_type=\"heading.default\">\n\t\t\t\t<div class=\"elementor-widget-container\">\n\t\t\t\t\t<h1 class=\"elementor-heading-title elementor-size-default\">Mod de utilizare<\/h1>\t\t\t\t<\/div>\n\t\t\t\t<\/div>\n\t\t\t\t<\/div>\n\t\t<div class=\"elementor-element elementor-element-46c11c0f e-con-full e-flex e-con e-child\" data-id=\"46c11c0f\" data-element_type=\"container\">\n\t\t\t\t<div class=\"elementor-element elementor-element-210a08e2 color-scheme-inherit text-left elementor-widget elementor-widget-text-editor\" data-id=\"210a08e2\" data-element_type=\"widget\" data-widget_type=\"text-editor.default\">\n\t\t\t\t<div class=\"elementor-widget-container\">\n\t\t\t\t\t\t\t\t\t<ol><li>Scoate\u021bi capacul de protec\u021bie, apoi introduce\u021bi cu grij\u0103 aplicatorul \u00een nar\u0103, \u00eenclin\u00e2nd u\u0219or capul.<\/li><li>Ap\u0103sa\u021bi \u0219i men\u021bine\u021bi timp de 2-3 secunde iar apoi repeta\u021bi aplicarea \u00een cealalt\u0103 nar\u0103.<\/li><li>L\u0103sa\u021bi solu\u021bia s\u0103 ac\u021bioneze c\u00e2teva secunde, apoi sufla\u021bi \u0219i \u0219terge\u021bi nasul sau folosi\u021bi un aspirator nazal pentru a elimina mucusul<\/li><\/ol>\t\t\t\t\t\t\t\t<\/div>\n\t\t\t\t<\/div>\n\t\t\t\t<\/div>\n\t\t<div class=\"elementor-element elementor-element-4346f03a e-con-full e-grid e-con e-child\" data-id=\"4346f03a\" data-element_type=\"container\">\n\t\t\t\t<div class=\"elementor-element elementor-element-3e15e3dc elementor-widget elementor-widget-image\" data-id=\"3e15e3dc\" data-element_type=\"widget\" data-widget_type=\"image.default\">\n\t\t\t\t<div class=\"elementor-widget-container\">\n\t\t\t\t\t\t\t\t\t\t\t\t\t\t\t<img loading=\"lazy\" decoding=\"async\" width=\"286\" height=\"286\" src=\"https:\/\/nazomarin.md\/wp-content\/uploads\/2025\/02\/people-1.jpg\" class=\"attachment-large size-large wp-image-26041\" alt=\"\" srcset=\"https:\/\/nazomarin.md\/wp-content\/uploads\/2025\/02\/people-1.jpg 286w, https:\/\/nazomarin.md\/wp-content\/uploads\/2025\/02\/people-1-150x150.jpg 150w, https:\/\/nazomarin.md\/wp-content\/uploads\/2025\/02\/people-1-12x12.jpg 12w\" sizes=\"(max-width: 286px) 100vw, 286px\" \/>\t\t\t\t\t\t\t\t\t\t\t\t\t\t\t<\/div>\n\t\t\t\t<\/div>\n\t\t\t\t<div class=\"elementor-element elementor-element-7f838a96 elementor-widget elementor-widget-image\" data-id=\"7f838a96\" data-element_type=\"widget\" data-widget_type=\"image.default\">\n\t\t\t\t<div class=\"elementor-widget-container\">\n\t\t\t\t\t\t\t\t\t\t\t\t\t\t\t<img loading=\"lazy\" decoding=\"async\" width=\"286\" height=\"286\" src=\"https:\/\/nazomarin.md\/wp-content\/uploads\/2025\/02\/people-2.jpg\" class=\"attachment-large size-large wp-image-26040\" alt=\"\" srcset=\"https:\/\/nazomarin.md\/wp-content\/uploads\/2025\/02\/people-2.jpg 286w, https:\/\/nazomarin.md\/wp-content\/uploads\/2025\/02\/people-2-150x150.jpg 150w, https:\/\/nazomarin.md\/wp-content\/uploads\/2025\/02\/people-2-12x12.jpg 12w\" sizes=\"(max-width: 286px) 100vw, 286px\" \/>\t\t\t\t\t\t\t\t\t\t\t\t\t\t\t<\/div>\n\t\t\t\t<\/div>\n\t\t\t\t<div class=\"elementor-element elementor-element-4c7e64b6 elementor-widget elementor-widget-image\" data-id=\"4c7e64b6\" data-element_type=\"widget\" data-widget_type=\"image.default\">\n\t\t\t\t<div class=\"elementor-widget-container\">\n\t\t\t\t\t\t\t\t\t\t\t\t\t\t\t<img loading=\"lazy\" decoding=\"async\" width=\"286\" height=\"286\" src=\"https:\/\/nazomarin.md\/wp-content\/uploads\/2025\/02\/people-3.jpg\" class=\"attachment-large size-large wp-image-26039\" alt=\"\" srcset=\"https:\/\/nazomarin.md\/wp-content\/uploads\/2025\/02\/people-3.jpg 286w, https:\/\/nazomarin.md\/wp-content\/uploads\/2025\/02\/people-3-150x150.jpg 150w, https:\/\/nazomarin.md\/wp-content\/uploads\/2025\/02\/people-3-12x12.jpg 12w\" sizes=\"(max-width: 286px) 100vw, 286px\" \/>\t\t\t\t\t\t\t\t\t\t\t\t\t\t\t<\/div>\n\t\t\t\t<\/div>\n\t\t\t\t<\/div>\n\t\t\t\t\t<\/div>\n\t\t\t\t<\/div>\n\t\t<div class=\"elementor-element elementor-element-3b8efe2e e-con-full e-flex e-con e-child\" data-id=\"3b8efe2e\" data-element_type=\"container\" data-settings=\"{&quot;background_background&quot;:&quot;classic&quot;,&quot;position&quot;:&quot;absolute&quot;}\">\n\t\t\t\t<div class=\"elementor-element elementor-element-22e0d885 color-scheme-inherit text-left elementor-widget elementor-widget-text-editor\" data-id=\"22e0d885\" data-element_type=\"widget\" data-widget_type=\"text-editor.default\">\n\t\t\t\t<div class=\"elementor-widget-container\">\n\t\t\t\t\t\t\t\t\t<p>+3 luni<\/p>\t\t\t\t\t\t\t\t<\/div>\n\t\t\t\t<\/div>\n\t\t\t\t<\/div>\n\t\t\t\t<\/div>\n\t\t","protected":false},"excerpt":{"rendered":"<p>Nazomarin\u00ae Baby Hipertonic, 2.2% 120 ml Nazomarin\u00ae Baby Hipertonic con\u021bine solu\u021bie hipertonic\u0103 de ap\u0103 de mare 2,2%, recomandat pentru ameliorarea<\/p>\n","protected":false},"author":1,"featured_media":0,"parent":0,"menu_order":0,"comment_status":"closed","ping_status":"closed","template":"","meta":{"footnotes":""},"class_list":["post-25059","page","type-page","status-publish","hentry"],"_links":{"self":[{"href":"https:\/\/nazomarin.md\/ro\/wp-json\/wp\/v2\/pages\/25059"}],"collection":[{"href":"https:\/\/nazomarin.md\/ro\/wp-json\/wp\/v2\/pages"}],"about":[{"href":"https:\/\/nazomarin.md\/ro\/wp-json\/wp\/v2\/types\/page"}],"author":[{"embeddable":true,"href":"https:\/\/nazomarin.md\/ro\/wp-json\/wp\/v2\/users\/1"}],"replies":[{"embeddable":true,"href":"https:\/\/nazomarin.md\/ro\/wp-json\/wp\/v2\/comments?post=25059"}],"version-history":[{"count":78,"href":"https:\/\/nazomarin.md\/ro\/wp-json\/wp\/v2\/pages\/25059\/revisions"}],"predecessor-version":[{"id":26542,"href":"https:\/\/nazomarin.md\/ro\/wp-json\/wp\/v2\/pages\/25059\/revisions\/26542"}],"wp:attachment":[{"href":"https:\/\/nazomarin.md\/ro\/wp-json\/wp\/v2\/media?parent=25059"}],"curies":[{"name":"wp","href":"https:\/\/api.w.org\/{rel}","templated":true}]}}