{"id":25007,"date":"2024-12-18T14:20:29","date_gmt":"2024-12-18T14:20:29","guid":{"rendered":"https:\/\/nazo.agensium.com\/?page_id=25007"},"modified":"2025-02-14T15:28:11","modified_gmt":"2025-02-14T15:28:11","slug":"nazomarin-izotonic-09-120-ml","status":"publish","type":"page","link":"https:\/\/nazomarin.md\/ro\/nazomarin-izotonic-09-120-ml\/","title":{"rendered":"Nazomarin\u00ae Izotonic 0,9%, 120 ml"},"content":{"rendered":"\t\t<div data-elementor-type=\"wp-page\" data-elementor-id=\"25007\" class=\"elementor elementor-25007\">\n\t\t\t\t<div class=\"elementor-element elementor-element-cfe1e34 e-con-full e-flex e-con e-parent\" data-id=\"cfe1e34\" data-element_type=\"container\" data-settings=\"{&quot;background_background&quot;:&quot;classic&quot;}\">\n\t\t<div class=\"elementor-element elementor-element-e2e8424 e-con-full e-flex e-con e-child\" data-id=\"e2e8424\" data-element_type=\"container\">\n\t\t\t\t<div class=\"elementor-element elementor-element-1592a27 elementor-widget elementor-widget-image\" data-id=\"1592a27\" data-element_type=\"widget\" data-widget_type=\"image.default\">\n\t\t\t\t<div class=\"elementor-widget-container\">\n\t\t\t\t\t\t\t\t\t\t\t\t\t\t\t<img fetchpriority=\"high\" decoding=\"async\" width=\"456\" height=\"711\" src=\"https:\/\/nazomarin.md\/wp-content\/uploads\/2024\/12\/Picture3.png\" class=\"attachment-large size-large wp-image-25210\" alt=\"\" srcset=\"https:\/\/nazomarin.md\/wp-content\/uploads\/2024\/12\/Picture3.png 456w, https:\/\/nazomarin.md\/wp-content\/uploads\/2024\/12\/Picture3-192x300.png 192w, https:\/\/nazomarin.md\/wp-content\/uploads\/2024\/12\/Picture3-430x670.png 430w, https:\/\/nazomarin.md\/wp-content\/uploads\/2024\/12\/Picture3-150x234.png 150w\" sizes=\"(max-width: 456px) 100vw, 456px\" \/>\t\t\t\t\t\t\t\t\t\t\t\t\t\t\t<\/div>\n\t\t\t\t<\/div>\n\t\t<div class=\"elementor-element elementor-element-8ef156f e-con-full e-flex e-con e-child\" data-id=\"8ef156f\" data-element_type=\"container\">\n\t\t\t\t<div class=\"elementor-element elementor-element-2b168f6 elementor-absolute elementor-widget elementor-widget-image\" data-id=\"2b168f6\" data-element_type=\"widget\" data-settings=\"{&quot;_position&quot;:&quot;absolute&quot;}\" data-widget_type=\"image.default\">\n\t\t\t\t<div class=\"elementor-widget-container\">\n\t\t\t\t\t\t\t\t\t\t\t\t\t\t\t<img decoding=\"async\" width=\"150\" height=\"150\" src=\"https:\/\/nazomarin.md\/wp-content\/uploads\/2025\/01\/6-150x150.png\" class=\"attachment-thumbnail size-thumbnail wp-image-25870\" alt=\"\" srcset=\"https:\/\/nazomarin.md\/wp-content\/uploads\/2025\/01\/6-150x150.png 150w, https:\/\/nazomarin.md\/wp-content\/uploads\/2025\/01\/6.png 200w\" sizes=\"(max-width: 150px) 100vw, 150px\" \/>\t\t\t\t\t\t\t\t\t\t\t\t\t\t\t<\/div>\n\t\t\t\t<\/div>\n\t\t\t\t<div class=\"elementor-element elementor-element-3eb57b3 elementor-widget elementor-widget-image\" data-id=\"3eb57b3\" data-element_type=\"widget\" data-widget_type=\"image.default\">\n\t\t\t\t<div class=\"elementor-widget-container\">\n\t\t\t\t\t\t\t\t\t\t\t\t\t\t\t<img decoding=\"async\" width=\"150\" height=\"150\" src=\"https:\/\/nazomarin.md\/wp-content\/uploads\/2025\/01\/2-1-150x150.png\" class=\"attachment-thumbnail size-thumbnail wp-image-25872\" alt=\"\" srcset=\"https:\/\/nazomarin.md\/wp-content\/uploads\/2025\/01\/2-1-150x150.png 150w, https:\/\/nazomarin.md\/wp-content\/uploads\/2025\/01\/2-1.png 200w\" sizes=\"(max-width: 150px) 100vw, 150px\" \/>\t\t\t\t\t\t\t\t\t\t\t\t\t\t\t<\/div>\n\t\t\t\t<\/div>\n\t\t\t\t<div class=\"elementor-element elementor-element-f70c35c elementor-widget elementor-widget-image\" data-id=\"f70c35c\" data-element_type=\"widget\" data-widget_type=\"image.default\">\n\t\t\t\t<div class=\"elementor-widget-container\">\n\t\t\t\t\t\t\t\t\t\t\t\t\t\t\t<img loading=\"lazy\" decoding=\"async\" width=\"150\" height=\"150\" src=\"https:\/\/nazomarin.md\/wp-content\/uploads\/2025\/01\/4-1-150x150.png\" class=\"attachment-thumbnail size-thumbnail wp-image-25868\" alt=\"\" srcset=\"https:\/\/nazomarin.md\/wp-content\/uploads\/2025\/01\/4-1-150x150.png 150w, https:\/\/nazomarin.md\/wp-content\/uploads\/2025\/01\/4-1.png 200w\" sizes=\"(max-width: 150px) 100vw, 150px\" \/>\t\t\t\t\t\t\t\t\t\t\t\t\t\t\t<\/div>\n\t\t\t\t<\/div>\n\t\t\t\t<div class=\"elementor-element elementor-element-41b9931 elementor-widget elementor-widget-image\" data-id=\"41b9931\" data-element_type=\"widget\" data-widget_type=\"image.default\">\n\t\t\t\t<div class=\"elementor-widget-container\">\n\t\t\t\t\t\t\t\t\t\t\t\t\t\t\t<img loading=\"lazy\" decoding=\"async\" width=\"150\" height=\"150\" src=\"https:\/\/nazomarin.md\/wp-content\/uploads\/2025\/01\/3-1-150x150.png\" class=\"attachment-thumbnail size-thumbnail wp-image-25873\" alt=\"\" srcset=\"https:\/\/nazomarin.md\/wp-content\/uploads\/2025\/01\/3-1-150x150.png 150w, https:\/\/nazomarin.md\/wp-content\/uploads\/2025\/01\/3-1.png 200w\" sizes=\"(max-width: 150px) 100vw, 150px\" \/>\t\t\t\t\t\t\t\t\t\t\t\t\t\t\t<\/div>\n\t\t\t\t<\/div>\n\t\t\t\t<div class=\"elementor-element elementor-element-efe6a7c elementor-widget elementor-widget-image\" data-id=\"efe6a7c\" data-element_type=\"widget\" data-widget_type=\"image.default\">\n\t\t\t\t<div class=\"elementor-widget-container\">\n\t\t\t\t\t\t\t\t\t\t\t\t\t\t\t<img loading=\"lazy\" decoding=\"async\" width=\"150\" height=\"150\" src=\"https:\/\/nazomarin.md\/wp-content\/uploads\/2025\/01\/1-1-150x150.png\" class=\"attachment-thumbnail size-thumbnail wp-image-25871\" alt=\"\" srcset=\"https:\/\/nazomarin.md\/wp-content\/uploads\/2025\/01\/1-1-150x150.png 150w, https:\/\/nazomarin.md\/wp-content\/uploads\/2025\/01\/1-1.png 200w\" sizes=\"(max-width: 150px) 100vw, 150px\" \/>\t\t\t\t\t\t\t\t\t\t\t\t\t\t\t<\/div>\n\t\t\t\t<\/div>\n\t\t\t\t<\/div>\n\t\t\t\t<\/div>\n\t\t<div class=\"elementor-element elementor-element-81d0c8a e-con-full e-flex e-con e-child\" data-id=\"81d0c8a\" data-element_type=\"container\" data-settings=\"{&quot;background_background&quot;:&quot;classic&quot;}\">\n\t\t\t\t<div class=\"elementor-element elementor-element-5123f74 elementor-widget elementor-widget-heading\" data-id=\"5123f74\" data-element_type=\"widget\" data-widget_type=\"heading.default\">\n\t\t\t\t<div class=\"elementor-widget-container\">\n\t\t\t\t\t<h1 class=\"elementor-heading-title elementor-size-default\">Nazomarin\u00ae Izotonic 0.9%, 120 ml<\/h1>\t\t\t\t<\/div>\n\t\t\t\t<\/div>\n\t\t\t\t<div class=\"elementor-element elementor-element-4cb96bf color-scheme-inherit text-left elementor-widget elementor-widget-text-editor\" data-id=\"4cb96bf\" data-element_type=\"widget\" data-widget_type=\"text-editor.default\">\n\t\t\t\t<div class=\"elementor-widget-container\">\n\t\t\t\t\t\t\t\t\t<p><b>Nazomarin\u00ae Izotonic<\/b> cur\u0103\u021b\u0103 delicat n\u0103sucul bebelu\u0219ului, datorit\u0103 <b>spray-ului <\/b>cu <b>microdifuziune fin\u0103<\/b>. \u00cendep\u0103rt\u00e2nd excesul de mucus, <b>ajut\u0103 la restabilirea respira\u021biei fiziologice <\/b>\u0219i a <b>confortului, \u00een timpul somnului \u0219i al\u0103pt\u0103rii<\/b>.<\/p>\t\t\t\t\t\t\t\t<\/div>\n\t\t\t\t<\/div>\n\t\t\t\t<div class=\"elementor-element elementor-element-bd3abf6 color-scheme-inherit text-left elementor-widget elementor-widget-text-editor\" data-id=\"bd3abf6\" data-element_type=\"widget\" data-widget_type=\"text-editor.default\">\n\t\t\t\t<div class=\"elementor-widget-container\">\n\t\t\t\t\t\t\t\t\t<b>Ce face<\/b><b>?<\/b><b>:<\/b>\n<ul>\n \t<li style=\"list-style-type: none;\">\n<ul>\n \t<li>Cur\u0103\u021b\u0103 eficient \u0219i sigur n\u0103sucul bebelu\u0219ului<\/li>\n \t<li>Elimina excesul de mucus, alergeni \u0219i agen\u021bi infec\u021bio\u0219i<\/li>\n \t<li>Hidrateaz\u0103 mucoasa nazal\u0103 uscat\u0103<\/li>\n \t<li>Sprijin\u0103 ac\u021biunea altor medicamente<\/li>\n \t<li>Previne complica\u021biile ORL<\/li>\n<\/ul>\n<\/li>\n<\/ul>\t\t\t\t\t\t\t\t<\/div>\n\t\t\t\t<\/div>\n\t\t\t\t<div class=\"elementor-element elementor-element-275d08c color-scheme-inherit text-left elementor-widget elementor-widget-text-editor\" data-id=\"275d08c\" data-element_type=\"widget\" data-widget_type=\"text-editor.default\">\n\t\t\t\t<div class=\"elementor-widget-container\">\n\t\t\t\t\t\t\t\t\t<b>Mod de utilizare:<\/b>\n<br>1-2 pulveriz\u0103ri de 2-3 ori pe zi,\n<br>Potrivit pentru \u00eentreaga familie, inclusiv bebelu\u0219i de la 0 luni.\t\t\t\t\t\t\t\t<\/div>\n\t\t\t\t<\/div>\n\t\t<div class=\"elementor-element elementor-element-6ce2e96 e-con-full e-flex e-con e-child\" data-id=\"6ce2e96\" data-element_type=\"container\" data-settings=\"{&quot;background_background&quot;:&quot;classic&quot;,&quot;position&quot;:&quot;absolute&quot;}\">\n\t\t\t\t<div class=\"elementor-element elementor-element-d9c82ca color-scheme-inherit text-left elementor-widget elementor-widget-text-editor\" data-id=\"d9c82ca\" data-element_type=\"widget\" data-widget_type=\"text-editor.default\">\n\t\t\t\t<div class=\"elementor-widget-container\">\n\t\t\t\t\t\t\t\t\t<p>+0 luni<\/p>\t\t\t\t\t\t\t\t<\/div>\n\t\t\t\t<\/div>\n\t\t\t\t<\/div>\n\t\t\t\t<\/div>\n\t\t\t\t<\/div>\n\t\t<div class=\"wd-negative-gap elementor-element elementor-element-66b6659 e-flex e-con-boxed e-con e-parent\" data-id=\"66b6659\" data-element_type=\"container\">\n\t\t\t\t\t<div class=\"e-con-inner\">\n\t\t\t\t<div class=\"elementor-element elementor-element-2bcf036 elementor-widget elementor-widget-heading\" data-id=\"2bcf036\" data-element_type=\"widget\" data-widget_type=\"heading.default\">\n\t\t\t\t<div class=\"elementor-widget-container\">\n\t\t\t\t\t<h2 class=\"elementor-heading-title elementor-size-default\">Procur\u0103 online<\/h2>\t\t\t\t<\/div>\n\t\t\t\t<\/div>\n\t\t\t\t\t<\/div>\n\t\t\t\t<\/div>\n\t\t<div class=\"wd-negative-gap elementor-element elementor-element-beec110 e-flex e-con-boxed e-con e-parent\" data-id=\"beec110\" data-element_type=\"container\">\n\t\t\t\t\t<div class=\"e-con-inner\">\n\t\t<div class=\"elementor-element elementor-element-9f53bcc e-con-full e-flex e-con e-child\" data-id=\"9f53bcc\" data-element_type=\"container\">\n\t\t\t\t<div class=\"elementor-element elementor-element-f2d5f1f elementor-widget elementor-widget-image\" data-id=\"f2d5f1f\" data-element_type=\"widget\" data-widget_type=\"image.default\">\n\t\t\t\t<div class=\"elementor-widget-container\">\n\t\t\t\t\t\t\t\t\t\t\t\t\t\t\t\t<a href=\"https:\/\/ff.md\/search?type=product&#038;options%5Bprefix%5D=last&#038;q=nazomarin\">\n\t\t\t\t\t\t\t<img loading=\"lazy\" decoding=\"async\" width=\"150\" height=\"150\" src=\"https:\/\/nazomarin.md\/wp-content\/uploads\/2025\/02\/Farmacia-Familiei_logo_new-150x150.png\" class=\"attachment-thumbnail size-thumbnail wp-image-26255\" alt=\"\" srcset=\"https:\/\/nazomarin.md\/wp-content\/uploads\/2025\/02\/Farmacia-Familiei_logo_new-150x150.png 150w, https:\/\/nazomarin.md\/wp-content\/uploads\/2025\/02\/Farmacia-Familiei_logo_new-300x300.png 300w, https:\/\/nazomarin.md\/wp-content\/uploads\/2025\/02\/Farmacia-Familiei_logo_new-12x12.png 12w, https:\/\/nazomarin.md\/wp-content\/uploads\/2025\/02\/Farmacia-Familiei_logo_new-430x430.png 430w, https:\/\/nazomarin.md\/wp-content\/uploads\/2025\/02\/Farmacia-Familiei_logo_new.png 500w\" sizes=\"(max-width: 150px) 100vw, 150px\" \/>\t\t\t\t\t\t\t\t<\/a>\n\t\t\t\t\t\t\t\t\t\t\t\t\t\t\t<\/div>\n\t\t\t\t<\/div>\n\t\t\t\t<\/div>\n\t\t<div class=\"elementor-element elementor-element-ca77cfd e-con-full e-flex e-con e-child\" data-id=\"ca77cfd\" data-element_type=\"container\">\n\t\t\t\t<div class=\"elementor-element elementor-element-e1d2afe elementor-widget elementor-widget-image\" data-id=\"e1d2afe\" data-element_type=\"widget\" data-widget_type=\"image.default\">\n\t\t\t\t<div class=\"elementor-widget-container\">\n\t\t\t\t\t\t\t\t\t\t\t\t\t\t\t\t<a href=\"https:\/\/hippocrates.md\/ro\/cautare?search=Nazomarin\">\n\t\t\t\t\t\t\t<img loading=\"lazy\" decoding=\"async\" width=\"150\" height=\"150\" src=\"https:\/\/nazomarin.md\/wp-content\/uploads\/2025\/02\/2018_10_29_16_17_42_logo_fb-150x150.jpg\" class=\"attachment-thumbnail size-thumbnail wp-image-26081\" alt=\"\" srcset=\"https:\/\/nazomarin.md\/wp-content\/uploads\/2025\/02\/2018_10_29_16_17_42_logo_fb-150x150.jpg 150w, https:\/\/nazomarin.md\/wp-content\/uploads\/2025\/02\/2018_10_29_16_17_42_logo_fb-12x12.jpg 12w, https:\/\/nazomarin.md\/wp-content\/uploads\/2025\/02\/2018_10_29_16_17_42_logo_fb.jpg 300w\" sizes=\"(max-width: 150px) 100vw, 150px\" \/>\t\t\t\t\t\t\t\t<\/a>\n\t\t\t\t\t\t\t\t\t\t\t\t\t\t\t<\/div>\n\t\t\t\t<\/div>\n\t\t\t\t<\/div>\n\t\t<div class=\"elementor-element elementor-element-2e72eef e-con-full e-flex e-con e-child\" data-id=\"2e72eef\" data-element_type=\"container\">\n\t\t\t\t<div class=\"elementor-element elementor-element-ffd15a5 elementor-widget elementor-widget-image\" data-id=\"ffd15a5\" data-element_type=\"widget\" data-widget_type=\"image.default\">\n\t\t\t\t<div class=\"elementor-widget-container\">\n\t\t\t\t\t\t\t\t\t\t\t\t\t\t\t\t<a href=\"https:\/\/farmacie.md\/ro\/search?query=nazomarin\">\n\t\t\t\t\t\t\t<img loading=\"lazy\" decoding=\"async\" width=\"150\" height=\"150\" src=\"https:\/\/nazomarin.md\/wp-content\/uploads\/2025\/02\/Untitled-4-1-150x150.png\" class=\"attachment-thumbnail size-thumbnail wp-image-26099\" alt=\"\" srcset=\"https:\/\/nazomarin.md\/wp-content\/uploads\/2025\/02\/Untitled-4-1-150x150.png 150w, https:\/\/nazomarin.md\/wp-content\/uploads\/2025\/02\/Untitled-4-1-12x12.png 12w, https:\/\/nazomarin.md\/wp-content\/uploads\/2025\/02\/Untitled-4-1.png 300w\" sizes=\"(max-width: 150px) 100vw, 150px\" \/>\t\t\t\t\t\t\t\t<\/a>\n\t\t\t\t\t\t\t\t\t\t\t\t\t\t\t<\/div>\n\t\t\t\t<\/div>\n\t\t\t\t<\/div>\n\t\t<div class=\"elementor-element elementor-element-4938815 e-con-full e-flex e-con e-child\" data-id=\"4938815\" data-element_type=\"container\">\n\t\t\t\t<div class=\"elementor-element elementor-element-e45a56b elementor-widget elementor-widget-image\" data-id=\"e45a56b\" data-element_type=\"widget\" data-widget_type=\"image.default\">\n\t\t\t\t<div class=\"elementor-widget-container\">\n\t\t\t\t\t\t\t\t\t\t\t\t\t\t\t\t<a href=\"https:\/\/www.apteka.md\/search?product=nazoamarin\">\n\t\t\t\t\t\t\t<img loading=\"lazy\" decoding=\"async\" width=\"150\" height=\"150\" src=\"https:\/\/nazomarin.md\/wp-content\/uploads\/2024\/12\/bznzJUBIuPwmZ5k0gxmp-150x150.png\" class=\"attachment-thumbnail size-thumbnail wp-image-25219\" alt=\"\" srcset=\"https:\/\/nazomarin.md\/wp-content\/uploads\/2024\/12\/bznzJUBIuPwmZ5k0gxmp-150x150.png 150w, https:\/\/nazomarin.md\/wp-content\/uploads\/2024\/12\/bznzJUBIuPwmZ5k0gxmp.png 230w\" sizes=\"(max-width: 150px) 100vw, 150px\" \/>\t\t\t\t\t\t\t\t<\/a>\n\t\t\t\t\t\t\t\t\t\t\t\t\t\t\t<\/div>\n\t\t\t\t<\/div>\n\t\t\t\t<\/div>\n\t\t\t\t\t<\/div>\n\t\t\t\t<\/div>\n\t\t<div class=\"wd-negative-gap elementor-element elementor-element-b1b0bcf e-flex e-con-boxed e-con e-parent\" data-id=\"b1b0bcf\" data-element_type=\"container\">\n\t\t\t\t\t<div class=\"e-con-inner\">\n\t\t<div class=\"elementor-element elementor-element-1e0cbc11 e-con-full e-flex e-con e-child\" data-id=\"1e0cbc11\" data-element_type=\"container\">\n\t\t\t\t<div class=\"elementor-element elementor-element-7d068226 elementor-widget elementor-widget-heading\" data-id=\"7d068226\" data-element_type=\"widget\" data-widget_type=\"heading.default\">\n\t\t\t\t<div class=\"elementor-widget-container\">\n\t\t\t\t\t<h1 class=\"elementor-heading-title elementor-size-default\">Mod de utilizare<\/h1>\t\t\t\t<\/div>\n\t\t\t\t<\/div>\n\t\t\t\t<\/div>\n\t\t<div class=\"elementor-element elementor-element-342586aa e-con-full e-flex e-con e-child\" data-id=\"342586aa\" data-element_type=\"container\">\n\t\t\t\t<div class=\"elementor-element elementor-element-364fe4c7 text-center color-scheme-inherit elementor-widget elementor-widget-text-editor\" data-id=\"364fe4c7\" data-element_type=\"widget\" data-widget_type=\"text-editor.default\">\n\t\t\t\t<div class=\"elementor-widget-container\">\n\t\t\t\t\t\t\t\t\t<ol><li>Scoate\u021bi capacul de protec\u021bie, apoi introduce\u021bi cu grij\u0103 aplicatorul \u00een nar\u0103, \u00eenclin\u00e2nd u\u0219or capul.<\/li><li>Ap\u0103sa\u021bi \u0219i men\u021bine\u021bi timp de 2-3 secunde iar apoi repeta\u021bi aplicarea \u00een cealalt\u0103 nar\u0103.<\/li><li>L\u0103sa\u021bi solu\u021bia s\u0103 ac\u021bioneze c\u00e2teva secunde, apoi sufla\u021bi \u0219i \u0219terge\u021bi nasul sau folosi\u021bi un aspirator nazal pentru a elimina mucusul<\/li><\/ol>\t\t\t\t\t\t\t\t<\/div>\n\t\t\t\t<\/div>\n\t\t\t\t<\/div>\n\t\t<div class=\"elementor-element elementor-element-6a35ae1e e-con-full e-grid e-con e-child\" data-id=\"6a35ae1e\" data-element_type=\"container\">\n\t\t\t\t<div class=\"elementor-element elementor-element-013653d elementor-widget elementor-widget-image\" data-id=\"013653d\" data-element_type=\"widget\" data-widget_type=\"image.default\">\n\t\t\t\t<div class=\"elementor-widget-container\">\n\t\t\t\t\t\t\t\t\t\t\t\t\t\t\t<img loading=\"lazy\" decoding=\"async\" width=\"286\" height=\"286\" src=\"https:\/\/nazomarin.md\/wp-content\/uploads\/2025\/02\/people-1.jpg\" class=\"attachment-large size-large wp-image-26041\" alt=\"\" srcset=\"https:\/\/nazomarin.md\/wp-content\/uploads\/2025\/02\/people-1.jpg 286w, https:\/\/nazomarin.md\/wp-content\/uploads\/2025\/02\/people-1-150x150.jpg 150w, https:\/\/nazomarin.md\/wp-content\/uploads\/2025\/02\/people-1-12x12.jpg 12w\" sizes=\"(max-width: 286px) 100vw, 286px\" \/>\t\t\t\t\t\t\t\t\t\t\t\t\t\t\t<\/div>\n\t\t\t\t<\/div>\n\t\t\t\t<div class=\"elementor-element elementor-element-cd1c19e elementor-widget elementor-widget-image\" data-id=\"cd1c19e\" data-element_type=\"widget\" data-widget_type=\"image.default\">\n\t\t\t\t<div class=\"elementor-widget-container\">\n\t\t\t\t\t\t\t\t\t\t\t\t\t\t\t<img loading=\"lazy\" decoding=\"async\" width=\"286\" height=\"286\" src=\"https:\/\/nazomarin.md\/wp-content\/uploads\/2025\/02\/people-2.jpg\" class=\"attachment-large size-large wp-image-26040\" alt=\"\" srcset=\"https:\/\/nazomarin.md\/wp-content\/uploads\/2025\/02\/people-2.jpg 286w, https:\/\/nazomarin.md\/wp-content\/uploads\/2025\/02\/people-2-150x150.jpg 150w, https:\/\/nazomarin.md\/wp-content\/uploads\/2025\/02\/people-2-12x12.jpg 12w\" sizes=\"(max-width: 286px) 100vw, 286px\" \/>\t\t\t\t\t\t\t\t\t\t\t\t\t\t\t<\/div>\n\t\t\t\t<\/div>\n\t\t\t\t<div class=\"elementor-element elementor-element-cb7dea4 elementor-widget elementor-widget-image\" data-id=\"cb7dea4\" data-element_type=\"widget\" data-widget_type=\"image.default\">\n\t\t\t\t<div class=\"elementor-widget-container\">\n\t\t\t\t\t\t\t\t\t\t\t\t\t\t\t<img loading=\"lazy\" decoding=\"async\" width=\"286\" height=\"286\" src=\"https:\/\/nazomarin.md\/wp-content\/uploads\/2025\/02\/people-3.jpg\" class=\"attachment-large size-large wp-image-26039\" alt=\"\" srcset=\"https:\/\/nazomarin.md\/wp-content\/uploads\/2025\/02\/people-3.jpg 286w, https:\/\/nazomarin.md\/wp-content\/uploads\/2025\/02\/people-3-150x150.jpg 150w, https:\/\/nazomarin.md\/wp-content\/uploads\/2025\/02\/people-3-12x12.jpg 12w\" sizes=\"(max-width: 286px) 100vw, 286px\" \/>\t\t\t\t\t\t\t\t\t\t\t\t\t\t\t<\/div>\n\t\t\t\t<\/div>\n\t\t\t\t<\/div>\n\t\t\t\t\t<\/div>\n\t\t\t\t<\/div>\n\t\t\t\t<\/div>\n\t\t","protected":false},"excerpt":{"rendered":"<p>Nazomarin\u00ae Izotonic 0.9%, 120 ml Nazomarin\u00ae Izotonic cur\u0103\u021b\u0103 delicat n\u0103sucul bebelu\u0219ului, datorit\u0103 spray-ului cu microdifuziune fin\u0103. \u00cendep\u0103rt\u00e2nd excesul de mucus,<\/p>\n","protected":false},"author":1,"featured_media":0,"parent":0,"menu_order":0,"comment_status":"closed","ping_status":"closed","template":"","meta":{"footnotes":""},"class_list":["post-25007","page","type-page","status-publish","hentry"],"_links":{"self":[{"href":"https:\/\/nazomarin.md\/ro\/wp-json\/wp\/v2\/pages\/25007"}],"collection":[{"href":"https:\/\/nazomarin.md\/ro\/wp-json\/wp\/v2\/pages"}],"about":[{"href":"https:\/\/nazomarin.md\/ro\/wp-json\/wp\/v2\/types\/page"}],"author":[{"embeddable":true,"href":"https:\/\/nazomarin.md\/ro\/wp-json\/wp\/v2\/users\/1"}],"replies":[{"embeddable":true,"href":"https:\/\/nazomarin.md\/ro\/wp-json\/wp\/v2\/comments?post=25007"}],"version-history":[{"count":148,"href":"https:\/\/nazomarin.md\/ro\/wp-json\/wp\/v2\/pages\/25007\/revisions"}],"predecessor-version":[{"id":26536,"href":"https:\/\/nazomarin.md\/ro\/wp-json\/wp\/v2\/pages\/25007\/revisions\/26536"}],"wp:attachment":[{"href":"https:\/\/nazomarin.md\/ro\/wp-json\/wp\/v2\/media?parent=25007"}],"curies":[{"name":"wp","href":"https:\/\/api.w.org\/{rel}","templated":true}]}}