{"id":24625,"date":"2024-10-29T13:37:44","date_gmt":"2024-10-29T13:37:44","guid":{"rendered":"https:\/\/nazo.agensium.com\/?page_id=24625"},"modified":"2025-02-07T16:25:27","modified_gmt":"2025-02-07T16:25:27","slug":"nazomarin-pentru-adulti","status":"publish","type":"page","link":"https:\/\/nazomarin.md\/ro\/nazomarin-pentru-adulti\/","title":{"rendered":"Nazomarin pentru Adul\u021bi"},"content":{"rendered":"\t\t<div data-elementor-type=\"wp-page\" data-elementor-id=\"24625\" class=\"elementor elementor-24625\">\n\t\t\t\t<div class=\"wd-negative-gap elementor-element elementor-element-077da5e e-flex e-con-boxed e-con e-parent\" data-id=\"077da5e\" data-element_type=\"container\">\n\t\t\t\t\t<div class=\"e-con-inner\">\n\t\t\t\t<div class=\"elementor-element elementor-element-1c923e76 elementor-widget elementor-widget-heading\" data-id=\"1c923e76\" data-element_type=\"widget\" data-widget_type=\"heading.default\">\n\t\t\t\t<div class=\"elementor-widget-container\">\n\t\t\t\t\t<h1 class=\"elementor-heading-title elementor-size-default\">Pentru adul\u021bi<\/h1>\t\t\t\t<\/div>\n\t\t\t\t<\/div>\n\t\t\t\t\t<\/div>\n\t\t\t\t<\/div>\n\t\t<div class=\"wd-negative-gap elementor-element elementor-element-12a036f e-flex e-con-boxed e-con e-parent\" data-id=\"12a036f\" data-element_type=\"container\">\n\t\t\t\t\t<div class=\"e-con-inner\">\n\t\t<div class=\"elementor-element elementor-element-295334e e-con-full e-flex e-con e-child\" data-id=\"295334e\" data-element_type=\"container\">\n\t\t<div class=\"elementor-element elementor-element-cedc3de e-con-full e-flex e-con e-child\" data-id=\"cedc3de\" data-element_type=\"container\" data-settings=\"{&quot;background_background&quot;:&quot;classic&quot;}\">\n\t\t\t\t<\/div>\n\t\t<div class=\"elementor-element elementor-element-23cc4f8 e-con-full e-flex e-con e-child\" data-id=\"23cc4f8\" data-element_type=\"container\">\n\t\t\t\t<div class=\"elementor-element elementor-element-c3559ec color-scheme-inherit text-left elementor-widget elementor-widget-text-editor\" data-id=\"c3559ec\" data-element_type=\"widget\" data-widget_type=\"text-editor.default\">\n\t\t\t\t<div class=\"elementor-widget-container\">\n\t\t\t\t\t\t\t\t\t<p>Nazomarin\u00ae ofer\u0103 o gam\u0103 variat\u0103 de solu\u021bii pe baz\u0103 de ap\u0103 de mare, ideale pentru igiena nazal\u0103 zilnic\u0103 \u0219i tratamentul nasului \u00eenfundat. Exploreaz\u0103 produsele noastre \u0219i alege-l pe cel care se potrive\u0219te perfect nevoilor tale, asigur\u00e2ndu-\u021bi un confort deosebit \u0219i o respira\u021bie u\u0219oar\u0103.<\/p>\t\t\t\t\t\t\t\t<\/div>\n\t\t\t\t<\/div>\n\t\t\t\t<\/div>\n\t\t\t\t<\/div>\n\t\t\t\t\t<\/div>\n\t\t\t\t<\/div>\n\t\t<div class=\"wd-negative-gap elementor-element elementor-element-4ca91c6 e-grid e-con-boxed e-con e-parent\" data-id=\"4ca91c6\" data-element_type=\"container\">\n\t\t\t\t\t<div class=\"e-con-inner\">\n\t\t<div class=\"elementor-element elementor-element-34dab1d e-con-full e-flex e-con e-child\" data-id=\"34dab1d\" data-element_type=\"container\" data-settings=\"{&quot;background_background&quot;:&quot;classic&quot;}\">\n\t\t\t\t<div class=\"elementor-element elementor-element-6f1b508 elementor-widget elementor-widget-image\" data-id=\"6f1b508\" data-element_type=\"widget\" data-widget_type=\"image.default\">\n\t\t\t\t<div class=\"elementor-widget-container\">\n\t\t\t\t\t\t\t\t\t\t\t\t\t\t\t<img decoding=\"async\" src=\"https:\/\/nazomarin.md\/wp-content\/uploads\/elementor\/thumbs\/Picture6-qys7yvjo6qsvhnzlcrsupbo9vyfdzmfgtxe1l85v0q.png\" title=\"Picture6\" alt=\"Picture6\" loading=\"lazy\" \/>\t\t\t\t\t\t\t\t\t\t\t\t\t\t\t<\/div>\n\t\t\t\t<\/div>\n\t\t<div class=\"elementor-element elementor-element-4fa1f5e3 e-con-full e-flex e-con e-child\" data-id=\"4fa1f5e3\" data-element_type=\"container\">\n\t\t\t\t<div class=\"elementor-element elementor-element-3f9f1f61 color-scheme-inherit text-left elementor-widget elementor-widget-text-editor\" data-id=\"3f9f1f61\" data-element_type=\"widget\" data-widget_type=\"text-editor.default\">\n\t\t\t\t<div class=\"elementor-widget-container\">\n\t\t\t\t\t\t\t\t\t<p><b>\u00cengrijire delicat\u0103 pentru o respira\u021bie u\u0219oar\u0103<\/b><br \/>Hidrateaz\u0103 \u0219i cur\u0103\u021b\u0103 eficient mucoasa nazal\u0103, men\u021bin\u00e2nd o respira\u021bie s\u0103n\u0103toas\u0103 zi de zi<\/p>\t\t\t\t\t\t\t\t<\/div>\n\t\t\t\t<\/div>\n\t\t\t\t<div class=\"elementor-element elementor-element-14529cb1 elementor-align-center elementor-widget elementor-widget-button\" data-id=\"14529cb1\" data-element_type=\"widget\" data-widget_type=\"button.default\">\n\t\t\t\t<div class=\"elementor-widget-container\">\n\t\t\t\t\t\t\t\t\t<div class=\"elementor-button-wrapper\">\n\t\t\t\t\t<a class=\"elementor-button elementor-button-link elementor-size-sm\" href=\"\/nazomarin-izotonic-09-120-ml-2\/\">\n\t\t\t\t\t\t<span class=\"elementor-button-content-wrapper\">\n\t\t\t\t\t\t\t\t\t<span class=\"elementor-button-text\">Descoper\u0103 produsul <\/span>\n\t\t\t\t\t<\/span>\n\t\t\t\t\t<\/a>\n\t\t\t\t<\/div>\n\t\t\t\t\t\t\t\t<\/div>\n\t\t\t\t<\/div>\n\t\t\t\t<\/div>\n\t\t\t\t<\/div>\n\t\t<div class=\"elementor-element elementor-element-cb05a11 e-con-full e-flex e-con e-child\" data-id=\"cb05a11\" data-element_type=\"container\" data-settings=\"{&quot;background_background&quot;:&quot;classic&quot;}\">\n\t\t\t\t<div class=\"elementor-element elementor-element-666f2ab elementor-widget elementor-widget-image\" data-id=\"666f2ab\" data-element_type=\"widget\" data-widget_type=\"image.default\">\n\t\t\t\t<div class=\"elementor-widget-container\">\n\t\t\t\t\t\t\t\t\t\t\t\t\t\t\t<img decoding=\"async\" src=\"https:\/\/nazomarin.md\/wp-content\/uploads\/elementor\/thumbs\/Picture7-qys7ywhidku5t9y87a7h9tfqhcar7bj7621j2i4gui.png\" title=\"Picture7\" alt=\"Picture7\" loading=\"lazy\" \/>\t\t\t\t\t\t\t\t\t\t\t\t\t\t\t<\/div>\n\t\t\t\t<\/div>\n\t\t<div class=\"elementor-element elementor-element-6ce13859 e-con-full e-flex e-con e-child\" data-id=\"6ce13859\" data-element_type=\"container\">\n\t\t\t\t<div class=\"elementor-element elementor-element-7ad43646 color-scheme-inherit text-left elementor-widget elementor-widget-text-editor\" data-id=\"7ad43646\" data-element_type=\"widget\" data-widget_type=\"text-editor.default\">\n\t\t\t\t<div class=\"elementor-widget-container\">\n\t\t\t\t\t\t\t\t\t<p><b>Lavaj nazal puternic \u0219i eficient<\/b><br \/>Spray-ul cu jet continuu, cur\u0103\u021b\u0103 \u00een profunzime \u0219i decongestioneaz\u0103 rapid cavitatea nazal\u0103, elimin\u00e2nd excesul de mucus<\/p>\t\t\t\t\t\t\t\t<\/div>\n\t\t\t\t<\/div>\n\t\t\t\t<div class=\"elementor-element elementor-element-784f262a elementor-align-center elementor-widget elementor-widget-button\" data-id=\"784f262a\" data-element_type=\"widget\" data-widget_type=\"button.default\">\n\t\t\t\t<div class=\"elementor-widget-container\">\n\t\t\t\t\t\t\t\t\t<div class=\"elementor-button-wrapper\">\n\t\t\t\t\t<a class=\"elementor-button elementor-button-link elementor-size-sm\" href=\"\/nazomarin-hipertonic-22-120-ml\/\">\n\t\t\t\t\t\t<span class=\"elementor-button-content-wrapper\">\n\t\t\t\t\t\t\t\t\t<span class=\"elementor-button-text\">Descoper\u0103 produsul <\/span>\n\t\t\t\t\t<\/span>\n\t\t\t\t\t<\/a>\n\t\t\t\t<\/div>\n\t\t\t\t\t\t\t\t<\/div>\n\t\t\t\t<\/div>\n\t\t\t\t<\/div>\n\t\t\t\t<\/div>\n\t\t<div class=\"elementor-element elementor-element-f930384 e-con-full e-flex e-con e-child\" data-id=\"f930384\" data-element_type=\"container\" data-settings=\"{&quot;background_background&quot;:&quot;classic&quot;}\">\n\t\t\t\t<div class=\"elementor-element elementor-element-4f31e02 elementor-widget elementor-widget-image\" data-id=\"4f31e02\" data-element_type=\"widget\" data-widget_type=\"image.default\">\n\t\t\t\t<div class=\"elementor-widget-container\">\n\t\t\t\t\t\t\t\t\t\t\t\t\t\t\t<img decoding=\"async\" src=\"https:\/\/nazomarin.md\/wp-content\/uploads\/elementor\/thumbs\/Untitled-2-r10i402bmyqgrimzwclu1edgpv8wdtd61hh5nlf1vu.png\" title=\"Untitled-2\" alt=\"Untitled-2\" loading=\"lazy\" \/>\t\t\t\t\t\t\t\t\t\t\t\t\t\t\t<\/div>\n\t\t\t\t<\/div>\n\t\t<div class=\"elementor-element elementor-element-4829c6e4 e-con-full e-flex e-con e-child\" data-id=\"4829c6e4\" data-element_type=\"container\">\n\t\t\t\t<div class=\"elementor-element elementor-element-4e3bb463 color-scheme-inherit text-left elementor-widget elementor-widget-text-editor\" data-id=\"4e3bb463\" data-element_type=\"widget\" data-widget_type=\"text-editor.default\">\n\t\t\t\t<div class=\"elementor-widget-container\">\n\t\t\t\t\t\t\t\t\t<p><b>E<\/b><b>libereaz\u0103 nasul \u00eenfundat \u0219i reduce inflama\u021bia<\/b>, oferind o senza\u021bie de prospe\u021bime \u0219i confort<\/p>\t\t\t\t\t\t\t\t<\/div>\n\t\t\t\t<\/div>\n\t\t\t\t<div class=\"elementor-element elementor-element-4f5efafa elementor-align-center elementor-widget elementor-widget-button\" data-id=\"4f5efafa\" data-element_type=\"widget\" data-widget_type=\"button.default\">\n\t\t\t\t<div class=\"elementor-widget-container\">\n\t\t\t\t\t\t\t\t\t<div class=\"elementor-button-wrapper\">\n\t\t\t\t\t<a class=\"elementor-button elementor-button-link elementor-size-sm\" href=\"\/nazomarin-hipertonic-aloe-vera-si-eucalipt-2-2-120-ml\/\">\n\t\t\t\t\t\t<span class=\"elementor-button-content-wrapper\">\n\t\t\t\t\t\t\t\t\t<span class=\"elementor-button-text\">Descoper\u0103 produsul <\/span>\n\t\t\t\t\t<\/span>\n\t\t\t\t\t<\/a>\n\t\t\t\t<\/div>\n\t\t\t\t\t\t\t\t<\/div>\n\t\t\t\t<\/div>\n\t\t\t\t<\/div>\n\t\t\t\t<\/div>\n\t\t\t\t\t<\/div>\n\t\t\t\t<\/div>\n\t\t\t\t<\/div>\n\t\t","protected":false},"excerpt":{"rendered":"<p>Pentru adul\u021bi Nazomarin\u00ae ofer\u0103 o gam\u0103 variat\u0103 de solu\u021bii pe baz\u0103 de ap\u0103 de mare, ideale pentru igiena nazal\u0103 zilnic\u0103<\/p>\n","protected":false},"author":1,"featured_media":0,"parent":0,"menu_order":0,"comment_status":"closed","ping_status":"closed","template":"","meta":{"footnotes":""},"class_list":["post-24625","page","type-page","status-publish","hentry"],"_links":{"self":[{"href":"https:\/\/nazomarin.md\/ro\/wp-json\/wp\/v2\/pages\/24625"}],"collection":[{"href":"https:\/\/nazomarin.md\/ro\/wp-json\/wp\/v2\/pages"}],"about":[{"href":"https:\/\/nazomarin.md\/ro\/wp-json\/wp\/v2\/types\/page"}],"author":[{"embeddable":true,"href":"https:\/\/nazomarin.md\/ro\/wp-json\/wp\/v2\/users\/1"}],"replies":[{"embeddable":true,"href":"https:\/\/nazomarin.md\/ro\/wp-json\/wp\/v2\/comments?post=24625"}],"version-history":[{"count":82,"href":"https:\/\/nazomarin.md\/ro\/wp-json\/wp\/v2\/pages\/24625\/revisions"}],"predecessor-version":[{"id":26318,"href":"https:\/\/nazomarin.md\/ro\/wp-json\/wp\/v2\/pages\/24625\/revisions\/26318"}],"wp:attachment":[{"href":"https:\/\/nazomarin.md\/ro\/wp-json\/wp\/v2\/media?parent=24625"}],"curies":[{"name":"wp","href":"https:\/\/api.w.org\/{rel}","templated":true}]}}