{"id":24607,"date":"2024-10-29T13:31:33","date_gmt":"2024-10-29T13:31:33","guid":{"rendered":"https:\/\/nazo.agensium.com\/?page_id=24607"},"modified":"2025-02-07T17:41:27","modified_gmt":"2025-02-07T17:41:27","slug":"nazomarin-pentru-bebelusi","status":"publish","type":"page","link":"https:\/\/nazomarin.md\/ro\/nazomarin-pentru-bebelusi\/","title":{"rendered":"Nazomarin pentru bebelu\u0219i"},"content":{"rendered":"\t\t<div data-elementor-type=\"wp-page\" data-elementor-id=\"24607\" class=\"elementor elementor-24607\">\n\t\t\t\t<div class=\"wd-negative-gap elementor-element elementor-element-e685544 e-flex e-con-boxed e-con e-parent\" data-id=\"e685544\" data-element_type=\"container\">\n\t\t\t\t\t<div class=\"e-con-inner\">\n\t\t\t\t<div class=\"elementor-element elementor-element-a906810 elementor-widget elementor-widget-heading\" data-id=\"a906810\" data-element_type=\"widget\" data-widget_type=\"heading.default\">\n\t\t\t\t<div class=\"elementor-widget-container\">\n\t\t\t\t\t<h1 class=\"elementor-heading-title elementor-size-default\">Pentru nou-n\u0103scu\u021bi, sugari \u0219i copii\n<\/h1>\t\t\t\t<\/div>\n\t\t\t\t<\/div>\n\t\t\t\t\t<\/div>\n\t\t\t\t<\/div>\n\t\t<div class=\"wd-negative-gap elementor-element elementor-element-17d12e6 e-flex e-con-boxed e-con e-parent\" data-id=\"17d12e6\" data-element_type=\"container\">\n\t\t\t\t\t<div class=\"e-con-inner\">\n\t\t<div class=\"elementor-element elementor-element-b0a071d e-con-full e-flex e-con e-child\" data-id=\"b0a071d\" data-element_type=\"container\">\n\t\t<div class=\"elementor-element elementor-element-de37f0f e-con-full e-flex e-con e-child\" data-id=\"de37f0f\" data-element_type=\"container\" data-settings=\"{&quot;background_background&quot;:&quot;classic&quot;}\">\n\t\t\t\t<\/div>\n\t\t<div class=\"elementor-element elementor-element-3f6280a e-con-full e-flex e-con e-child\" data-id=\"3f6280a\" data-element_type=\"container\">\n\t\t\t\t<div class=\"elementor-element elementor-element-13829e5 color-scheme-inherit text-left elementor-widget elementor-widget-text-editor\" data-id=\"13829e5\" data-element_type=\"widget\" data-widget_type=\"text-editor.default\">\n\t\t\t\t<div class=\"elementor-widget-container\">\n\t\t\t\t\t\t\t\t\t<b>Nazomarin\u00ae \u2013 \u00eengrijire delicat\u0103 pentru micile n\u0103sucuri<\/b> formulat cu ap\u0103 de mare 100% natural\u0103, bogat\u0103 \u00een s\u0103ruri minerale \u0219i oligoelemente, ajut\u0103 la eliberarea eficient\u0103 a nasului \u00eenfundat sau care curge.<br>Ideal pentru \u00eentreaga familie!\t\t\t\t\t\t\t\t<\/div>\n\t\t\t\t<\/div>\n\t\t\t\t<\/div>\n\t\t\t\t<\/div>\n\t\t<div class=\"elementor-element elementor-element-aad39f0 e-con-full e-flex e-con e-child\" data-id=\"aad39f0\" data-element_type=\"container\">\n\t\t<div class=\"elementor-element elementor-element-d4b8aad e-con-full e-flex e-con e-child\" data-id=\"d4b8aad\" data-element_type=\"container\" data-settings=\"{&quot;background_background&quot;:&quot;classic&quot;}\">\n\t\t\t\t<div class=\"elementor-element elementor-element-49723a6 elementor-widget elementor-widget-image\" data-id=\"49723a6\" data-element_type=\"widget\" data-widget_type=\"image.default\">\n\t\t\t\t<div class=\"elementor-widget-container\">\n\t\t\t\t\t\t\t\t\t\t\t\t\t\t\t<img fetchpriority=\"high\" decoding=\"async\" width=\"330\" height=\"513\" src=\"https:\/\/nazomarin.md\/wp-content\/uploads\/2024\/12\/Picture1-2.png\" class=\"attachment-full size-full wp-image-25204\" alt=\"\" srcset=\"https:\/\/nazomarin.md\/wp-content\/uploads\/2024\/12\/Picture1-2.png 330w, https:\/\/nazomarin.md\/wp-content\/uploads\/2024\/12\/Picture1-2-193x300.png 193w, https:\/\/nazomarin.md\/wp-content\/uploads\/2024\/12\/Picture1-2-150x233.png 150w\" sizes=\"(max-width: 330px) 100vw, 330px\" \/>\t\t\t\t\t\t\t\t\t\t\t\t\t\t\t<\/div>\n\t\t\t\t<\/div>\n\t\t\t\t<div class=\"elementor-element elementor-element-9de28e0 color-scheme-inherit text-left elementor-widget elementor-widget-text-editor\" data-id=\"9de28e0\" data-element_type=\"widget\" data-widget_type=\"text-editor.default\">\n\t\t\t\t<div class=\"elementor-widget-container\">\n\t\t\t\t\t\t\t\t\t<b>\u00cengrijire delicat\u0103 pentru o respira\u021bie u\u0219oar\u0103<\/b><br>\nHidrateaz\u0103 \u0219i cur\u0103\u021b\u0103 eficient mucoasa nazal\u0103, men\u021bin\u00e2nd o respira\u021bie s\u0103n\u0103toas\u0103 zi de zi\t\t\t\t\t\t\t\t<\/div>\n\t\t\t\t<\/div>\n\t\t\t\t<div class=\"elementor-element elementor-element-645e6f6 elementor-align-center elementor-widget elementor-widget-button\" data-id=\"645e6f6\" data-element_type=\"widget\" data-widget_type=\"button.default\">\n\t\t\t\t<div class=\"elementor-widget-container\">\n\t\t\t\t\t\t\t\t\t<div class=\"elementor-button-wrapper\">\n\t\t\t\t\t<a class=\"elementor-button elementor-button-link elementor-size-sm\" href=\"\/nazomarin-izotonic-09-120-ml\/\">\n\t\t\t\t\t\t<span class=\"elementor-button-content-wrapper\">\n\t\t\t\t\t\t\t\t\t<span class=\"elementor-button-text\">Descoper\u0103 produsul <\/span>\n\t\t\t\t\t<\/span>\n\t\t\t\t\t<\/a>\n\t\t\t\t<\/div>\n\t\t\t\t\t\t\t\t<\/div>\n\t\t\t\t<\/div>\n\t\t\t\t<\/div>\n\t\t<div class=\"elementor-element elementor-element-9f4b18c e-con-full e-flex e-con e-child\" data-id=\"9f4b18c\" data-element_type=\"container\" data-settings=\"{&quot;background_background&quot;:&quot;classic&quot;}\">\n\t\t\t\t<div class=\"elementor-element elementor-element-56251d5 elementor-widget elementor-widget-image\" data-id=\"56251d5\" data-element_type=\"widget\" data-widget_type=\"image.default\">\n\t\t\t\t<div class=\"elementor-widget-container\">\n\t\t\t\t\t\t\t\t\t\t\t\t\t\t\t<img decoding=\"async\" width=\"329\" height=\"513\" src=\"https:\/\/nazomarin.md\/wp-content\/uploads\/2024\/12\/Picture2.png\" class=\"attachment-full size-full wp-image-25206\" alt=\"\" srcset=\"https:\/\/nazomarin.md\/wp-content\/uploads\/2024\/12\/Picture2.png 329w, https:\/\/nazomarin.md\/wp-content\/uploads\/2024\/12\/Picture2-192x300.png 192w, https:\/\/nazomarin.md\/wp-content\/uploads\/2024\/12\/Picture2-150x234.png 150w\" sizes=\"(max-width: 329px) 100vw, 329px\" \/>\t\t\t\t\t\t\t\t\t\t\t\t\t\t\t<\/div>\n\t\t\t\t<\/div>\n\t\t\t\t<div class=\"elementor-element elementor-element-38931de color-scheme-inherit text-left elementor-widget elementor-widget-text-editor\" data-id=\"38931de\" data-element_type=\"widget\" data-widget_type=\"text-editor.default\">\n\t\t\t\t<div class=\"elementor-widget-container\">\n\t\t\t\t\t\t\t\t\t<b>Decongestioneaz\u0103 \u0219i elibereaz\u0103 respira\u021bia<\/b>\n<br>Reduce inflama\u021bia, elimin\u0103 excesul de mucus \u0219i red\u0103 confortul nazal \u00een mod natural\t\t\t\t\t\t\t\t<\/div>\n\t\t\t\t<\/div>\n\t\t\t\t<div class=\"elementor-element elementor-element-14a344f elementor-align-center elementor-widget elementor-widget-button\" data-id=\"14a344f\" data-element_type=\"widget\" data-widget_type=\"button.default\">\n\t\t\t\t<div class=\"elementor-widget-container\">\n\t\t\t\t\t\t\t\t\t<div class=\"elementor-button-wrapper\">\n\t\t\t\t\t<a class=\"elementor-button elementor-button-link elementor-size-sm\" href=\"\/nazomarin-baby-hipertonic-22-120-ml\/\">\n\t\t\t\t\t\t<span class=\"elementor-button-content-wrapper\">\n\t\t\t\t\t\t\t\t\t<span class=\"elementor-button-text\">Descoper\u0103 produsul <\/span>\n\t\t\t\t\t<\/span>\n\t\t\t\t\t<\/a>\n\t\t\t\t<\/div>\n\t\t\t\t\t\t\t\t<\/div>\n\t\t\t\t<\/div>\n\t\t\t\t<\/div>\n\t\t\t\t<\/div>\n\t\t\t\t\t<\/div>\n\t\t\t\t<\/div>\n\t\t\t\t<\/div>\n\t\t","protected":false},"excerpt":{"rendered":"<p>Pentru nou-n\u0103scu\u021bi, sugari \u0219i copii Nazomarin\u00ae \u2013 \u00eengrijire delicat\u0103 pentru micile n\u0103sucuri formulat cu ap\u0103 de mare 100% natural\u0103, bogat\u0103<\/p>\n","protected":false},"author":1,"featured_media":0,"parent":0,"menu_order":0,"comment_status":"closed","ping_status":"closed","template":"","meta":{"footnotes":""},"class_list":["post-24607","page","type-page","status-publish","hentry"],"_links":{"self":[{"href":"https:\/\/nazomarin.md\/ro\/wp-json\/wp\/v2\/pages\/24607"}],"collection":[{"href":"https:\/\/nazomarin.md\/ro\/wp-json\/wp\/v2\/pages"}],"about":[{"href":"https:\/\/nazomarin.md\/ro\/wp-json\/wp\/v2\/types\/page"}],"author":[{"embeddable":true,"href":"https:\/\/nazomarin.md\/ro\/wp-json\/wp\/v2\/users\/1"}],"replies":[{"embeddable":true,"href":"https:\/\/nazomarin.md\/ro\/wp-json\/wp\/v2\/comments?post=24607"}],"version-history":[{"count":97,"href":"https:\/\/nazomarin.md\/ro\/wp-json\/wp\/v2\/pages\/24607\/revisions"}],"predecessor-version":[{"id":26380,"href":"https:\/\/nazomarin.md\/ro\/wp-json\/wp\/v2\/pages\/24607\/revisions\/26380"}],"wp:attachment":[{"href":"https:\/\/nazomarin.md\/ro\/wp-json\/wp\/v2\/media?parent=24607"}],"curies":[{"name":"wp","href":"https:\/\/api.w.org\/{rel}","templated":true}]}}