{"id":24235,"date":"2024-10-25T10:22:04","date_gmt":"2024-10-25T10:22:04","guid":{"rendered":"https:\/\/nazo.agensium.com\/?page_id=24235"},"modified":"2025-02-14T15:39:54","modified_gmt":"2025-02-14T15:39:54","slug":"sfaturi-de-ingrijire","status":"publish","type":"page","link":"https:\/\/nazomarin.md\/ro\/sfaturi-de-ingrijire\/","title":{"rendered":"Sfaturi de \u00cengrijire"},"content":{"rendered":"\t\t<div data-elementor-type=\"wp-page\" data-elementor-id=\"24235\" class=\"elementor elementor-24235\">\n\t\t\t\t<div class=\"elementor-element elementor-element-59a758b e-con-full wd-section-stretch e-flex e-con e-parent\" data-id=\"59a758b\" data-element_type=\"container\" data-settings=\"{&quot;background_background&quot;:&quot;classic&quot;}\">\n\t\t\t\t<div class=\"elementor-element elementor-element-efaf175 elementor-widget elementor-widget-heading\" data-id=\"efaf175\" data-element_type=\"widget\" data-widget_type=\"heading.default\">\n\t\t\t\t<div class=\"elementor-widget-container\">\n\t\t\t\t\t<h1 class=\"elementor-heading-title elementor-size-default\">Partenerul t\u0103u care \u021bine<br>r\u0103ceala la distan\u021b\u0103\n<\/h1>\t\t\t\t<\/div>\n\t\t\t\t<\/div>\n\t\t\t\t<div class=\"elementor-element elementor-element-d662e32 elementor-widget__width-initial elementor-widget elementor-widget-heading\" data-id=\"d662e32\" data-element_type=\"widget\" data-widget_type=\"heading.default\">\n\t\t\t\t<div class=\"elementor-widget-container\">\n\t\t\t\t\t<h3 class=\"elementor-heading-title elementor-size-default\">Cu o gam\u0103 larg\u0103 de produse, Nazomarin sus\u021bine igiena nazal\u0103 \u00een fiecare zi \u0219i v\u0103 protejeaz\u0103 \u00eempotriva infec\u021biilor nazale... De asemena, previne complica\u021biile ulterioare ORL!<\/h3>\t\t\t\t<\/div>\n\t\t\t\t<\/div>\n\t\t\t\t<\/div>\n\t\t<div class=\"wd-negative-gap elementor-element elementor-element-3995341 e-flex e-con-boxed e-con e-parent\" data-id=\"3995341\" data-element_type=\"container\">\n\t\t\t\t\t<div class=\"e-con-inner\">\n\t\t\t\t<div class=\"elementor-element elementor-element-b91c90f elementor-widget elementor-widget-heading\" data-id=\"b91c90f\" data-element_type=\"widget\" data-widget_type=\"heading.default\">\n\t\t\t\t<div class=\"elementor-widget-container\">\n\t\t\t\t\t<h1 class=\"elementor-heading-title elementor-size-default\">Cum \u00eei po\u021bi ajuta pe cei mici  dar \u0219i pe cei mari s\u0103 respire mai u\u0219or?\n<\/h1>\t\t\t\t<\/div>\n\t\t\t\t<\/div>\n\t\t\t\t\t<\/div>\n\t\t\t\t<\/div>\n\t\t<div class=\"wd-negative-gap elementor-element elementor-element-5a9f3f2 e-flex e-con-boxed e-con e-parent\" data-id=\"5a9f3f2\" data-element_type=\"container\">\n\t\t\t\t\t<div class=\"e-con-inner\">\n\t\t<div class=\"elementor-element elementor-element-ec6c4a0 e-con-full e-flex e-con e-child\" data-id=\"ec6c4a0\" data-element_type=\"container\">\n\t\t\t\t<div class=\"elementor-element elementor-element-af5e34e elementor-widget elementor-widget-image\" data-id=\"af5e34e\" data-element_type=\"widget\" data-widget_type=\"image.default\">\n\t\t\t\t<div class=\"elementor-widget-container\">\n\t\t\t\t\t\t\t\t\t\t\t\t\t\t\t<img fetchpriority=\"high\" decoding=\"async\" width=\"1300\" height=\"685\" src=\"https:\/\/nazomarin.md\/wp-content\/uploads\/2025\/01\/happy-baby-1300x685.jpeg\" class=\"attachment-large size-large wp-image-25715\" alt=\"\" srcset=\"https:\/\/nazomarin.md\/wp-content\/uploads\/2025\/01\/happy-baby-1300x685.jpeg 1300w, https:\/\/nazomarin.md\/wp-content\/uploads\/2025\/01\/happy-baby-400x211.jpeg 400w, https:\/\/nazomarin.md\/wp-content\/uploads\/2025\/01\/happy-baby-768x405.jpeg 768w, https:\/\/nazomarin.md\/wp-content\/uploads\/2025\/01\/happy-baby-1536x810.jpeg 1536w, https:\/\/nazomarin.md\/wp-content\/uploads\/2025\/01\/happy-baby-2048x1080.jpeg 2048w, https:\/\/nazomarin.md\/wp-content\/uploads\/2025\/01\/happy-baby-430x227.jpeg 430w, https:\/\/nazomarin.md\/wp-content\/uploads\/2025\/01\/happy-baby-700x369.jpeg 700w, https:\/\/nazomarin.md\/wp-content\/uploads\/2025\/01\/happy-baby-150x79.jpeg 150w\" sizes=\"(max-width: 1300px) 100vw, 1300px\" \/>\t\t\t\t\t\t\t\t\t\t\t\t\t\t\t<\/div>\n\t\t\t\t<\/div>\n\t\t\t\t<\/div>\n\t\t<div class=\"elementor-element elementor-element-501f27c e-con-full e-flex e-con e-child\" data-id=\"501f27c\" data-element_type=\"container\">\n\t\t\t\t<div class=\"elementor-element elementor-element-9432570 elementor-widget elementor-widget-heading\" data-id=\"9432570\" data-element_type=\"widget\" data-widget_type=\"heading.default\">\n\t\t\t\t<div class=\"elementor-widget-container\">\n\t\t\t\t\t<h3 class=\"elementor-heading-title elementor-size-default\">Cur\u0103\u021barea nasului\n<\/h3>\t\t\t\t<\/div>\n\t\t\t\t<\/div>\n\t\t\t\t<div class=\"elementor-element elementor-element-03f3bd2 color-scheme-inherit text-left elementor-widget elementor-widget-text-editor\" data-id=\"03f3bd2\" data-element_type=\"widget\" data-widget_type=\"text-editor.default\">\n\t\t\t\t<div class=\"elementor-widget-container\">\n\t\t\t\t\t\t\t\t\t<p>\u0218tia\u021bi c\u0103 bebelu\u0219ii sub 6 luni respir\u0103 aproape exclusiv pe nas? Niciodat\u0103 nu este prea t\u00e2rziu pentru a \u00eencepe o rutin\u0103 zilnic\u0103 de cur\u0103\u021bare pentru nasul s\u0103u mic. Dac\u0103 n\u0103sucul doar curge, folose\u0219te Nazomarin\u00ae Isotonic pentru a elimina mucusul, a u\u0219ura respira\u021bia \u0219i a preveni complica\u021biile. Dac\u0103 nasul este \u00eenfundat, \u00a0opteaz\u0103 pentru Nazomarin\u00ae Baby Hipertonic. Acesta ajut\u0103 la decongestionare \u0219i restabile\u0219te respira\u021bia nazal\u0103 liber\u0103.<\/p>\t\t\t\t\t\t\t\t<\/div>\n\t\t\t\t<\/div>\n\t\t\t\t<\/div>\n\t\t\t\t\t<\/div>\n\t\t\t\t<\/div>\n\t\t<div class=\"wd-negative-gap elementor-element elementor-element-53e7629 e-flex e-con-boxed e-con e-parent\" data-id=\"53e7629\" data-element_type=\"container\">\n\t\t\t\t\t<div class=\"e-con-inner\">\n\t\t<div class=\"elementor-element elementor-element-07cb817 e-con-full e-flex e-con e-child\" data-id=\"07cb817\" data-element_type=\"container\">\n\t\t\t\t<div class=\"elementor-element elementor-element-1250c0b elementor-widget elementor-widget-heading\" data-id=\"1250c0b\" data-element_type=\"widget\" data-widget_type=\"heading.default\">\n\t\t\t\t<div class=\"elementor-widget-container\">\n\t\t\t\t\t<h3 class=\"elementor-heading-title elementor-size-default\">Men\u021binerea unui aer umed\n<\/h3>\t\t\t\t<\/div>\n\t\t\t\t<\/div>\n\t\t\t\t<div class=\"elementor-element elementor-element-e8d328b color-scheme-inherit text-left elementor-widget elementor-widget-text-editor\" data-id=\"e8d328b\" data-element_type=\"widget\" data-widget_type=\"text-editor.default\">\n\t\t\t\t<div class=\"elementor-widget-container\">\n\t\t\t\t\t\t\t\t\t<p>Utilizeaz\u0103 un umidificator \u00een camera copilului pentru a men\u021bine aerul umed \u0219i a reduce disconfortul. Umiditatea aerului ar trebui sa se situeze intre 40% si 60%. Aceste valori ajuta la mentinerea unui echilibru perfect intre prevenirea uscarii aerului si evitarea acumularii de umiditate excesiva.<\/p>\t\t\t\t\t\t\t\t<\/div>\n\t\t\t\t<\/div>\n\t\t\t\t<\/div>\n\t\t<div class=\"elementor-element elementor-element-baf637d e-con-full e-flex e-con e-child\" data-id=\"baf637d\" data-element_type=\"container\">\n\t\t\t\t<div class=\"elementor-element elementor-element-292638f elementor-widget elementor-widget-image\" data-id=\"292638f\" data-element_type=\"widget\" data-widget_type=\"image.default\">\n\t\t\t\t<div class=\"elementor-widget-container\">\n\t\t\t\t\t\t\t\t\t\t\t\t\t\t\t<img decoding=\"async\" width=\"960\" height=\"540\" src=\"https:\/\/nazomarin.md\/wp-content\/uploads\/2025\/01\/UMIDIFICATOR.jpg\" class=\"attachment-large size-large wp-image-25720\" alt=\"\" srcset=\"https:\/\/nazomarin.md\/wp-content\/uploads\/2025\/01\/UMIDIFICATOR.jpg 960w, https:\/\/nazomarin.md\/wp-content\/uploads\/2025\/01\/UMIDIFICATOR-400x225.jpg 400w, https:\/\/nazomarin.md\/wp-content\/uploads\/2025\/01\/UMIDIFICATOR-768x432.jpg 768w, https:\/\/nazomarin.md\/wp-content\/uploads\/2025\/01\/UMIDIFICATOR-430x242.jpg 430w, https:\/\/nazomarin.md\/wp-content\/uploads\/2025\/01\/UMIDIFICATOR-700x394.jpg 700w, https:\/\/nazomarin.md\/wp-content\/uploads\/2025\/01\/UMIDIFICATOR-150x84.jpg 150w\" sizes=\"(max-width: 960px) 100vw, 960px\" \/>\t\t\t\t\t\t\t\t\t\t\t\t\t\t\t<\/div>\n\t\t\t\t<\/div>\n\t\t\t\t<\/div>\n\t\t\t\t\t<\/div>\n\t\t\t\t<\/div>\n\t\t<div class=\"wd-negative-gap elementor-element elementor-element-50aed7b e-flex e-con-boxed e-con e-parent\" data-id=\"50aed7b\" data-element_type=\"container\">\n\t\t\t\t\t<div class=\"e-con-inner\">\n\t\t<div class=\"elementor-element elementor-element-778e31d e-con-full e-flex e-con e-child\" data-id=\"778e31d\" data-element_type=\"container\">\n\t\t\t\t<div class=\"elementor-element elementor-element-8ee6982 elementor-widget elementor-widget-image\" data-id=\"8ee6982\" data-element_type=\"widget\" data-widget_type=\"image.default\">\n\t\t\t\t<div class=\"elementor-widget-container\">\n\t\t\t\t\t\t\t\t\t\t\t\t\t\t\t<img decoding=\"async\" width=\"1199\" height=\"800\" src=\"https:\/\/nazomarin.md\/wp-content\/uploads\/2025\/01\/copil-bea-apa.jpg\" class=\"attachment-large size-large wp-image-25724\" alt=\"\" srcset=\"https:\/\/nazomarin.md\/wp-content\/uploads\/2025\/01\/copil-bea-apa.jpg 1200w, https:\/\/nazomarin.md\/wp-content\/uploads\/2025\/01\/copil-bea-apa-400x267.jpg 400w, https:\/\/nazomarin.md\/wp-content\/uploads\/2025\/01\/copil-bea-apa-768x513.jpg 768w, https:\/\/nazomarin.md\/wp-content\/uploads\/2025\/01\/copil-bea-apa-430x287.jpg 430w, https:\/\/nazomarin.md\/wp-content\/uploads\/2025\/01\/copil-bea-apa-700x467.jpg 700w, https:\/\/nazomarin.md\/wp-content\/uploads\/2025\/01\/copil-bea-apa-150x100.jpg 150w\" sizes=\"(max-width: 1199px) 100vw, 1199px\" \/>\t\t\t\t\t\t\t\t\t\t\t\t\t\t\t<\/div>\n\t\t\t\t<\/div>\n\t\t\t\t<\/div>\n\t\t<div class=\"elementor-element elementor-element-49b6536 e-con-full e-flex e-con e-child\" data-id=\"49b6536\" data-element_type=\"container\">\n\t\t\t\t<div class=\"elementor-element elementor-element-a5629cc elementor-widget elementor-widget-heading\" data-id=\"a5629cc\" data-element_type=\"widget\" data-widget_type=\"heading.default\">\n\t\t\t\t<div class=\"elementor-widget-container\">\n\t\t\t\t\t<h3 class=\"elementor-heading-title elementor-size-default\">Hidratarea<\/h3>\t\t\t\t<\/div>\n\t\t\t\t<\/div>\n\t\t\t\t<div class=\"elementor-element elementor-element-164561f color-scheme-inherit text-left elementor-widget elementor-widget-text-editor\" data-id=\"164561f\" data-element_type=\"widget\" data-widget_type=\"text-editor.default\">\n\t\t\t\t<div class=\"elementor-widget-container\">\n\t\t\t\t\t\t\t\t\t<p>Asigur\u0103-te c\u0103 micu\u021bul bea suficient\u0103 ap\u0103 pentru a ajuta la fluidizarea mucusului \u0219i la o respira\u021bie mai u\u0219oar\u0103.<\/p>\t\t\t\t\t\t\t\t<\/div>\n\t\t\t\t<\/div>\n\t\t\t\t<\/div>\n\t\t\t\t\t<\/div>\n\t\t\t\t<\/div>\n\t\t<div class=\"wd-negative-gap elementor-element elementor-element-9e70b79 e-flex e-con-boxed e-con e-parent\" data-id=\"9e70b79\" data-element_type=\"container\">\n\t\t\t\t\t<div class=\"e-con-inner\">\n\t\t<div class=\"elementor-element elementor-element-7cc0857 e-con-full e-flex e-con e-child\" data-id=\"7cc0857\" data-element_type=\"container\">\n\t\t\t\t<div class=\"elementor-element elementor-element-312cfba elementor-widget elementor-widget-heading\" data-id=\"312cfba\" data-element_type=\"widget\" data-widget_type=\"heading.default\">\n\t\t\t\t<div class=\"elementor-widget-container\">\n\t\t\t\t\t<h3 class=\"elementor-heading-title elementor-size-default\">Evitarea iritan\u021bilor\n<\/h3>\t\t\t\t<\/div>\n\t\t\t\t<\/div>\n\t\t\t\t<div class=\"elementor-element elementor-element-5beb8c2 color-scheme-inherit text-left elementor-widget elementor-widget-text-editor\" data-id=\"5beb8c2\" data-element_type=\"widget\" data-widget_type=\"text-editor.default\">\n\t\t\t\t<div class=\"elementor-widget-container\">\n\t\t\t\t\t\t\t\t\t<p>Fumul de \u021bigar\u0103 sau al\u021bi factori iritan\u021bi pot agrava simptomele. Creeaz\u0103 un mediu curat \u0219i sigur pentru copil.<\/p>\t\t\t\t\t\t\t\t<\/div>\n\t\t\t\t<\/div>\n\t\t\t\t<\/div>\n\t\t<div class=\"elementor-element elementor-element-1ea2e0e e-con-full e-flex e-con e-child\" data-id=\"1ea2e0e\" data-element_type=\"container\">\n\t\t\t\t<div class=\"elementor-element elementor-element-8ceefd9 elementor-widget elementor-widget-image\" data-id=\"8ceefd9\" data-element_type=\"widget\" data-widget_type=\"image.default\">\n\t\t\t\t<div class=\"elementor-widget-container\">\n\t\t\t\t\t\t\t\t\t\t\t\t\t\t\t<img loading=\"lazy\" decoding=\"async\" width=\"1200\" height=\"800\" src=\"https:\/\/nazomarin.md\/wp-content\/uploads\/2025\/01\/medic-femeie-care-rupe-o-tigara.jpg\" class=\"attachment-large size-large wp-image-25725\" alt=\"\" srcset=\"https:\/\/nazomarin.md\/wp-content\/uploads\/2025\/01\/medic-femeie-care-rupe-o-tigara.jpg 1200w, https:\/\/nazomarin.md\/wp-content\/uploads\/2025\/01\/medic-femeie-care-rupe-o-tigara-400x267.jpg 400w, https:\/\/nazomarin.md\/wp-content\/uploads\/2025\/01\/medic-femeie-care-rupe-o-tigara-768x512.jpg 768w, https:\/\/nazomarin.md\/wp-content\/uploads\/2025\/01\/medic-femeie-care-rupe-o-tigara-430x287.jpg 430w, https:\/\/nazomarin.md\/wp-content\/uploads\/2025\/01\/medic-femeie-care-rupe-o-tigara-700x467.jpg 700w, https:\/\/nazomarin.md\/wp-content\/uploads\/2025\/01\/medic-femeie-care-rupe-o-tigara-150x100.jpg 150w\" sizes=\"(max-width: 1200px) 100vw, 1200px\" \/>\t\t\t\t\t\t\t\t\t\t\t\t\t\t\t<\/div>\n\t\t\t\t<\/div>\n\t\t\t\t<\/div>\n\t\t\t\t\t<\/div>\n\t\t\t\t<\/div>\n\t\t<div class=\"wd-negative-gap elementor-element elementor-element-39f6d273 e-grid e-con-boxed e-con e-parent\" data-id=\"39f6d273\" data-element_type=\"container\">\n\t\t\t\t\t<div class=\"e-con-inner\">\n\t\t<div class=\"elementor-element elementor-element-45d67e81 e-con-full e-flex e-con e-child\" data-id=\"45d67e81\" data-element_type=\"container\" data-settings=\"{&quot;background_background&quot;:&quot;classic&quot;}\">\n\t\t\t\t<div class=\"elementor-element elementor-element-12408c68 elementor-widget elementor-widget-image\" data-id=\"12408c68\" data-element_type=\"widget\" data-widget_type=\"image.default\">\n\t\t\t\t<div class=\"elementor-widget-container\">\n\t\t\t\t\t\t\t\t\t\t\t\t\t\t\t<img decoding=\"async\" src=\"https:\/\/nazomarin.md\/wp-content\/uploads\/elementor\/thumbs\/Picture6-qys7yvjo6qsvhnzlcrsupbo9vyfdzmfgtxe1l85v0q.png\" title=\"Picture6\" alt=\"Picture6\" loading=\"lazy\" \/>\t\t\t\t\t\t\t\t\t\t\t\t\t\t\t<\/div>\n\t\t\t\t<\/div>\n\t\t<div class=\"elementor-element elementor-element-41dadf1a e-con-full e-flex e-con e-child\" data-id=\"41dadf1a\" data-element_type=\"container\">\n\t\t\t\t<div class=\"elementor-element elementor-element-1862910a color-scheme-inherit text-left elementor-widget elementor-widget-text-editor\" data-id=\"1862910a\" data-element_type=\"widget\" data-widget_type=\"text-editor.default\">\n\t\t\t\t<div class=\"elementor-widget-container\">\n\t\t\t\t\t\t\t\t\t<p><b>\u00cengrijire delicat\u0103 pentru o respira\u021bie u\u0219oar\u0103<\/b><br \/>Hidrateaz\u0103 \u0219i cur\u0103\u021b\u0103 eficient mucoasa nazal\u0103, men\u021bin\u00e2nd o respira\u021bie s\u0103n\u0103toas\u0103 zi de zi<\/p>\t\t\t\t\t\t\t\t<\/div>\n\t\t\t\t<\/div>\n\t\t\t\t<div class=\"elementor-element elementor-element-8f0a8d8 elementor-align-center elementor-widget elementor-widget-button\" data-id=\"8f0a8d8\" data-element_type=\"widget\" data-widget_type=\"button.default\">\n\t\t\t\t<div class=\"elementor-widget-container\">\n\t\t\t\t\t\t\t\t\t<div class=\"elementor-button-wrapper\">\n\t\t\t\t\t<a class=\"elementor-button elementor-button-link elementor-size-sm\" href=\"\/nazomarin-izotonic-09-120-ml-2\/\">\n\t\t\t\t\t\t<span class=\"elementor-button-content-wrapper\">\n\t\t\t\t\t\t\t\t\t<span class=\"elementor-button-text\">Descoper\u0103 produsul <\/span>\n\t\t\t\t\t<\/span>\n\t\t\t\t\t<\/a>\n\t\t\t\t<\/div>\n\t\t\t\t\t\t\t\t<\/div>\n\t\t\t\t<\/div>\n\t\t\t\t<\/div>\n\t\t\t\t<\/div>\n\t\t<div class=\"elementor-element elementor-element-d979f78 e-con-full e-flex e-con e-child\" data-id=\"d979f78\" data-element_type=\"container\" data-settings=\"{&quot;background_background&quot;:&quot;classic&quot;}\">\n\t\t\t\t<div class=\"elementor-element elementor-element-380b8f41 elementor-widget elementor-widget-image\" data-id=\"380b8f41\" data-element_type=\"widget\" data-widget_type=\"image.default\">\n\t\t\t\t<div class=\"elementor-widget-container\">\n\t\t\t\t\t\t\t\t\t\t\t\t\t\t\t<img decoding=\"async\" src=\"https:\/\/nazomarin.md\/wp-content\/uploads\/elementor\/thumbs\/Picture7-qys7ywhidku5t9y87a7h9tfqhcar7bj7621j2i4gui.png\" title=\"Picture7\" alt=\"Picture7\" loading=\"lazy\" \/>\t\t\t\t\t\t\t\t\t\t\t\t\t\t\t<\/div>\n\t\t\t\t<\/div>\n\t\t<div class=\"elementor-element elementor-element-4e066183 e-con-full e-flex e-con e-child\" data-id=\"4e066183\" data-element_type=\"container\">\n\t\t\t\t<div class=\"elementor-element elementor-element-fcae6fc color-scheme-inherit text-left elementor-widget elementor-widget-text-editor\" data-id=\"fcae6fc\" data-element_type=\"widget\" data-widget_type=\"text-editor.default\">\n\t\t\t\t<div class=\"elementor-widget-container\">\n\t\t\t\t\t\t\t\t\t<p><b>Lavaj nazal puternic \u0219i eficient<\/b><br \/>Spray-ul cu jet continuu, cur\u0103\u021b\u0103 \u00een profunzime \u0219i decongestioneaz\u0103 rapid cavitatea nazal\u0103, elimin\u00e2nd excesul de mucus<\/p>\t\t\t\t\t\t\t\t<\/div>\n\t\t\t\t<\/div>\n\t\t\t\t<div class=\"elementor-element elementor-element-125b28df elementor-align-center elementor-widget elementor-widget-button\" data-id=\"125b28df\" data-element_type=\"widget\" data-widget_type=\"button.default\">\n\t\t\t\t<div class=\"elementor-widget-container\">\n\t\t\t\t\t\t\t\t\t<div class=\"elementor-button-wrapper\">\n\t\t\t\t\t<a class=\"elementor-button elementor-button-link elementor-size-sm\" href=\"\/nazomarin-hipertonic-22-120-ml\/\">\n\t\t\t\t\t\t<span class=\"elementor-button-content-wrapper\">\n\t\t\t\t\t\t\t\t\t<span class=\"elementor-button-text\">Descoper\u0103 produsul <\/span>\n\t\t\t\t\t<\/span>\n\t\t\t\t\t<\/a>\n\t\t\t\t<\/div>\n\t\t\t\t\t\t\t\t<\/div>\n\t\t\t\t<\/div>\n\t\t\t\t<\/div>\n\t\t\t\t<\/div>\n\t\t<div class=\"elementor-element elementor-element-8d14252 e-con-full e-flex e-con e-child\" data-id=\"8d14252\" data-element_type=\"container\" data-settings=\"{&quot;background_background&quot;:&quot;classic&quot;}\">\n\t\t\t\t<div class=\"elementor-element elementor-element-34ba77a3 elementor-widget elementor-widget-image\" data-id=\"34ba77a3\" data-element_type=\"widget\" data-widget_type=\"image.default\">\n\t\t\t\t<div class=\"elementor-widget-container\">\n\t\t\t\t\t\t\t\t\t\t\t\t\t\t\t<img decoding=\"async\" src=\"https:\/\/nazomarin.md\/wp-content\/uploads\/elementor\/thumbs\/Picture8-qys7yxfckevg4vwv1sm3ub772q64f0mxi6p0js32oa.png\" title=\"Picture8\" alt=\"Picture8\" loading=\"lazy\" \/>\t\t\t\t\t\t\t\t\t\t\t\t\t\t\t<\/div>\n\t\t\t\t<\/div>\n\t\t<div class=\"elementor-element elementor-element-72e31fe8 e-con-full e-flex e-con e-child\" data-id=\"72e31fe8\" data-element_type=\"container\">\n\t\t\t\t<div class=\"elementor-element elementor-element-e5a50fe color-scheme-inherit text-left elementor-widget elementor-widget-text-editor\" data-id=\"e5a50fe\" data-element_type=\"widget\" data-widget_type=\"text-editor.default\">\n\t\t\t\t<div class=\"elementor-widget-container\">\n\t\t\t\t\t\t\t\t\t<p><b>Decongestioneaz\u0103 \u0219i elibereaz\u0103 respira\u021bia<\/b><br \/>Reduce inflama\u021bia, elimin\u0103 excesul de mucus \u0219i red\u0103 confortul nazal \u00een mod natural<\/p>\t\t\t\t\t\t\t\t<\/div>\n\t\t\t\t<\/div>\n\t\t\t\t<div class=\"elementor-element elementor-element-13b68bdd elementor-align-center elementor-widget elementor-widget-button\" data-id=\"13b68bdd\" data-element_type=\"widget\" data-widget_type=\"button.default\">\n\t\t\t\t<div class=\"elementor-widget-container\">\n\t\t\t\t\t\t\t\t\t<div class=\"elementor-button-wrapper\">\n\t\t\t\t\t<a class=\"elementor-button elementor-button-link elementor-size-sm\" href=\"\/nazomarin-baby-hipertonic-22-120-ml\/\">\n\t\t\t\t\t\t<span class=\"elementor-button-content-wrapper\">\n\t\t\t\t\t\t\t\t\t<span class=\"elementor-button-text\">Descoper\u0103 produsul <\/span>\n\t\t\t\t\t<\/span>\n\t\t\t\t\t<\/a>\n\t\t\t\t<\/div>\n\t\t\t\t\t\t\t\t<\/div>\n\t\t\t\t<\/div>\n\t\t\t\t<\/div>\n\t\t\t\t<\/div>\n\t\t<div class=\"elementor-element elementor-element-6d7ee0c e-con-full e-flex e-con e-child\" data-id=\"6d7ee0c\" data-element_type=\"container\" data-settings=\"{&quot;background_background&quot;:&quot;classic&quot;}\">\n\t\t\t\t<div class=\"elementor-element elementor-element-12ab2d11 elementor-widget elementor-widget-image\" data-id=\"12ab2d11\" data-element_type=\"widget\" data-widget_type=\"image.default\">\n\t\t\t\t<div class=\"elementor-widget-container\">\n\t\t\t\t\t\t\t\t\t\t\t\t\t\t\t<img decoding=\"async\" src=\"https:\/\/nazomarin.md\/wp-content\/uploads\/elementor\/thumbs\/asdasdUntitled-1-r15v5omfsqbqoxu5mvzjs65utj5c6s4ej7vbe71zd6.png\" title=\"asdasdUntitled-1\" alt=\"asdasdUntitled-1\" loading=\"lazy\" \/>\t\t\t\t\t\t\t\t\t\t\t\t\t\t\t<\/div>\n\t\t\t\t<\/div>\n\t\t<div class=\"elementor-element elementor-element-10ec89ad e-con-full e-flex e-con e-child\" data-id=\"10ec89ad\" data-element_type=\"container\">\n\t\t\t\t<div class=\"elementor-element elementor-element-5018dc17 color-scheme-inherit text-left elementor-widget elementor-widget-text-editor\" data-id=\"5018dc17\" data-element_type=\"widget\" data-widget_type=\"text-editor.default\">\n\t\t\t\t<div class=\"elementor-widget-container\">\n\t\t\t\t\t\t\t\t\t<p><b>E<\/b><b>libereaz\u0103 nasul \u00eenfundat \u0219i reduce inflama\u021bia<\/b>, oferind o senza\u021bie de prospe\u021bime \u0219i confort<\/p>\t\t\t\t\t\t\t\t<\/div>\n\t\t\t\t<\/div>\n\t\t\t\t<div class=\"elementor-element elementor-element-493b2bbc elementor-align-center elementor-widget elementor-widget-button\" data-id=\"493b2bbc\" data-element_type=\"widget\" data-widget_type=\"button.default\">\n\t\t\t\t<div class=\"elementor-widget-container\">\n\t\t\t\t\t\t\t\t\t<div class=\"elementor-button-wrapper\">\n\t\t\t\t\t<a class=\"elementor-button elementor-button-link elementor-size-sm\" href=\"\/nazomarin-hipertonic-aloe-vera-si-eucalipt-2-2-120-ml\/\">\n\t\t\t\t\t\t<span class=\"elementor-button-content-wrapper\">\n\t\t\t\t\t\t\t\t\t<span class=\"elementor-button-text\">Descoper\u0103 produsul <\/span>\n\t\t\t\t\t<\/span>\n\t\t\t\t\t<\/a>\n\t\t\t\t<\/div>\n\t\t\t\t\t\t\t\t<\/div>\n\t\t\t\t<\/div>\n\t\t\t\t<\/div>\n\t\t\t\t<\/div>\n\t\t\t\t\t<\/div>\n\t\t\t\t<\/div>\n\t\t\t\t<\/div>\n\t\t","protected":false},"excerpt":{"rendered":"<p>Partenerul t\u0103u care \u021biner\u0103ceala la distan\u021b\u0103 Cu o gam\u0103 larg\u0103 de produse, Nazomarin sus\u021bine igiena nazal\u0103 \u00een fiecare zi \u0219i<\/p>\n","protected":false},"author":1,"featured_media":0,"parent":0,"menu_order":0,"comment_status":"closed","ping_status":"closed","template":"","meta":{"footnotes":""},"class_list":["post-24235","page","type-page","status-publish","hentry"],"_links":{"self":[{"href":"https:\/\/nazomarin.md\/ro\/wp-json\/wp\/v2\/pages\/24235"}],"collection":[{"href":"https:\/\/nazomarin.md\/ro\/wp-json\/wp\/v2\/pages"}],"about":[{"href":"https:\/\/nazomarin.md\/ro\/wp-json\/wp\/v2\/types\/page"}],"author":[{"embeddable":true,"href":"https:\/\/nazomarin.md\/ro\/wp-json\/wp\/v2\/users\/1"}],"replies":[{"embeddable":true,"href":"https:\/\/nazomarin.md\/ro\/wp-json\/wp\/v2\/comments?post=24235"}],"version-history":[{"count":112,"href":"https:\/\/nazomarin.md\/ro\/wp-json\/wp\/v2\/pages\/24235\/revisions"}],"predecessor-version":[{"id":26565,"href":"https:\/\/nazomarin.md\/ro\/wp-json\/wp\/v2\/pages\/24235\/revisions\/26565"}],"wp:attachment":[{"href":"https:\/\/nazomarin.md\/ro\/wp-json\/wp\/v2\/media?parent=24235"}],"curies":[{"name":"wp","href":"https:\/\/api.w.org\/{rel}","templated":true}]}}