{"id":14591,"date":"2023-03-17T15:15:35","date_gmt":"2023-03-17T15:15:35","guid":{"rendered":"https:\/\/dummy.xtemos.com\/woodmart2\/elementor\/?page_id=14591"},"modified":"2025-02-25T14:02:31","modified_gmt":"2025-02-25T14:02:31","slug":"home-event-agency","status":"publish","type":"page","link":"https:\/\/nazomarin.md\/ro\/","title":{"rendered":"Home Event-agency"},"content":{"rendered":"\t\t<div data-elementor-type=\"wp-page\" data-elementor-id=\"14591\" class=\"elementor elementor-14591\">\n\t\t\t\t<div class=\"elementor-element elementor-element-eb3ebb3 e-con-full wd-section-stretch-content e-flex e-con e-parent\" data-id=\"eb3ebb3\" data-element_type=\"container\" data-settings=\"{&quot;background_background&quot;:&quot;video&quot;,&quot;background_video_link&quot;:&quot;\\\/wp-content\\\/uploads\\\/2024\\\/12\\\/7513671-uhd_3840_2160_24fps.mp4&quot;,&quot;background_play_on_mobile&quot;:&quot;yes&quot;}\">\n\t\t<div class=\"elementor-background-video-container\">\n\t\t\t\t\t\t\t<video class=\"elementor-background-video-hosted\" autoplay muted playsinline loop><\/video>\n\t\t\t\t\t<\/div>\t\t<div class=\"elementor-element elementor-element-9dc0e1a elementor-widget elementor-widget-heading\" data-id=\"9dc0e1a\" data-element_type=\"widget\" data-widget_type=\"heading.default\">\n\t\t\t\t<div class=\"elementor-widget-container\">\n\t\t\t\t\t<h1 class=\"elementor-heading-title elementor-size-default\">AP\u0102 OCEANIC\u0102 100% NATURAL\u0102 <br>\nPENTRU O RESPIRA\u021aIE LIBER\u0102\n<\/h1>\t\t\t\t<\/div>\n\t\t\t\t<\/div>\n\t\t\t\t<div class=\"elementor-element elementor-element-308f13c elementor-absolute elementor-widget__width-inherit elementor-widget elementor-widget-image\" data-id=\"308f13c\" data-element_type=\"widget\" data-settings=\"{&quot;_position&quot;:&quot;absolute&quot;}\" data-widget_type=\"image.default\">\n\t\t\t\t<div class=\"elementor-widget-container\">\n\t\t\t\t\t\t\t\t\t\t\t\t\t\t\t<img fetchpriority=\"high\" decoding=\"async\" width=\"300\" height=\"300\" src=\"https:\/\/nazomarin.md\/wp-content\/uploads\/2025\/02\/Untitled-1-300x300.png\" class=\"attachment-medium size-medium wp-image-26002\" alt=\"\" srcset=\"https:\/\/nazomarin.md\/wp-content\/uploads\/2025\/02\/Untitled-1-300x300.png 300w, https:\/\/nazomarin.md\/wp-content\/uploads\/2025\/02\/Untitled-1-150x150.png 150w, https:\/\/nazomarin.md\/wp-content\/uploads\/2025\/02\/Untitled-1-12x12.png 12w, https:\/\/nazomarin.md\/wp-content\/uploads\/2025\/02\/Untitled-1-430x430.png 430w, https:\/\/nazomarin.md\/wp-content\/uploads\/2025\/02\/Untitled-1.png 628w\" sizes=\"(max-width: 300px) 100vw, 300px\" \/>\t\t\t\t\t\t\t\t\t\t\t\t\t\t\t<\/div>\n\t\t\t\t<\/div>\n\t\t\t\t<\/div>\n\t\t<div class=\"wd-negative-gap elementor-element elementor-element-f7f43ae e-flex e-con-boxed e-con e-parent\" data-id=\"f7f43ae\" data-element_type=\"container\">\n\t\t\t\t\t<div class=\"e-con-inner\">\n\t\t\t\t<div class=\"elementor-element elementor-element-0727662 wd-width-100 elementor-widget elementor-widget-wd_title\" data-id=\"0727662\" data-element_type=\"widget\" data-widget_type=\"wd_title.default\">\n\t\t\t\t<div class=\"elementor-widget-container\">\n\t\t\t\t\t\t\t\t<link rel=\"stylesheet\" id=\"wd-section-title-css\" href=\"https:\/\/nazomarin.md\/wp-content\/themes\/woodmart\/css\/parts\/el-section-title.min.css?ver=7.6.0\" type=\"text\/css\" media=\"all\" \/> \t\t\t\t\t<div class=\"title-wrapper set-mb-s reset-last-child wd-title-color-default wd-title-style-default wd-title-size-large text-center\">\n\n\t\t\t\n\t\t\t<div class=\"liner-continer\">\n\t\t\t\t<h4 class=\"woodmart-title-container title wd-fontsize-xxl\">Produsele Noastre<\/h4> \n\t\t\t\t\t\t\t<\/div>\n\n\t\t\t\t\t<\/div>\n\t\t\t\t\t\t<\/div>\n\t\t\t\t<\/div>\n\t\t\t\t\t<\/div>\n\t\t\t\t<\/div>\n\t\t<div class=\"elementor-element elementor-element-ebdb68b wd-section-stretch-content e-con-full e-flex e-con e-parent\" data-id=\"ebdb68b\" data-element_type=\"container\">\n\t\t<div class=\"elementor-element elementor-element-40dcd3c e-con-full zoom e-flex e-con e-child\" data-id=\"40dcd3c\" data-element_type=\"container\" data-settings=\"{&quot;background_background&quot;:&quot;classic&quot;}\">\n\t\t<div class=\"elementor-element elementor-element-75f3ff6 e-con-full e-flex e-con e-child\" data-id=\"75f3ff6\" data-element_type=\"container\" data-settings=\"{&quot;background_background&quot;:&quot;gradient&quot;}\">\n\t\t<div class=\"elementor-element elementor-element-bf1351e e-con-full e-grid e-con e-child\" data-id=\"bf1351e\" data-element_type=\"container\">\n\t\t\t\t<div class=\"elementor-element elementor-element-ba6f49b elementor-widget elementor-widget-image\" data-id=\"ba6f49b\" data-element_type=\"widget\" data-widget_type=\"image.default\">\n\t\t\t\t<div class=\"elementor-widget-container\">\n\t\t\t\t\t\t\t\t\t\t\t\t\t\t\t<img decoding=\"async\" width=\"80\" height=\"145\" src=\"https:\/\/nazomarin.md\/wp-content\/uploads\/2024\/10\/ico-children.svg\" class=\"attachment-large size-large wp-image-24486\" alt=\"\" \/>\t\t\t\t\t\t\t\t\t\t\t\t\t\t\t<\/div>\n\t\t\t\t<\/div>\n\t\t\t\t<div class=\"elementor-element elementor-element-68cb8ea elementor-widget elementor-widget-image\" data-id=\"68cb8ea\" data-element_type=\"widget\" data-widget_type=\"image.default\">\n\t\t\t\t<div class=\"elementor-widget-container\">\n\t\t\t\t\t\t\t\t\t\t\t\t\t\t\t<img decoding=\"async\" width=\"80\" height=\"123\" src=\"https:\/\/nazomarin.md\/wp-content\/uploads\/2024\/10\/ico-babies.svg\" class=\"attachment-large size-large wp-image-24485\" alt=\"\" \/>\t\t\t\t\t\t\t\t\t\t\t\t\t\t\t<\/div>\n\t\t\t\t<\/div>\n\t\t\t\t<\/div>\n\t\t\t\t<div class=\"elementor-element elementor-element-7a597ff text-center color-scheme-inherit elementor-widget elementor-widget-text-editor\" data-id=\"7a597ff\" data-element_type=\"widget\" data-widget_type=\"text-editor.default\">\n\t\t\t\t<div class=\"elementor-widget-container\">\n\t\t\t\t\t\t\t\t\t<p>NAZOMARIN\u00ae PENTRU<\/p>\t\t\t\t\t\t\t\t<\/div>\n\t\t\t\t<\/div>\n\t\t\t\t<div class=\"elementor-element elementor-element-ca394da BebeTitle elementor-widget elementor-widget-heading\" data-id=\"ca394da\" data-element_type=\"widget\" data-widget_type=\"heading.default\">\n\t\t\t\t<div class=\"elementor-widget-container\">\n\t\t\t\t\t<h2 class=\"elementor-heading-title elementor-size-default\">Nou-n\u0103scu\u021bi, sugari \u0219i copii\n<\/h2>\t\t\t\t<\/div>\n\t\t\t\t<\/div>\n\t\t\t\t<div class=\"elementor-element elementor-element-ccf007d text-center color-scheme-inherit elementor-widget elementor-widget-text-editor\" data-id=\"ccf007d\" data-element_type=\"widget\" data-widget_type=\"text-editor.default\">\n\t\t\t\t<div class=\"elementor-widget-container\">\n\t\t\t\t\t\t\t\t\t<p>Gama de produse Nazomarin\u00ae cu difuzie delicat\u0103, potrivit\u0103 pentru copii de la v\u00e2rsta de\u00a0 0 luni<\/p>\t\t\t\t\t\t\t\t<\/div>\n\t\t\t\t<\/div>\n\t\t\t\t<div class=\"elementor-element elementor-element-07a6848 elementor-widget elementor-widget-button\" data-id=\"07a6848\" data-element_type=\"widget\" data-widget_type=\"button.default\">\n\t\t\t\t<div class=\"elementor-widget-container\">\n\t\t\t\t\t\t\t\t\t<div class=\"elementor-button-wrapper\">\n\t\t\t\t\t<a class=\"elementor-button elementor-button-link elementor-size-sm\" href=\"\/nazomarin-pentru-bebelusi\/\">\n\t\t\t\t\t\t<span class=\"elementor-button-content-wrapper\">\n\t\t\t\t\t\t\t\t\t<span class=\"elementor-button-text\">Descoper\u0103<\/span>\n\t\t\t\t\t<\/span>\n\t\t\t\t\t<\/a>\n\t\t\t\t<\/div>\n\t\t\t\t\t\t\t\t<\/div>\n\t\t\t\t<\/div>\n\t\t\t\t<\/div>\n\t\t\t\t<\/div>\n\t\t<div class=\"elementor-element elementor-element-c373d7d e-con-full zoom e-flex e-con e-child\" data-id=\"c373d7d\" data-element_type=\"container\" data-settings=\"{&quot;background_background&quot;:&quot;classic&quot;}\">\n\t\t<div class=\"elementor-element elementor-element-83181bb e-con-full e-flex e-con e-child\" data-id=\"83181bb\" data-element_type=\"container\" data-settings=\"{&quot;background_background&quot;:&quot;gradient&quot;}\">\n\t\t\t\t<div class=\"elementor-element elementor-element-0948309 elementor-widget elementor-widget-image\" data-id=\"0948309\" data-element_type=\"widget\" data-widget_type=\"image.default\">\n\t\t\t\t<div class=\"elementor-widget-container\">\n\t\t\t\t\t\t\t\t\t\t\t\t\t\t\t<img loading=\"lazy\" decoding=\"async\" width=\"80\" height=\"169\" src=\"https:\/\/nazomarin.md\/wp-content\/uploads\/2024\/10\/ico-adults.svg\" class=\"attachment-large size-large wp-image-24487\" alt=\"\" \/>\t\t\t\t\t\t\t\t\t\t\t\t\t\t\t<\/div>\n\t\t\t\t<\/div>\n\t\t\t\t<div class=\"elementor-element elementor-element-c5ccc49 color-scheme-inherit text-left elementor-widget elementor-widget-text-editor\" data-id=\"c5ccc49\" data-element_type=\"widget\" data-widget_type=\"text-editor.default\">\n\t\t\t\t<div class=\"elementor-widget-container\">\n\t\t\t\t\t\t\t\t\t<p>NAZOMARIN\u00ae PENTRU<\/p>\t\t\t\t\t\t\t\t<\/div>\n\t\t\t\t<\/div>\n\t\t\t\t<div class=\"elementor-element elementor-element-4d9da30 BebeTitle elementor-widget elementor-widget-heading\" data-id=\"4d9da30\" data-element_type=\"widget\" data-widget_type=\"heading.default\">\n\t\t\t\t<div class=\"elementor-widget-container\">\n\t\t\t\t\t<h1 class=\"elementor-heading-title elementor-size-default\">Adul\u021bi<\/h1>\t\t\t\t<\/div>\n\t\t\t\t<\/div>\n\t\t\t\t<div class=\"elementor-element elementor-element-4768659 text-center color-scheme-inherit elementor-widget elementor-widget-text-editor\" data-id=\"4768659\" data-element_type=\"widget\" data-widget_type=\"text-editor.default\">\n\t\t\t\t<div class=\"elementor-widget-container\">\n\t\t\t\t\t\t\t\t\t<p>Cur\u0103\u021barea profund\u0103 a cavit\u0103\u021bii nazale \u00eenfundate la copii de la 3 ani \u0219i adul\u021bi<\/p>\t\t\t\t\t\t\t\t<\/div>\n\t\t\t\t<\/div>\n\t\t\t\t<div class=\"elementor-element elementor-element-e5b205d elementor-widget elementor-widget-button\" data-id=\"e5b205d\" data-element_type=\"widget\" data-widget_type=\"button.default\">\n\t\t\t\t<div class=\"elementor-widget-container\">\n\t\t\t\t\t\t\t\t\t<div class=\"elementor-button-wrapper\">\n\t\t\t\t\t<a class=\"elementor-button elementor-button-link elementor-size-sm\" href=\"\/nazomarin-pentru-adulti\/\">\n\t\t\t\t\t\t<span class=\"elementor-button-content-wrapper\">\n\t\t\t\t\t\t\t\t\t<span class=\"elementor-button-text\">Descoper\u0103<\/span>\n\t\t\t\t\t<\/span>\n\t\t\t\t\t<\/a>\n\t\t\t\t<\/div>\n\t\t\t\t\t\t\t\t<\/div>\n\t\t\t\t<\/div>\n\t\t\t\t<\/div>\n\t\t\t\t<\/div>\n\t\t\t\t<\/div>\n\t\t<div class=\"elementor-element elementor-element-5482a34 wd-section-stretch e-flex e-con-boxed e-con e-parent\" data-id=\"5482a34\" data-element_type=\"container\">\n\t\t\t\t\t<div class=\"e-con-inner\">\n\t\t<div class=\"elementor-element elementor-element-fc34f41 e-con-full e-flex e-con e-child\" data-id=\"fc34f41\" data-element_type=\"container\">\n\t\t\t\t<div class=\"elementor-element elementor-element-ed83d65 elementor-arrows-position-inside elementor-pagination-position-outside elementor-widget elementor-widget-image-carousel\" data-id=\"ed83d65\" data-element_type=\"widget\" data-settings=\"{&quot;slides_to_show&quot;:&quot;1&quot;,&quot;navigation&quot;:&quot;both&quot;,&quot;autoplay&quot;:&quot;yes&quot;,&quot;pause_on_hover&quot;:&quot;yes&quot;,&quot;pause_on_interaction&quot;:&quot;yes&quot;,&quot;autoplay_speed&quot;:5000,&quot;infinite&quot;:&quot;yes&quot;,&quot;effect&quot;:&quot;slide&quot;,&quot;speed&quot;:500}\" data-widget_type=\"image-carousel.default\">\n\t\t\t\t<div class=\"elementor-widget-container\">\n\t\t\t\t\t\t\t<div class=\"elementor-image-carousel-wrapper swiper\" role=\"region\" aria-roledescription=\"carousel\" aria-label=\"Carusel de imagini\" dir=\"ltr\">\n\t\t\t<div class=\"elementor-image-carousel swiper-wrapper\" aria-live=\"off\">\n\t\t\t\t\t\t\t\t<div class=\"swiper-slide\" role=\"group\" aria-roledescription=\"slide\" aria-label=\"1 \u0438\u0437 4\"><figure class=\"swiper-slide-inner\"><img decoding=\"async\" class=\"swiper-slide-image\" src=\"https:\/\/nazomarin.md\/wp-content\/uploads\/2024\/12\/Picture8.png\" alt=\"Picture8\" \/><\/figure><\/div><div class=\"swiper-slide\" role=\"group\" aria-roledescription=\"slide\" aria-label=\"2 \u0438\u0437 4\"><figure class=\"swiper-slide-inner\"><img decoding=\"async\" class=\"swiper-slide-image\" src=\"https:\/\/nazomarin.md\/wp-content\/uploads\/2024\/12\/Picture7.png\" alt=\"Picture7\" \/><\/figure><\/div><div class=\"swiper-slide\" role=\"group\" aria-roledescription=\"slide\" aria-label=\"3 \u0438\u0437 4\"><figure class=\"swiper-slide-inner\"><img decoding=\"async\" class=\"swiper-slide-image\" src=\"https:\/\/nazomarin.md\/wp-content\/uploads\/2024\/12\/Picture6.png\" alt=\"Picture6\" \/><\/figure><\/div><div class=\"swiper-slide\" role=\"group\" aria-roledescription=\"slide\" aria-label=\"4 \u0438\u0437 4\"><figure class=\"swiper-slide-inner\"><img decoding=\"async\" class=\"swiper-slide-image\" src=\"https:\/\/nazomarin.md\/wp-content\/uploads\/2025\/02\/Untitled-2.png\" alt=\"Untitled-2\" \/><\/figure><\/div>\t\t\t<\/div>\n\t\t\t\t\t\t\t\t\t\t\t\t<div class=\"elementor-swiper-button elementor-swiper-button-prev\" role=\"button\" tabindex=\"0\">\n\t\t\t\t\t\t<svg aria-hidden=\"true\" class=\"e-font-icon-svg e-eicon-chevron-left\" viewBox=\"0 0 1000 1000\" xmlns=\"http:\/\/www.w3.org\/2000\/svg\"><path d=\"M646 125C629 125 613 133 604 142L308 442C296 454 292 471 292 487 292 504 296 521 308 533L604 854C617 867 629 875 646 875 663 875 679 871 692 858 704 846 713 829 713 812 713 796 708 779 692 767L438 487 692 225C700 217 708 204 708 187 708 171 704 154 692 142 675 129 663 125 646 125Z\"><\/path><\/svg>\t\t\t\t\t<\/div>\n\t\t\t\t\t<div class=\"elementor-swiper-button elementor-swiper-button-next\" role=\"button\" tabindex=\"0\">\n\t\t\t\t\t\t<svg aria-hidden=\"true\" class=\"e-font-icon-svg e-eicon-chevron-right\" viewBox=\"0 0 1000 1000\" xmlns=\"http:\/\/www.w3.org\/2000\/svg\"><path d=\"M696 533C708 521 713 504 713 487 713 471 708 454 696 446L400 146C388 133 375 125 354 125 338 125 325 129 313 142 300 154 292 171 292 187 292 204 296 221 308 233L563 492 304 771C292 783 288 800 288 817 288 833 296 850 308 863 321 871 338 875 354 875 371 875 388 867 400 854L696 533Z\"><\/path><\/svg>\t\t\t\t\t<\/div>\n\t\t\t\t\n\t\t\t\t\t\t\t\t\t<div class=\"swiper-pagination\"><\/div>\n\t\t\t\t\t\t\t\t\t<\/div>\n\t\t\t\t\t\t<\/div>\n\t\t\t\t<\/div>\n\t\t\t\t<div class=\"elementor-element elementor-element-8a9f501 elementor-widget elementor-widget-heading\" data-id=\"8a9f501\" data-element_type=\"widget\" data-widget_type=\"heading.default\">\n\t\t\t\t<div class=\"elementor-widget-container\">\n\t\t\t\t\t<h4 class=\"elementor-heading-title elementor-size-default\">Nazomarin\u00ae Ap\u0103 de Mare p\u0103streaz\u0103 propriet\u0103\u021bile vitale ale apei de mare naturale.<\/h4>\t\t\t\t<\/div>\n\t\t\t\t<\/div>\n\t\t\t\t<\/div>\n\t\t<div class=\"elementor-element elementor-element-a7af95e e-con-full e-flex e-con e-child\" data-id=\"a7af95e\" data-element_type=\"container\">\n\t\t\t\t<div class=\"elementor-element elementor-element-3ee1ed2 elementor-widget elementor-widget-heading\" data-id=\"3ee1ed2\" data-element_type=\"widget\" data-widget_type=\"heading.default\">\n\t\t\t\t<div class=\"elementor-widget-container\">\n\t\t\t\t\t<h1 class=\"elementor-heading-title elementor-size-default\">Prezentare Produs<\/h1>\t\t\t\t<\/div>\n\t\t\t\t<\/div>\n\t\t\t\t<div class=\"elementor-element elementor-element-ff02188 elementor-widget elementor-widget-video\" data-id=\"ff02188\" data-element_type=\"widget\" data-settings=\"{&quot;video_type&quot;:&quot;hosted&quot;,&quot;autoplay&quot;:&quot;yes&quot;,&quot;mute&quot;:&quot;yes&quot;,&quot;controls&quot;:&quot;yes&quot;}\" data-widget_type=\"video.default\">\n\t\t\t\t<div class=\"elementor-widget-container\">\n\t\t\t\t\t\t\t<div class=\"e-hosted-video elementor-wrapper elementor-open-inline\">\n\t\t\t\t\t<video class=\"elementor-video\" src=\"https:\/\/nazomarin.md\/wp-content\/uploads\/2025\/01\/WhatsApp-Video-2024-12-19-at-16.44.07_85969707.mp4\" autoplay=\"\" controls=\"\" muted=\"muted\" controlsList=\"nodownload\"><\/video>\n\t\t\t\t<\/div>\n\t\t\t\t\t\t<\/div>\n\t\t\t\t<\/div>\n\t\t\t\t<\/div>\n\t\t\t\t\t<\/div>\n\t\t\t\t<\/div>\n\t\t<div class=\"elementor-element elementor-element-f0456f6 e-con-full e-flex e-con e-parent\" data-id=\"f0456f6\" data-element_type=\"container\">\n\t\t<div class=\"elementor-element elementor-element-a8cefca e-con-full e-flex e-con e-child\" data-id=\"a8cefca\" data-element_type=\"container\">\n\t\t<div class=\"elementor-element elementor-element-8fb9045 e-con-full e-flex e-con e-child\" data-id=\"8fb9045\" data-element_type=\"container\">\n\t\t\t\t<div class=\"elementor-element elementor-element-b1cb878 elementor-widget elementor-widget-heading\" data-id=\"b1cb878\" data-element_type=\"widget\" data-widget_type=\"heading.default\">\n\t\t\t\t<div class=\"elementor-widget-container\">\n\t\t\t\t\t<h1 class=\"elementor-heading-title elementor-size-default\">Nazomarin\u00ae<\/h1>\t\t\t\t<\/div>\n\t\t\t\t<\/div>\n\t\t\t\t<div class=\"elementor-element elementor-element-8106954 elementor-widget-mobile__width-initial elementor-widget elementor-widget-heading\" data-id=\"8106954\" data-element_type=\"widget\" data-widget_type=\"heading.default\">\n\t\t\t\t<div class=\"elementor-widget-container\">\n\t\t\t\t\t<h2 class=\"elementor-heading-title elementor-size-default\">Pentru a preveni<\/h2>\t\t\t\t<\/div>\n\t\t\t\t<\/div>\n\t\t<div class=\"elementor-element elementor-element-05dde9f e-con-full e-flex e-con e-child\" data-id=\"05dde9f\" data-element_type=\"container\">\n\t\t\t\t<div class=\"elementor-element elementor-element-0b61243 color-scheme-inherit text-left elementor-widget elementor-widget-text-editor\" data-id=\"0b61243\" data-element_type=\"widget\" data-widget_type=\"text-editor.default\">\n\t\t\t\t<div class=\"elementor-widget-container\">\n\t\t\t\t\t\t\t\t\t<p>Include Nazomarin\u00ae \u00een rutina zilnic\u0103 de igien\u0103 nazal\u0103 pentru a preveni infec\u021biile respiratorii \u0219i a te proteja eficient<\/p>\t\t\t\t\t\t\t\t<\/div>\n\t\t\t\t<\/div>\n\t\t\t\t<div class=\"elementor-element elementor-element-593ceac elementor-widget elementor-widget-button\" data-id=\"593ceac\" data-element_type=\"widget\" data-widget_type=\"button.default\">\n\t\t\t\t<div class=\"elementor-widget-container\">\n\t\t\t\t\t\t\t\t\t<div class=\"elementor-button-wrapper\">\n\t\t\t\t\t<a class=\"elementor-button elementor-button-link elementor-size-sm\" href=\"\/sfaturi-de-ingrijire\/\">\n\t\t\t\t\t\t<span class=\"elementor-button-content-wrapper\">\n\t\t\t\t\t\t\t\t\t<span class=\"elementor-button-text\">Sfaturi pentru a preveni<\/span>\n\t\t\t\t\t<\/span>\n\t\t\t\t\t<\/a>\n\t\t\t\t<\/div>\n\t\t\t\t\t\t\t\t<\/div>\n\t\t\t\t<\/div>\n\t\t\t\t<\/div>\n\t\t\t\t<\/div>\n\t\t<div class=\"elementor-element elementor-element-b4274d7 e-con-full e-flex e-con e-child\" data-id=\"b4274d7\" data-element_type=\"container\">\n\t\t\t\t<div class=\"elementor-element elementor-element-bdd76f1 elementor-widget elementor-widget-image\" data-id=\"bdd76f1\" data-element_type=\"widget\" data-widget_type=\"image.default\">\n\t\t\t\t<div class=\"elementor-widget-container\">\n\t\t\t\t\t\t\t\t\t\t\t\t\t\t\t<img loading=\"lazy\" decoding=\"async\" width=\"730\" height=\"800\" src=\"https:\/\/nazomarin.md\/wp-content\/uploads\/2025\/02\/Picture1-730x800.png\" class=\"attachment-large size-large wp-image-26006\" alt=\"\" srcset=\"https:\/\/nazomarin.md\/wp-content\/uploads\/2025\/02\/Picture1-730x800.png 730w, https:\/\/nazomarin.md\/wp-content\/uploads\/2025\/02\/Picture1-274x300.png 274w, https:\/\/nazomarin.md\/wp-content\/uploads\/2025\/02\/Picture1-768x842.png 768w, https:\/\/nazomarin.md\/wp-content\/uploads\/2025\/02\/Picture1-11x12.png 11w, https:\/\/nazomarin.md\/wp-content\/uploads\/2025\/02\/Picture1-430x471.png 430w, https:\/\/nazomarin.md\/wp-content\/uploads\/2025\/02\/Picture1-700x767.png 700w, https:\/\/nazomarin.md\/wp-content\/uploads\/2025\/02\/Picture1-150x164.png 150w, https:\/\/nazomarin.md\/wp-content\/uploads\/2025\/02\/Picture1.png 773w\" sizes=\"(max-width: 730px) 100vw, 730px\" \/>\t\t\t\t\t\t\t\t\t\t\t\t\t\t\t<\/div>\n\t\t\t\t<\/div>\n\t\t\t\t<\/div>\n\t\t<div class=\"elementor-element elementor-element-93d6913 e-con-full e-flex e-con e-child\" data-id=\"93d6913\" data-element_type=\"container\">\n\t\t\t\t<div class=\"elementor-element elementor-element-019ca2c elementor-widget elementor-widget-heading\" data-id=\"019ca2c\" data-element_type=\"widget\" data-widget_type=\"heading.default\">\n\t\t\t\t<div class=\"elementor-widget-container\">\n\t\t\t\t\t<h1 class=\"elementor-heading-title elementor-size-default\">Nazomarin\u00ae<\/h1>\t\t\t\t<\/div>\n\t\t\t\t<\/div>\n\t\t\t\t<div class=\"elementor-element elementor-element-cad2b71 elementor-widget-mobile__width-initial elementor-widget elementor-widget-heading\" data-id=\"cad2b71\" data-element_type=\"widget\" data-widget_type=\"heading.default\">\n\t\t\t\t<div class=\"elementor-widget-container\">\n\t\t\t\t\t<h2 class=\"elementor-heading-title elementor-size-default\">Pentru a trata<\/h2>\t\t\t\t<\/div>\n\t\t\t\t<\/div>\n\t\t<div class=\"elementor-element elementor-element-51c5a1d e-con-full e-flex e-con e-child\" data-id=\"51c5a1d\" data-element_type=\"container\">\n\t\t\t\t<div class=\"elementor-element elementor-element-1186360 color-scheme-inherit text-left elementor-widget elementor-widget-text-editor\" data-id=\"1186360\" data-element_type=\"widget\" data-widget_type=\"text-editor.default\">\n\t\t\t\t<div class=\"elementor-widget-container\">\n\t\t\t\t\t\t\t\t\tTe confrun\u021bi cu nas \u00eenfundat sau care curge?<br>Nazomarin\u00ae amelioreaz\u0103 eficient simptomele r\u0103celii \u0219i alergiilor, oferindu-\u021bi o respira\u021bie mai u\u0219oar\u0103\t\t\t\t\t\t\t\t<\/div>\n\t\t\t\t<\/div>\n\t\t\t\t<div class=\"elementor-element elementor-element-5ecf1ca elementor-widget elementor-widget-button\" data-id=\"5ecf1ca\" data-element_type=\"widget\" data-widget_type=\"button.default\">\n\t\t\t\t<div class=\"elementor-widget-container\">\n\t\t\t\t\t\t\t\t\t<div class=\"elementor-button-wrapper\">\n\t\t\t\t\t<a class=\"elementor-button elementor-button-link elementor-size-sm\" href=\"\/tratament\/\">\n\t\t\t\t\t\t<span class=\"elementor-button-content-wrapper\">\n\t\t\t\t\t\t\t\t\t<span class=\"elementor-button-text\">Sfaturi pentru a trata<\/span>\n\t\t\t\t\t<\/span>\n\t\t\t\t\t<\/a>\n\t\t\t\t<\/div>\n\t\t\t\t\t\t\t\t<\/div>\n\t\t\t\t<\/div>\n\t\t\t\t<\/div>\n\t\t\t\t<\/div>\n\t\t\t\t<\/div>\n\t\t\t\t<\/div>\n\t\t\t\t<\/div>\n\t\t","protected":false},"excerpt":{"rendered":"<p>AP\u0102 OCEANIC\u0102 100% NATURAL\u0102 PENTRU O RESPIRA\u021aIE LIBER\u0102 Produsele Noastre NAZOMARIN\u00ae PENTRU Nou-n\u0103scu\u021bi, sugari \u0219i copii Gama de produse Nazomarin\u00ae<\/p>\n","protected":false},"author":1,"featured_media":0,"parent":0,"menu_order":0,"comment_status":"closed","ping_status":"closed","template":"","meta":{"footnotes":""},"class_list":["post-14591","page","type-page","status-publish","hentry"],"_links":{"self":[{"href":"https:\/\/nazomarin.md\/ro\/wp-json\/wp\/v2\/pages\/14591"}],"collection":[{"href":"https:\/\/nazomarin.md\/ro\/wp-json\/wp\/v2\/pages"}],"about":[{"href":"https:\/\/nazomarin.md\/ro\/wp-json\/wp\/v2\/types\/page"}],"author":[{"embeddable":true,"href":"https:\/\/nazomarin.md\/ro\/wp-json\/wp\/v2\/users\/1"}],"replies":[{"embeddable":true,"href":"https:\/\/nazomarin.md\/ro\/wp-json\/wp\/v2\/comments?post=14591"}],"version-history":[{"count":414,"href":"https:\/\/nazomarin.md\/ro\/wp-json\/wp\/v2\/pages\/14591\/revisions"}],"predecessor-version":[{"id":26573,"href":"https:\/\/nazomarin.md\/ro\/wp-json\/wp\/v2\/pages\/14591\/revisions\/26573"}],"wp:attachment":[{"href":"https:\/\/nazomarin.md\/ro\/wp-json\/wp\/v2\/media?parent=14591"}],"curies":[{"name":"wp","href":"https:\/\/api.w.org\/{rel}","templated":true}]}}